{"id":1763,"date":"2022-05-17T00:39:19","date_gmt":"2022-05-16T18:39:19","guid":{"rendered":"https:\/\/legacymexicanart.com\/?post_type=product&#038;p=1763"},"modified":"2023-09-01T00:26:49","modified_gmt":"2023-08-31T18:26:49","slug":"corazon-turquesa","status":"publish","type":"product","link":"https:\/\/legacymexicanart.com\/es_es\/product\/corazon-turquesa\/","title":{"rendered":"Coraz\u00f3n Turquesa"},"content":{"rendered":"<p>El Coraz\u00f3n Turquesa es un hermoso collar ajustable, tallado en madera de copal y pintado a mano con una gran precisi\u00f3n en los dibujos geom\u00e9tricos.<\/p>\n<p>El Coraz\u00f3n Turquesa, es ideal para obsequiar o bien para lucir su original dise\u00f1o de grecas y s\u00edmbolos prehisp\u00e1nicos.<\/p>\n<p>En Legacy Mexican Art colaboramos con artesanos que tienen una conciencia ecol\u00f3gica por lo que cada vez que cortan un \u00e1rbol, siembran m\u00e1s \u00e1rboles para mantener un equilibrio con el medio ambiente.<\/p>\n<p>Dimensiones: 4.5 x 4.5 x H.3 cm.<\/p>\n<p><em>Env\u00edo incluido a todo M\u00e9xico.<\/em><\/p>\n<p>Hecho en San Mart\u00edn Tilcajete, Oaxaca.<\/p>\n<p>&nbsp;<\/p>\n<p>&nbsp;<\/p>\n","protected":false},"excerpt":{"rendered":"<p><a href=\"mailto:contact@legacymexicanart.com?Subject=Mas%20info%20sku%ARZL10002%20\" target=\"_blank\" rel=\"noopener\"><br \/>\n<img decoding=\"async\" src=\"https:\/\/legacymexicanart.com\/wp-content\/uploads\/2021\/10\/email-Design.svg\" \/> M\u00e1s informaci\u00f3n del producto<br \/>\n<\/a><\/p>\n<p><em><strong>Env\u00edo incluido a todo M\u00e9xico.<\/strong><\/em><\/p>\n","protected":false},"featured_media":1764,"comment_status":"open","ping_status":"closed","template":"","meta":[],"product_cat":[199,201],"product_tag":[218,370,372,131,236,259,368,367,371,70,244,376,369],"yoast_head":"<!-- This site is optimized with the Yoast SEO plugin v22.6 - https:\/\/yoast.com\/wordpress\/plugins\/seo\/ -->\n<title>Coraz\u00f3n Turquesa &#187;<\/title>\n<meta name=\"description\" content=\"El Coraz\u00f3n Turquesa es un hermoso collar ajustable, tallado en madera de copal y pintado a mano con una gran precisi\u00f3n en los dibujos.\" \/>\n<meta name=\"robots\" content=\"index, follow, max-snippet:-1, max-image-preview:large, max-video-preview:-1\" \/>\n<link rel=\"canonical\" href=\"https:\/\/legacymexicanart.com\/es_es\/product\/corazon-turquesa\/\" \/>\n<meta property=\"og:locale\" content=\"es_ES\" \/>\n<meta property=\"og:type\" content=\"article\" \/>\n<meta property=\"og:title\" content=\"Coraz\u00f3n Turquesa &#187;\" \/>\n<meta property=\"og:description\" content=\"El Coraz\u00f3n Turquesa es un hermoso collar ajustable, tallado en madera de copal y pintado a mano con una gran precisi\u00f3n en los dibujos.\" \/>\n<meta property=\"og:url\" content=\"https:\/\/legacymexicanart.com\/es_es\/product\/corazon-turquesa\/\" \/>\n<meta property=\"article:modified_time\" content=\"2023-08-31T18:26:49+00:00\" \/>\n<meta property=\"og:image\" content=\"https:\/\/legacymexicanart.com\/wp-content\/uploads\/2022\/05\/Corazon-Turquesa-scaled.jpg\" \/>\n\t<meta property=\"og:image:width\" content=\"1920\" \/>\n\t<meta property=\"og:image:height\" content=\"2560\" \/>\n\t<meta property=\"og:image:type\" content=\"image\/jpeg\" \/>\n<meta name=\"twitter:card\" content=\"summary_large_image\" \/>\n<meta name=\"twitter:label1\" content=\"Tiempo de lectura\" \/>\n\t<meta name=\"twitter:data1\" content=\"1 minuto\" \/>\n<script type=\"application\/ld+json\" class=\"yoast-schema-graph\">{\"@context\":\"https:\/\/schema.org\",\"@graph\":[{\"@type\":\"WebPage\",\"@id\":\"https:\/\/legacymexicanart.com\/product\/corazon-turquesa\/\",\"url\":\"https:\/\/legacymexicanart.com\/product\/corazon-turquesa\/\",\"name\":\"Coraz\u00f3n Turquesa &#187;\",\"isPartOf\":{\"@id\":\"https:\/\/legacymexicanart.com\/#website\"},\"primaryImageOfPage\":{\"@id\":\"https:\/\/legacymexicanart.com\/product\/corazon-turquesa\/#primaryimage\"},\"image\":{\"@id\":\"https:\/\/legacymexicanart.com\/product\/corazon-turquesa\/#primaryimage\"},\"thumbnailUrl\":\"https:\/\/legacymexicanart.com\/wp-content\/uploads\/2022\/05\/Corazon-Turquesa-scaled.jpg\",\"datePublished\":\"2022-05-16T18:39:19+00:00\",\"dateModified\":\"2023-08-31T18:26:49+00:00\",\"description\":\"El Coraz\u00f3n Turquesa es un hermoso collar ajustable, tallado en madera de copal y pintado a mano con una gran precisi\u00f3n en los dibujos.\",\"breadcrumb\":{\"@id\":\"https:\/\/legacymexicanart.com\/product\/corazon-turquesa\/#breadcrumb\"},\"inLanguage\":\"es\",\"potentialAction\":[{\"@type\":\"ReadAction\",\"target\":[\"https:\/\/legacymexicanart.com\/product\/corazon-turquesa\/\"]}]},{\"@type\":\"ImageObject\",\"inLanguage\":\"es\",\"@id\":\"https:\/\/legacymexicanart.com\/product\/corazon-turquesa\/#primaryimage\",\"url\":\"https:\/\/legacymexicanart.com\/wp-content\/uploads\/2022\/05\/Corazon-Turquesa-scaled.jpg\",\"contentUrl\":\"https:\/\/legacymexicanart.com\/wp-content\/uploads\/2022\/05\/Corazon-Turquesa-scaled.jpg\",\"width\":1920,\"height\":2560},{\"@type\":\"BreadcrumbList\",\"@id\":\"https:\/\/legacymexicanart.com\/product\/corazon-turquesa\/#breadcrumb\",\"itemListElement\":[{\"@type\":\"ListItem\",\"position\":1,\"name\":\"Portada\",\"item\":\"https:\/\/legacymexicanart.com\/\"},{\"@type\":\"ListItem\",\"position\":2,\"name\":\"Shop\",\"item\":\"https:\/\/legacymexicanart.com\/es_es\/shop\/\"},{\"@type\":\"ListItem\",\"position\":3,\"name\":\"Coraz\u00f3n Turquesa\"}]},{\"@type\":\"WebSite\",\"@id\":\"https:\/\/legacymexicanart.com\/#website\",\"url\":\"https:\/\/legacymexicanart.com\/\",\"name\":\"\",\"description\":\"Legacy Mexican Art\",\"publisher\":{\"@id\":\"https:\/\/legacymexicanart.com\/#organization\"},\"potentialAction\":[{\"@type\":\"SearchAction\",\"target\":{\"@type\":\"EntryPoint\",\"urlTemplate\":\"https:\/\/legacymexicanart.com\/?s={search_term_string}\"},\"query-input\":\"required name=search_term_string\"}],\"inLanguage\":\"es\"},{\"@type\":\"Organization\",\"@id\":\"https:\/\/legacymexicanart.com\/#organization\",\"name\":\"Legacy Mexican Art\",\"url\":\"https:\/\/legacymexicanart.com\/\",\"logo\":{\"@type\":\"ImageObject\",\"inLanguage\":\"es\",\"@id\":\"https:\/\/legacymexicanart.com\/#\/schema\/logo\/image\/\",\"url\":\"\",\"contentUrl\":\"\",\"caption\":\"Legacy Mexican Art\"},\"image\":{\"@id\":\"https:\/\/legacymexicanart.com\/#\/schema\/logo\/image\/\"}}]}<\/script>\n<!-- \/ Yoast SEO plugin. -->","yoast_head_json":{"title":"Coraz\u00f3n Turquesa &#187;","description":"El Coraz\u00f3n Turquesa es un hermoso collar ajustable, tallado en madera de copal y pintado a mano con una gran precisi\u00f3n en los dibujos.","robots":{"index":"index","follow":"follow","max-snippet":"max-snippet:-1","max-image-preview":"max-image-preview:large","max-video-preview":"max-video-preview:-1"},"canonical":"https:\/\/legacymexicanart.com\/es_es\/product\/corazon-turquesa\/","og_locale":"es_ES","og_type":"article","og_title":"Coraz\u00f3n Turquesa &#187;","og_description":"El Coraz\u00f3n Turquesa es un hermoso collar ajustable, tallado en madera de copal y pintado a mano con una gran precisi\u00f3n en los dibujos.","og_url":"https:\/\/legacymexicanart.com\/es_es\/product\/corazon-turquesa\/","article_modified_time":"2023-08-31T18:26:49+00:00","og_image":[{"width":1920,"height":2560,"url":"https:\/\/legacymexicanart.com\/wp-content\/uploads\/2022\/05\/Corazon-Turquesa-scaled.jpg","type":"image\/jpeg"}],"twitter_card":"summary_large_image","twitter_misc":{"Tiempo de lectura":"1 minuto"},"schema":{"@context":"https:\/\/schema.org","@graph":[{"@type":"WebPage","@id":"https:\/\/legacymexicanart.com\/product\/corazon-turquesa\/","url":"https:\/\/legacymexicanart.com\/product\/corazon-turquesa\/","name":"Coraz\u00f3n Turquesa &#187;","isPartOf":{"@id":"https:\/\/legacymexicanart.com\/#website"},"primaryImageOfPage":{"@id":"https:\/\/legacymexicanart.com\/product\/corazon-turquesa\/#primaryimage"},"image":{"@id":"https:\/\/legacymexicanart.com\/product\/corazon-turquesa\/#primaryimage"},"thumbnailUrl":"https:\/\/legacymexicanart.com\/wp-content\/uploads\/2022\/05\/Corazon-Turquesa-scaled.jpg","datePublished":"2022-05-16T18:39:19+00:00","dateModified":"2023-08-31T18:26:49+00:00","description":"El Coraz\u00f3n Turquesa es un hermoso collar ajustable, tallado en madera de copal y pintado a mano con una gran precisi\u00f3n en los dibujos.","breadcrumb":{"@id":"https:\/\/legacymexicanart.com\/product\/corazon-turquesa\/#breadcrumb"},"inLanguage":"es","potentialAction":[{"@type":"ReadAction","target":["https:\/\/legacymexicanart.com\/product\/corazon-turquesa\/"]}]},{"@type":"ImageObject","inLanguage":"es","@id":"https:\/\/legacymexicanart.com\/product\/corazon-turquesa\/#primaryimage","url":"https:\/\/legacymexicanart.com\/wp-content\/uploads\/2022\/05\/Corazon-Turquesa-scaled.jpg","contentUrl":"https:\/\/legacymexicanart.com\/wp-content\/uploads\/2022\/05\/Corazon-Turquesa-scaled.jpg","width":1920,"height":2560},{"@type":"BreadcrumbList","@id":"https:\/\/legacymexicanart.com\/product\/corazon-turquesa\/#breadcrumb","itemListElement":[{"@type":"ListItem","position":1,"name":"Portada","item":"https:\/\/legacymexicanart.com\/"},{"@type":"ListItem","position":2,"name":"Shop","item":"https:\/\/legacymexicanart.com\/es_es\/shop\/"},{"@type":"ListItem","position":3,"name":"Coraz\u00f3n Turquesa"}]},{"@type":"WebSite","@id":"https:\/\/legacymexicanart.com\/#website","url":"https:\/\/legacymexicanart.com\/","name":"","description":"Legacy Mexican Art","publisher":{"@id":"https:\/\/legacymexicanart.com\/#organization"},"potentialAction":[{"@type":"SearchAction","target":{"@type":"EntryPoint","urlTemplate":"https:\/\/legacymexicanart.com\/?s={search_term_string}"},"query-input":"required name=search_term_string"}],"inLanguage":"es"},{"@type":"Organization","@id":"https:\/\/legacymexicanart.com\/#organization","name":"Legacy Mexican Art","url":"https:\/\/legacymexicanart.com\/","logo":{"@type":"ImageObject","inLanguage":"es","@id":"https:\/\/legacymexicanart.com\/#\/schema\/logo\/image\/","url":"","contentUrl":"","caption":"Legacy Mexican Art"},"image":{"@id":"https:\/\/legacymexicanart.com\/#\/schema\/logo\/image\/"}}]}},"_links":{"self":[{"href":"https:\/\/legacymexicanart.com\/es_es\/wp-json\/wp\/v2\/product\/1763"}],"collection":[{"href":"https:\/\/legacymexicanart.com\/es_es\/wp-json\/wp\/v2\/product"}],"about":[{"href":"https:\/\/legacymexicanart.com\/es_es\/wp-json\/wp\/v2\/types\/product"}],"replies":[{"embeddable":true,"href":"https:\/\/legacymexicanart.com\/es_es\/wp-json\/wp\/v2\/comments?post=1763"}],"wp:featuredmedia":[{"embeddable":true,"href":"https:\/\/legacymexicanart.com\/es_es\/wp-json\/wp\/v2\/media\/1764"}],"wp:attachment":[{"href":"https:\/\/legacymexicanart.com\/es_es\/wp-json\/wp\/v2\/media?parent=1763"}],"wp:term":[{"taxonomy":"product_cat","embeddable":true,"href":"https:\/\/legacymexicanart.com\/es_es\/wp-json\/wp\/v2\/product_cat?post=1763"},{"taxonomy":"product_tag","embeddable":true,"href":"https:\/\/legacymexicanart.com\/es_es\/wp-json\/wp\/v2\/product_tag?post=1763"}],"curies":[{"name":"wp","href":"https:\/\/api.w.org\/{rel}","templated":true}]}}