{"id":1771,"date":"2022-06-28T02:28:26","date_gmt":"2022-06-27T20:28:26","guid":{"rendered":"https:\/\/legacymexicanart.com\/?post_type=product&#038;p=1771"},"modified":"2023-09-01T00:25:52","modified_gmt":"2023-08-31T18:25:52","slug":"vela-bouquet-de-flores","status":"publish","type":"product","link":"https:\/\/legacymexicanart.com\/es_es\/product\/vela-bouquet-de-flores\/","title":{"rendered":"Vela Bouquet de Flores"},"content":{"rendered":"<p>La vela Org\u00e1nica Bouquet de Flores, es elaborada artesanalmente con cera de abeja y tintes naturales.<\/p>\n<p>Ideal para obsequiar o para la decoraci\u00f3n del hogar.<\/p>\n<p>Encender la vela Bouquet de Flores es una agradable experiencia! Crea un ambiente libre de toxinas, gracias a que son realizadas con elementos naturales.<\/p>\n<p>Env\u00edo incluido a todo M\u00e9xico.<\/p>\n<p>Legado de Oaxaca<\/p>\n<p>Tradicionalmente en esta peque\u00f1a comunidad zapoteca de Teotitl\u00e1n del Valle, Oaxaca. Las parejas j\u00f3venes sal\u00edan en secreto y si alg\u00fan familiar se opon\u00eda o no aprobaba la relaci\u00f3n o la pareja para su hija, era y sigue siendo la costumbre de que el novio se robara a la novia y m\u00e1s tarde en un acto de reconciliaci\u00f3n con la familia, la pareja regresaba con regalos y acompa\u00f1ados por un anciano de la ciudad dispuesto a negociar la paz, los j\u00f3venes amantes encabezar\u00edan una caminata con familiares y amigos hasta la puerta de la casa de los padres de la novia, y todos llevar\u00edan las impresionantes velas que se conocen como \u2018velas tradicionales de concha\u2019 multicolores y que son famosas por esta tradici\u00f3n milenaria.<\/p>\n<p>Hechas con amor en Teotitl\u00e1n del Valle, Oaxaca.<\/p>\n<p>Di\u00e1m: 10 x H 25 cm.<\/p>\n<p><em>Env\u00edo incluido a todo M\u00e9xico<\/em><\/p>\n","protected":false},"excerpt":{"rendered":"<p><a href=\"mailto:contact@legacymexicanart.com?Subject=Mas%20info%20sku%SPVB003%20\" target=\"_blank\" rel=\"noopener\"><br \/>\n<img decoding=\"async\" src=\"https:\/\/legacymexicanart.com\/wp-content\/uploads\/2021\/10\/email-Design.svg\" \/> M\u00e1s informaci\u00f3n del producto<br \/>\n<\/a><\/p>\n<p><em><strong>Env\u00edo incluido a todo M\u00e9xico<\/strong>.<\/em><\/p>\n","protected":false},"featured_media":1772,"comment_status":"open","ping_status":"closed","template":"","meta":[],"product_cat":[18,189],"product_tag":[172,388,385,386,384,170,387,383],"yoast_head":"<!-- This site is optimized with the Yoast SEO plugin v22.6 - https:\/\/yoast.com\/wordpress\/plugins\/seo\/ -->\n<title>Vela Bouquet de Flores &#187;<\/title>\n<meta name=\"description\" content=\"La vela Org\u00e1nica con dise\u00f1o en Bouquet de Flores, es elaborada artesanalmente con cera de abeja y tintes naturales.\" \/>\n<meta name=\"robots\" content=\"index, follow, max-snippet:-1, max-image-preview:large, max-video-preview:-1\" \/>\n<link rel=\"canonical\" href=\"https:\/\/legacymexicanart.com\/es_es\/product\/vela-bouquet-de-flores\/\" \/>\n<meta property=\"og:locale\" content=\"es_ES\" \/>\n<meta property=\"og:type\" content=\"article\" \/>\n<meta property=\"og:title\" content=\"Vela Bouquet de Flores &#187;\" \/>\n<meta property=\"og:description\" content=\"La vela Org\u00e1nica con dise\u00f1o en Bouquet de Flores, es elaborada artesanalmente con cera de abeja y tintes naturales.\" \/>\n<meta property=\"og:url\" content=\"https:\/\/legacymexicanart.com\/es_es\/product\/vela-bouquet-de-flores\/\" \/>\n<meta property=\"article:modified_time\" content=\"2023-08-31T18:25:52+00:00\" \/>\n<meta property=\"og:image\" content=\"https:\/\/legacymexicanart.com\/wp-content\/uploads\/2022\/06\/20211210_120931-scaled.jpg\" \/>\n\t<meta property=\"og:image:width\" content=\"1920\" \/>\n\t<meta property=\"og:image:height\" content=\"2560\" \/>\n\t<meta property=\"og:image:type\" content=\"image\/jpeg\" \/>\n<meta name=\"twitter:card\" content=\"summary_large_image\" \/>\n<meta name=\"twitter:label1\" content=\"Tiempo de lectura\" \/>\n\t<meta name=\"twitter:data1\" content=\"1 minuto\" \/>\n<script type=\"application\/ld+json\" class=\"yoast-schema-graph\">{\"@context\":\"https:\/\/schema.org\",\"@graph\":[{\"@type\":\"WebPage\",\"@id\":\"https:\/\/legacymexicanart.com\/product\/vela-bouquet-de-flores\/\",\"url\":\"https:\/\/legacymexicanart.com\/product\/vela-bouquet-de-flores\/\",\"name\":\"Vela Bouquet de Flores &#187;\",\"isPartOf\":{\"@id\":\"https:\/\/legacymexicanart.com\/#website\"},\"primaryImageOfPage\":{\"@id\":\"https:\/\/legacymexicanart.com\/product\/vela-bouquet-de-flores\/#primaryimage\"},\"image\":{\"@id\":\"https:\/\/legacymexicanart.com\/product\/vela-bouquet-de-flores\/#primaryimage\"},\"thumbnailUrl\":\"https:\/\/legacymexicanart.com\/wp-content\/uploads\/2022\/06\/20211210_120931-scaled.jpg\",\"datePublished\":\"2022-06-27T20:28:26+00:00\",\"dateModified\":\"2023-08-31T18:25:52+00:00\",\"description\":\"La vela Org\u00e1nica con dise\u00f1o en Bouquet de Flores, es elaborada artesanalmente con cera de abeja y tintes naturales.\",\"breadcrumb\":{\"@id\":\"https:\/\/legacymexicanart.com\/product\/vela-bouquet-de-flores\/#breadcrumb\"},\"inLanguage\":\"es\",\"potentialAction\":[{\"@type\":\"ReadAction\",\"target\":[\"https:\/\/legacymexicanart.com\/product\/vela-bouquet-de-flores\/\"]}]},{\"@type\":\"ImageObject\",\"inLanguage\":\"es\",\"@id\":\"https:\/\/legacymexicanart.com\/product\/vela-bouquet-de-flores\/#primaryimage\",\"url\":\"https:\/\/legacymexicanart.com\/wp-content\/uploads\/2022\/06\/20211210_120931-scaled.jpg\",\"contentUrl\":\"https:\/\/legacymexicanart.com\/wp-content\/uploads\/2022\/06\/20211210_120931-scaled.jpg\",\"width\":1920,\"height\":2560},{\"@type\":\"BreadcrumbList\",\"@id\":\"https:\/\/legacymexicanart.com\/product\/vela-bouquet-de-flores\/#breadcrumb\",\"itemListElement\":[{\"@type\":\"ListItem\",\"position\":1,\"name\":\"Portada\",\"item\":\"https:\/\/legacymexicanart.com\/\"},{\"@type\":\"ListItem\",\"position\":2,\"name\":\"Shop\",\"item\":\"https:\/\/legacymexicanart.com\/es_es\/shop\/\"},{\"@type\":\"ListItem\",\"position\":3,\"name\":\"Vela Bouquet de Flores\"}]},{\"@type\":\"WebSite\",\"@id\":\"https:\/\/legacymexicanart.com\/#website\",\"url\":\"https:\/\/legacymexicanart.com\/\",\"name\":\"\",\"description\":\"Legacy Mexican Art\",\"publisher\":{\"@id\":\"https:\/\/legacymexicanart.com\/#organization\"},\"potentialAction\":[{\"@type\":\"SearchAction\",\"target\":{\"@type\":\"EntryPoint\",\"urlTemplate\":\"https:\/\/legacymexicanart.com\/?s={search_term_string}\"},\"query-input\":\"required name=search_term_string\"}],\"inLanguage\":\"es\"},{\"@type\":\"Organization\",\"@id\":\"https:\/\/legacymexicanart.com\/#organization\",\"name\":\"Legacy Mexican Art\",\"url\":\"https:\/\/legacymexicanart.com\/\",\"logo\":{\"@type\":\"ImageObject\",\"inLanguage\":\"es\",\"@id\":\"https:\/\/legacymexicanart.com\/#\/schema\/logo\/image\/\",\"url\":\"\",\"contentUrl\":\"\",\"caption\":\"Legacy Mexican Art\"},\"image\":{\"@id\":\"https:\/\/legacymexicanart.com\/#\/schema\/logo\/image\/\"}}]}<\/script>\n<!-- \/ Yoast SEO plugin. -->","yoast_head_json":{"title":"Vela Bouquet de Flores &#187;","description":"La vela Org\u00e1nica con dise\u00f1o en Bouquet de Flores, es elaborada artesanalmente con cera de abeja y tintes naturales.","robots":{"index":"index","follow":"follow","max-snippet":"max-snippet:-1","max-image-preview":"max-image-preview:large","max-video-preview":"max-video-preview:-1"},"canonical":"https:\/\/legacymexicanart.com\/es_es\/product\/vela-bouquet-de-flores\/","og_locale":"es_ES","og_type":"article","og_title":"Vela Bouquet de Flores &#187;","og_description":"La vela Org\u00e1nica con dise\u00f1o en Bouquet de Flores, es elaborada artesanalmente con cera de abeja y tintes naturales.","og_url":"https:\/\/legacymexicanart.com\/es_es\/product\/vela-bouquet-de-flores\/","article_modified_time":"2023-08-31T18:25:52+00:00","og_image":[{"width":1920,"height":2560,"url":"https:\/\/legacymexicanart.com\/wp-content\/uploads\/2022\/06\/20211210_120931-scaled.jpg","type":"image\/jpeg"}],"twitter_card":"summary_large_image","twitter_misc":{"Tiempo de lectura":"1 minuto"},"schema":{"@context":"https:\/\/schema.org","@graph":[{"@type":"WebPage","@id":"https:\/\/legacymexicanart.com\/product\/vela-bouquet-de-flores\/","url":"https:\/\/legacymexicanart.com\/product\/vela-bouquet-de-flores\/","name":"Vela Bouquet de Flores &#187;","isPartOf":{"@id":"https:\/\/legacymexicanart.com\/#website"},"primaryImageOfPage":{"@id":"https:\/\/legacymexicanart.com\/product\/vela-bouquet-de-flores\/#primaryimage"},"image":{"@id":"https:\/\/legacymexicanart.com\/product\/vela-bouquet-de-flores\/#primaryimage"},"thumbnailUrl":"https:\/\/legacymexicanart.com\/wp-content\/uploads\/2022\/06\/20211210_120931-scaled.jpg","datePublished":"2022-06-27T20:28:26+00:00","dateModified":"2023-08-31T18:25:52+00:00","description":"La vela Org\u00e1nica con dise\u00f1o en Bouquet de Flores, es elaborada artesanalmente con cera de abeja y tintes naturales.","breadcrumb":{"@id":"https:\/\/legacymexicanart.com\/product\/vela-bouquet-de-flores\/#breadcrumb"},"inLanguage":"es","potentialAction":[{"@type":"ReadAction","target":["https:\/\/legacymexicanart.com\/product\/vela-bouquet-de-flores\/"]}]},{"@type":"ImageObject","inLanguage":"es","@id":"https:\/\/legacymexicanart.com\/product\/vela-bouquet-de-flores\/#primaryimage","url":"https:\/\/legacymexicanart.com\/wp-content\/uploads\/2022\/06\/20211210_120931-scaled.jpg","contentUrl":"https:\/\/legacymexicanart.com\/wp-content\/uploads\/2022\/06\/20211210_120931-scaled.jpg","width":1920,"height":2560},{"@type":"BreadcrumbList","@id":"https:\/\/legacymexicanart.com\/product\/vela-bouquet-de-flores\/#breadcrumb","itemListElement":[{"@type":"ListItem","position":1,"name":"Portada","item":"https:\/\/legacymexicanart.com\/"},{"@type":"ListItem","position":2,"name":"Shop","item":"https:\/\/legacymexicanart.com\/es_es\/shop\/"},{"@type":"ListItem","position":3,"name":"Vela Bouquet de Flores"}]},{"@type":"WebSite","@id":"https:\/\/legacymexicanart.com\/#website","url":"https:\/\/legacymexicanart.com\/","name":"","description":"Legacy Mexican Art","publisher":{"@id":"https:\/\/legacymexicanart.com\/#organization"},"potentialAction":[{"@type":"SearchAction","target":{"@type":"EntryPoint","urlTemplate":"https:\/\/legacymexicanart.com\/?s={search_term_string}"},"query-input":"required name=search_term_string"}],"inLanguage":"es"},{"@type":"Organization","@id":"https:\/\/legacymexicanart.com\/#organization","name":"Legacy Mexican Art","url":"https:\/\/legacymexicanart.com\/","logo":{"@type":"ImageObject","inLanguage":"es","@id":"https:\/\/legacymexicanart.com\/#\/schema\/logo\/image\/","url":"","contentUrl":"","caption":"Legacy Mexican Art"},"image":{"@id":"https:\/\/legacymexicanart.com\/#\/schema\/logo\/image\/"}}]}},"_links":{"self":[{"href":"https:\/\/legacymexicanart.com\/es_es\/wp-json\/wp\/v2\/product\/1771"}],"collection":[{"href":"https:\/\/legacymexicanart.com\/es_es\/wp-json\/wp\/v2\/product"}],"about":[{"href":"https:\/\/legacymexicanart.com\/es_es\/wp-json\/wp\/v2\/types\/product"}],"replies":[{"embeddable":true,"href":"https:\/\/legacymexicanart.com\/es_es\/wp-json\/wp\/v2\/comments?post=1771"}],"wp:featuredmedia":[{"embeddable":true,"href":"https:\/\/legacymexicanart.com\/es_es\/wp-json\/wp\/v2\/media\/1772"}],"wp:attachment":[{"href":"https:\/\/legacymexicanart.com\/es_es\/wp-json\/wp\/v2\/media?parent=1771"}],"wp:term":[{"taxonomy":"product_cat","embeddable":true,"href":"https:\/\/legacymexicanart.com\/es_es\/wp-json\/wp\/v2\/product_cat?post=1771"},{"taxonomy":"product_tag","embeddable":true,"href":"https:\/\/legacymexicanart.com\/es_es\/wp-json\/wp\/v2\/product_tag?post=1771"}],"curies":[{"name":"wp","href":"https:\/\/api.w.org\/{rel}","templated":true}]}}