{"id":1813,"date":"2023-01-22T06:21:05","date_gmt":"2023-01-22T00:21:05","guid":{"rendered":"https:\/\/legacymexicanart.com\/?post_type=product&#038;p=1813"},"modified":"2025-07-02T04:47:33","modified_gmt":"2025-07-01T22:47:33","slug":"alebrije-elefante","status":"publish","type":"product","link":"https:\/\/legacymexicanart.com\/es_es\/product\/alebrije-elefante\/","title":{"rendered":"Alebrije Elefante"},"content":{"rendered":"<p>El alebrije Elefante es una pieza poderosa que simboliza la inteligencia y fortaleza.<\/p>\n<p>Disfruta de sus bellos colores pintados a mano con la delicadeza y destreza del artesano Gerardo Linares, nieto de Pedro Linares el aut\u00e9ntico creador de los alebrijes en M\u00e9xico.<\/p>\n<p>Para Legacy Mexican Art es muy importante dar a conocer el legado de nuestros<br \/>\nartistas y artesanos mexicanos, ya que los alebrijes aut\u00e9nticos son elaborados con la t\u00e9cnica de papel mach\u00e9, tambi\u00e9n conocida como cartoner\u00eda.<\/p>\n<p>Dimensiones: 22 x 22 x\u00a0 15 cm<\/p>\n<p>Env\u00edo incluido a todo M\u00e9xico.<\/p>\n<p><em>Legado de los Alebrijes<\/em><\/p>\n<p>Todo se remonta cu\u00e1ndo Pedro Linares enferm\u00f3 cayendo inconsciente y en sus alucinaciones so\u00f1\u00f3 con todos estos animales surrealistas llamados Alebrijes.<\/p>\n<p>En 1975, un documental sobre Pedro Linares de Judith Bronowski dio a conocer a los Alebrijes a nivel internacional.<\/p>\n<p>Actualmente su hijo David y su nieto Gerardo orgullosamente contin\u00faan con el legado familiar.<\/p>\n<p>Respetando el legado de la familia Linares con la creaci\u00f3n y nombre de los ALEBRIJES, de ahora en adelante en Legacy Mexican Art nos referiremos como tallas de madera, Tonas o Nahuales a las piezas procedentes de la ciudad de Oaxaca.<\/p>\n<p>&nbsp;<\/p>\n<p><a href=\"https:\/\/www.instagram.com\/p\/Cn2Y3X5vkTB\/?img_index=1\">https:\/\/www.instagram.com\/p\/Cn2Y3X5vkTB\/?img_index=1<\/a><\/p>\n<p><a href=\"https:\/\/legacymexicanart.com\/es_es\/product-category\/decoracion\/alebrijes\/\">https:\/\/legacymexicanart.com\/es_es\/product-category\/decoracion\/alebrijes\/<\/a><\/p>\n","protected":false},"excerpt":{"rendered":"<p><a href=\"mailto:contact@legacymexicanart.com?Subject=Mas%20info%20sku%20GLIN0100%20\" target=\"_blank\" rel=\"noopener\"><br \/>\n<img decoding=\"async\" src=\"https:\/\/legacymexicanart.com\/wp-content\/uploads\/2021\/10\/email-Design.svg\" \/> M\u00e1s informaci\u00f3n del producto<br \/>\n<\/a><\/p>\n<p><em><strong>Env\u00edo incluido a todo M\u00e9xico<\/strong><\/em><\/p>\n","protected":false},"featured_media":1905,"comment_status":"open","ping_status":"closed","template":"","meta":[],"product_cat":[18,192],"product_tag":[218,410,94,414,413,409,277,121,95,411,412],"yoast_head":"<!-- This site is optimized with the Yoast SEO plugin v22.6 - https:\/\/yoast.com\/wordpress\/plugins\/seo\/ -->\n<title>Alebrije Elefante &#187;<\/title>\n<meta name=\"description\" content=\"El alebrije Elefante es una pieza poderosa que simboliza la inteligencia y fortaleza. Hecho en papel mache por la familia Linares.\" \/>\n<meta name=\"robots\" content=\"index, follow, max-snippet:-1, max-image-preview:large, max-video-preview:-1\" \/>\n<link rel=\"canonical\" href=\"https:\/\/legacymexicanart.com\/es_es\/product\/alebrije-elefante\/\" \/>\n<meta property=\"og:locale\" content=\"es_ES\" \/>\n<meta property=\"og:type\" content=\"article\" \/>\n<meta property=\"og:title\" content=\"Alebrije Elefante &#187;\" \/>\n<meta property=\"og:description\" content=\"El alebrije Elefante es una pieza poderosa que simboliza la inteligencia y fortaleza. Hecho en papel mache por la familia Linares.\" \/>\n<meta property=\"og:url\" content=\"https:\/\/legacymexicanart.com\/es_es\/product\/alebrije-elefante\/\" \/>\n<meta property=\"article:modified_time\" content=\"2025-07-01T22:47:33+00:00\" \/>\n<meta property=\"og:image\" content=\"https:\/\/legacymexicanart.com\/wp-content\/uploads\/2023\/01\/PhotoRoom-20230302_170823.jpg\" \/>\n\t<meta property=\"og:image:width\" content=\"1500\" \/>\n\t<meta property=\"og:image:height\" content=\"1829\" \/>\n\t<meta property=\"og:image:type\" content=\"image\/jpeg\" \/>\n<meta name=\"twitter:card\" content=\"summary_large_image\" \/>\n<meta name=\"twitter:label1\" content=\"Tiempo de lectura\" \/>\n\t<meta name=\"twitter:data1\" content=\"2 minutos\" \/>\n<script type=\"application\/ld+json\" class=\"yoast-schema-graph\">{\"@context\":\"https:\/\/schema.org\",\"@graph\":[{\"@type\":\"WebPage\",\"@id\":\"https:\/\/legacymexicanart.com\/product\/alebrije-elefante\/\",\"url\":\"https:\/\/legacymexicanart.com\/product\/alebrije-elefante\/\",\"name\":\"Alebrije Elefante &#187;\",\"isPartOf\":{\"@id\":\"https:\/\/legacymexicanart.com\/#website\"},\"primaryImageOfPage\":{\"@id\":\"https:\/\/legacymexicanart.com\/product\/alebrije-elefante\/#primaryimage\"},\"image\":{\"@id\":\"https:\/\/legacymexicanart.com\/product\/alebrije-elefante\/#primaryimage\"},\"thumbnailUrl\":\"https:\/\/legacymexicanart.com\/wp-content\/uploads\/2023\/01\/PhotoRoom-20230302_170823.jpg\",\"datePublished\":\"2023-01-22T00:21:05+00:00\",\"dateModified\":\"2025-07-01T22:47:33+00:00\",\"description\":\"El alebrije Elefante es una pieza poderosa que simboliza la inteligencia y fortaleza. Hecho en papel mache por la familia Linares.\",\"breadcrumb\":{\"@id\":\"https:\/\/legacymexicanart.com\/product\/alebrije-elefante\/#breadcrumb\"},\"inLanguage\":\"es\",\"potentialAction\":[{\"@type\":\"ReadAction\",\"target\":[\"https:\/\/legacymexicanart.com\/product\/alebrije-elefante\/\"]}]},{\"@type\":\"ImageObject\",\"inLanguage\":\"es\",\"@id\":\"https:\/\/legacymexicanart.com\/product\/alebrije-elefante\/#primaryimage\",\"url\":\"https:\/\/legacymexicanart.com\/wp-content\/uploads\/2023\/01\/PhotoRoom-20230302_170823.jpg\",\"contentUrl\":\"https:\/\/legacymexicanart.com\/wp-content\/uploads\/2023\/01\/PhotoRoom-20230302_170823.jpg\",\"width\":1500,\"height\":1829,\"caption\":\"Alebrije Elefante LMA\"},{\"@type\":\"BreadcrumbList\",\"@id\":\"https:\/\/legacymexicanart.com\/product\/alebrije-elefante\/#breadcrumb\",\"itemListElement\":[{\"@type\":\"ListItem\",\"position\":1,\"name\":\"Portada\",\"item\":\"https:\/\/legacymexicanart.com\/\"},{\"@type\":\"ListItem\",\"position\":2,\"name\":\"Shop\",\"item\":\"https:\/\/legacymexicanart.com\/es_es\/shop\/\"},{\"@type\":\"ListItem\",\"position\":3,\"name\":\"Alebrije Elefante\"}]},{\"@type\":\"WebSite\",\"@id\":\"https:\/\/legacymexicanart.com\/#website\",\"url\":\"https:\/\/legacymexicanart.com\/\",\"name\":\"\",\"description\":\"Legacy Mexican Art\",\"publisher\":{\"@id\":\"https:\/\/legacymexicanart.com\/#organization\"},\"potentialAction\":[{\"@type\":\"SearchAction\",\"target\":{\"@type\":\"EntryPoint\",\"urlTemplate\":\"https:\/\/legacymexicanart.com\/?s={search_term_string}\"},\"query-input\":\"required name=search_term_string\"}],\"inLanguage\":\"es\"},{\"@type\":\"Organization\",\"@id\":\"https:\/\/legacymexicanart.com\/#organization\",\"name\":\"Legacy Mexican Art\",\"url\":\"https:\/\/legacymexicanart.com\/\",\"logo\":{\"@type\":\"ImageObject\",\"inLanguage\":\"es\",\"@id\":\"https:\/\/legacymexicanart.com\/#\/schema\/logo\/image\/\",\"url\":\"\",\"contentUrl\":\"\",\"caption\":\"Legacy Mexican Art\"},\"image\":{\"@id\":\"https:\/\/legacymexicanart.com\/#\/schema\/logo\/image\/\"}}]}<\/script>\n<!-- \/ Yoast SEO plugin. -->","yoast_head_json":{"title":"Alebrije Elefante &#187;","description":"El alebrije Elefante es una pieza poderosa que simboliza la inteligencia y fortaleza. Hecho en papel mache por la familia Linares.","robots":{"index":"index","follow":"follow","max-snippet":"max-snippet:-1","max-image-preview":"max-image-preview:large","max-video-preview":"max-video-preview:-1"},"canonical":"https:\/\/legacymexicanart.com\/es_es\/product\/alebrije-elefante\/","og_locale":"es_ES","og_type":"article","og_title":"Alebrije Elefante &#187;","og_description":"El alebrije Elefante es una pieza poderosa que simboliza la inteligencia y fortaleza. Hecho en papel mache por la familia Linares.","og_url":"https:\/\/legacymexicanart.com\/es_es\/product\/alebrije-elefante\/","article_modified_time":"2025-07-01T22:47:33+00:00","og_image":[{"width":1500,"height":1829,"url":"https:\/\/legacymexicanart.com\/wp-content\/uploads\/2023\/01\/PhotoRoom-20230302_170823.jpg","type":"image\/jpeg"}],"twitter_card":"summary_large_image","twitter_misc":{"Tiempo de lectura":"2 minutos"},"schema":{"@context":"https:\/\/schema.org","@graph":[{"@type":"WebPage","@id":"https:\/\/legacymexicanart.com\/product\/alebrije-elefante\/","url":"https:\/\/legacymexicanart.com\/product\/alebrije-elefante\/","name":"Alebrije Elefante &#187;","isPartOf":{"@id":"https:\/\/legacymexicanart.com\/#website"},"primaryImageOfPage":{"@id":"https:\/\/legacymexicanart.com\/product\/alebrije-elefante\/#primaryimage"},"image":{"@id":"https:\/\/legacymexicanart.com\/product\/alebrije-elefante\/#primaryimage"},"thumbnailUrl":"https:\/\/legacymexicanart.com\/wp-content\/uploads\/2023\/01\/PhotoRoom-20230302_170823.jpg","datePublished":"2023-01-22T00:21:05+00:00","dateModified":"2025-07-01T22:47:33+00:00","description":"El alebrije Elefante es una pieza poderosa que simboliza la inteligencia y fortaleza. Hecho en papel mache por la familia Linares.","breadcrumb":{"@id":"https:\/\/legacymexicanart.com\/product\/alebrije-elefante\/#breadcrumb"},"inLanguage":"es","potentialAction":[{"@type":"ReadAction","target":["https:\/\/legacymexicanart.com\/product\/alebrije-elefante\/"]}]},{"@type":"ImageObject","inLanguage":"es","@id":"https:\/\/legacymexicanart.com\/product\/alebrije-elefante\/#primaryimage","url":"https:\/\/legacymexicanart.com\/wp-content\/uploads\/2023\/01\/PhotoRoom-20230302_170823.jpg","contentUrl":"https:\/\/legacymexicanart.com\/wp-content\/uploads\/2023\/01\/PhotoRoom-20230302_170823.jpg","width":1500,"height":1829,"caption":"Alebrije Elefante LMA"},{"@type":"BreadcrumbList","@id":"https:\/\/legacymexicanart.com\/product\/alebrije-elefante\/#breadcrumb","itemListElement":[{"@type":"ListItem","position":1,"name":"Portada","item":"https:\/\/legacymexicanart.com\/"},{"@type":"ListItem","position":2,"name":"Shop","item":"https:\/\/legacymexicanart.com\/es_es\/shop\/"},{"@type":"ListItem","position":3,"name":"Alebrije Elefante"}]},{"@type":"WebSite","@id":"https:\/\/legacymexicanart.com\/#website","url":"https:\/\/legacymexicanart.com\/","name":"","description":"Legacy Mexican Art","publisher":{"@id":"https:\/\/legacymexicanart.com\/#organization"},"potentialAction":[{"@type":"SearchAction","target":{"@type":"EntryPoint","urlTemplate":"https:\/\/legacymexicanart.com\/?s={search_term_string}"},"query-input":"required name=search_term_string"}],"inLanguage":"es"},{"@type":"Organization","@id":"https:\/\/legacymexicanart.com\/#organization","name":"Legacy Mexican Art","url":"https:\/\/legacymexicanart.com\/","logo":{"@type":"ImageObject","inLanguage":"es","@id":"https:\/\/legacymexicanart.com\/#\/schema\/logo\/image\/","url":"","contentUrl":"","caption":"Legacy Mexican Art"},"image":{"@id":"https:\/\/legacymexicanart.com\/#\/schema\/logo\/image\/"}}]}},"_links":{"self":[{"href":"https:\/\/legacymexicanart.com\/es_es\/wp-json\/wp\/v2\/product\/1813"}],"collection":[{"href":"https:\/\/legacymexicanart.com\/es_es\/wp-json\/wp\/v2\/product"}],"about":[{"href":"https:\/\/legacymexicanart.com\/es_es\/wp-json\/wp\/v2\/types\/product"}],"replies":[{"embeddable":true,"href":"https:\/\/legacymexicanart.com\/es_es\/wp-json\/wp\/v2\/comments?post=1813"}],"wp:featuredmedia":[{"embeddable":true,"href":"https:\/\/legacymexicanart.com\/es_es\/wp-json\/wp\/v2\/media\/1905"}],"wp:attachment":[{"href":"https:\/\/legacymexicanart.com\/es_es\/wp-json\/wp\/v2\/media?parent=1813"}],"wp:term":[{"taxonomy":"product_cat","embeddable":true,"href":"https:\/\/legacymexicanart.com\/es_es\/wp-json\/wp\/v2\/product_cat?post=1813"},{"taxonomy":"product_tag","embeddable":true,"href":"https:\/\/legacymexicanart.com\/es_es\/wp-json\/wp\/v2\/product_tag?post=1813"}],"curies":[{"name":"wp","href":"https:\/\/api.w.org\/{rel}","templated":true}]}}