{"id":1821,"date":"2023-01-27T01:57:39","date_gmt":"2023-01-26T19:57:39","guid":{"rendered":"https:\/\/legacymexicanart.com\/?post_type=product&#038;p=1821"},"modified":"2023-09-01T00:23:23","modified_gmt":"2023-08-31T18:23:23","slug":"florero-torcido-turquesa","status":"publish","type":"product","link":"https:\/\/legacymexicanart.com\/es_es\/product\/florero-torcido-turquesa\/","title":{"rendered":"Florero Torcido Turquesa"},"content":{"rendered":"<p>Florero torcido turquesa\u00a0 de alfarer\u00eda punteada, pintado a mano con detalles de la flor de Capula.<\/p>\n<p>Dimensiones: 6 x 6 x H 22 cm.<\/p>\n<p><em>Env\u00edo incluido a todo M\u00e9xico<\/em><\/p>\n<p>Legado de Michoac\u00e1n<\/p>\n<p>La familia Rosas llevan 45 a\u00f1os trabajando la t\u00e9cnica de alfarer\u00eda punteada en Michoac\u00e1n.<\/p>\n<p>Todo inicia con la recolecci\u00f3n de la materia prima, muelen la tierra, se cierne y se crea una mezcla entre dos tierras que son la roja y la blanca para dar firmeza a cada pieza.<\/p>\n<div dir=\"auto\">Despu\u00e9s se moldea la pieza y se perfecciona el dise\u00f1o que se desea crear para finalmente dejar secar al sol hasta que seque por completo el barro y estar\u00e1 lista para la parte final que es el decorado.<\/div>\n<div dir=\"auto\">Con gran paciencia los artesanos van decorando cada pieza con peque\u00f1os puntos dando forma a cualquier figura que su imaginaci\u00f3n desee.<\/div>\n<div dir=\"auto\">Para fijar los dise\u00f1os de sus figuras se mete al horno y el toque final es que se esmalta con un esmalte libre de plomo.<\/div>\n<div dir=\"auto\">El florero torcido turquesa, como ya mencionamos la pintura que se utiliza es libre de plomo, por lo que es una pieza que puedes utilizar con toda confianza.<\/div>\n<div dir=\"auto\"><\/div>\n<div dir=\"auto\">En Legacy Mexican Art apreciamos el valioso legado de nuestras ra\u00edces y cultura mexicanas haciendo colaboraciones con artesanos que aman su trabajo y que prestan especial atenci\u00f3n al detalle, es por ello que fomentamos el comercio justo y local con las comunidades ind\u00edgenas y artesanas de nuestro pa\u00eds.<\/div>\n<div dir=\"auto\"><\/div>\n<div dir=\"auto\"><a href=\"https:\/\/www.instagram.com\/p\/CWZdXN8jDD1\/\">https:\/\/www.instagram.com\/p\/CWZdXN8jDD1\/<\/a><\/div>\n<div dir=\"auto\"><a href=\"https:\/\/legacymexicanart.com\/wp-content\/uploads\/2021\/09\/Florero-turquesa-Legacymexicanart.png\">https:\/\/legacymexicanart.com\/wp-content\/uploads\/2021\/09\/Florero-turquesa-Legacymexicanart.png<\/a><\/div>\n","protected":false},"excerpt":{"rendered":"<p>Florero torcido turquesa\u00a0 de alfarer\u00eda punteada, pintado a mano con detalles de la flor de Capula. Dimensiones: 6 x 6 x H 22 cm. Env\u00edo incluido a todo M\u00e9xico Legado de Michoac\u00e1n La familia Rosas llevan 45 a\u00f1os trabajando la t\u00e9cnica de alfarer\u00eda punteada en Michoac\u00e1n. Todo inicia con la recolecci\u00f3n de la materia prima, &hellip;<\/p>\n<p class=\"read-more\"> <a class=\"\" href=\"https:\/\/legacymexicanart.com\/es_es\/product\/florero-torcido-turquesa\/\"> <span class=\"screen-reader-text\">Florero Torcido Turquesa<\/span> Leer m\u00e1s &raquo;<\/a><\/p>\n","protected":false},"featured_media":1039,"comment_status":"open","ping_status":"closed","template":"","meta":[],"product_cat":[18,186],"product_tag":[84,83,67,121,85],"yoast_head":"<!-- This site is optimized with the Yoast SEO plugin v22.6 - https:\/\/yoast.com\/wordpress\/plugins\/seo\/ -->\n<title>Florero Torcido Turquesa &#187;<\/title>\n<meta name=\"description\" content=\"Florero torcido turquesa\u00a0 de alfarer\u00eda punteada procedente del estado de Michoac\u00e1n, pintado a mano con detalles de la flor de Capula.\" \/>\n<meta name=\"robots\" content=\"index, follow, max-snippet:-1, max-image-preview:large, max-video-preview:-1\" \/>\n<link rel=\"canonical\" href=\"https:\/\/legacymexicanart.com\/es_es\/product\/florero-torcido-turquesa\/\" \/>\n<meta property=\"og:locale\" content=\"es_ES\" \/>\n<meta property=\"og:type\" content=\"article\" \/>\n<meta property=\"og:title\" content=\"Florero Torcido Turquesa &#187;\" \/>\n<meta property=\"og:description\" content=\"Florero torcido turquesa\u00a0 de alfarer\u00eda punteada procedente del estado de Michoac\u00e1n, pintado a mano con detalles de la flor de Capula.\" \/>\n<meta property=\"og:url\" content=\"https:\/\/legacymexicanart.com\/es_es\/product\/florero-torcido-turquesa\/\" \/>\n<meta property=\"article:modified_time\" content=\"2023-08-31T18:23:23+00:00\" \/>\n<meta property=\"og:image\" content=\"https:\/\/legacymexicanart.com\/wp-content\/uploads\/2021\/09\/20210901_122456-PhotoRoom.png\" \/>\n\t<meta property=\"og:image:width\" content=\"280\" \/>\n\t<meta property=\"og:image:height\" content=\"576\" \/>\n\t<meta property=\"og:image:type\" content=\"image\/png\" \/>\n<meta name=\"twitter:card\" content=\"summary_large_image\" \/>\n<meta name=\"twitter:label1\" content=\"Tiempo de lectura\" \/>\n\t<meta name=\"twitter:data1\" content=\"2 minutos\" \/>\n<script type=\"application\/ld+json\" class=\"yoast-schema-graph\">{\"@context\":\"https:\/\/schema.org\",\"@graph\":[{\"@type\":\"WebPage\",\"@id\":\"https:\/\/legacymexicanart.com\/product\/florero-torcido-turquesa\/\",\"url\":\"https:\/\/legacymexicanart.com\/product\/florero-torcido-turquesa\/\",\"name\":\"Florero Torcido Turquesa &#187;\",\"isPartOf\":{\"@id\":\"https:\/\/legacymexicanart.com\/#website\"},\"primaryImageOfPage\":{\"@id\":\"https:\/\/legacymexicanart.com\/product\/florero-torcido-turquesa\/#primaryimage\"},\"image\":{\"@id\":\"https:\/\/legacymexicanart.com\/product\/florero-torcido-turquesa\/#primaryimage\"},\"thumbnailUrl\":\"https:\/\/legacymexicanart.com\/wp-content\/uploads\/2021\/09\/20210901_122456-PhotoRoom.png\",\"datePublished\":\"2023-01-26T19:57:39+00:00\",\"dateModified\":\"2023-08-31T18:23:23+00:00\",\"description\":\"Florero torcido turquesa\u00a0 de alfarer\u00eda punteada procedente del estado de Michoac\u00e1n, pintado a mano con detalles de la flor de Capula.\",\"breadcrumb\":{\"@id\":\"https:\/\/legacymexicanart.com\/product\/florero-torcido-turquesa\/#breadcrumb\"},\"inLanguage\":\"es\",\"potentialAction\":[{\"@type\":\"ReadAction\",\"target\":[\"https:\/\/legacymexicanart.com\/product\/florero-torcido-turquesa\/\"]}]},{\"@type\":\"ImageObject\",\"inLanguage\":\"es\",\"@id\":\"https:\/\/legacymexicanart.com\/product\/florero-torcido-turquesa\/#primaryimage\",\"url\":\"https:\/\/legacymexicanart.com\/wp-content\/uploads\/2021\/09\/20210901_122456-PhotoRoom.png\",\"contentUrl\":\"https:\/\/legacymexicanart.com\/wp-content\/uploads\/2021\/09\/20210901_122456-PhotoRoom.png\",\"width\":280,\"height\":576},{\"@type\":\"BreadcrumbList\",\"@id\":\"https:\/\/legacymexicanart.com\/product\/florero-torcido-turquesa\/#breadcrumb\",\"itemListElement\":[{\"@type\":\"ListItem\",\"position\":1,\"name\":\"Portada\",\"item\":\"https:\/\/legacymexicanart.com\/\"},{\"@type\":\"ListItem\",\"position\":2,\"name\":\"Shop\",\"item\":\"https:\/\/legacymexicanart.com\/es_es\/shop\/\"},{\"@type\":\"ListItem\",\"position\":3,\"name\":\"Florero Torcido Turquesa\"}]},{\"@type\":\"WebSite\",\"@id\":\"https:\/\/legacymexicanart.com\/#website\",\"url\":\"https:\/\/legacymexicanart.com\/\",\"name\":\"\",\"description\":\"Legacy Mexican Art\",\"publisher\":{\"@id\":\"https:\/\/legacymexicanart.com\/#organization\"},\"potentialAction\":[{\"@type\":\"SearchAction\",\"target\":{\"@type\":\"EntryPoint\",\"urlTemplate\":\"https:\/\/legacymexicanart.com\/?s={search_term_string}\"},\"query-input\":\"required name=search_term_string\"}],\"inLanguage\":\"es\"},{\"@type\":\"Organization\",\"@id\":\"https:\/\/legacymexicanart.com\/#organization\",\"name\":\"Legacy Mexican Art\",\"url\":\"https:\/\/legacymexicanart.com\/\",\"logo\":{\"@type\":\"ImageObject\",\"inLanguage\":\"es\",\"@id\":\"https:\/\/legacymexicanart.com\/#\/schema\/logo\/image\/\",\"url\":\"\",\"contentUrl\":\"\",\"caption\":\"Legacy Mexican Art\"},\"image\":{\"@id\":\"https:\/\/legacymexicanart.com\/#\/schema\/logo\/image\/\"}}]}<\/script>\n<!-- \/ Yoast SEO plugin. -->","yoast_head_json":{"title":"Florero Torcido Turquesa &#187;","description":"Florero torcido turquesa\u00a0 de alfarer\u00eda punteada procedente del estado de Michoac\u00e1n, pintado a mano con detalles de la flor de Capula.","robots":{"index":"index","follow":"follow","max-snippet":"max-snippet:-1","max-image-preview":"max-image-preview:large","max-video-preview":"max-video-preview:-1"},"canonical":"https:\/\/legacymexicanart.com\/es_es\/product\/florero-torcido-turquesa\/","og_locale":"es_ES","og_type":"article","og_title":"Florero Torcido Turquesa &#187;","og_description":"Florero torcido turquesa\u00a0 de alfarer\u00eda punteada procedente del estado de Michoac\u00e1n, pintado a mano con detalles de la flor de Capula.","og_url":"https:\/\/legacymexicanart.com\/es_es\/product\/florero-torcido-turquesa\/","article_modified_time":"2023-08-31T18:23:23+00:00","og_image":[{"width":280,"height":576,"url":"https:\/\/legacymexicanart.com\/wp-content\/uploads\/2021\/09\/20210901_122456-PhotoRoom.png","type":"image\/png"}],"twitter_card":"summary_large_image","twitter_misc":{"Tiempo de lectura":"2 minutos"},"schema":{"@context":"https:\/\/schema.org","@graph":[{"@type":"WebPage","@id":"https:\/\/legacymexicanart.com\/product\/florero-torcido-turquesa\/","url":"https:\/\/legacymexicanart.com\/product\/florero-torcido-turquesa\/","name":"Florero Torcido Turquesa &#187;","isPartOf":{"@id":"https:\/\/legacymexicanart.com\/#website"},"primaryImageOfPage":{"@id":"https:\/\/legacymexicanart.com\/product\/florero-torcido-turquesa\/#primaryimage"},"image":{"@id":"https:\/\/legacymexicanart.com\/product\/florero-torcido-turquesa\/#primaryimage"},"thumbnailUrl":"https:\/\/legacymexicanart.com\/wp-content\/uploads\/2021\/09\/20210901_122456-PhotoRoom.png","datePublished":"2023-01-26T19:57:39+00:00","dateModified":"2023-08-31T18:23:23+00:00","description":"Florero torcido turquesa\u00a0 de alfarer\u00eda punteada procedente del estado de Michoac\u00e1n, pintado a mano con detalles de la flor de Capula.","breadcrumb":{"@id":"https:\/\/legacymexicanart.com\/product\/florero-torcido-turquesa\/#breadcrumb"},"inLanguage":"es","potentialAction":[{"@type":"ReadAction","target":["https:\/\/legacymexicanart.com\/product\/florero-torcido-turquesa\/"]}]},{"@type":"ImageObject","inLanguage":"es","@id":"https:\/\/legacymexicanart.com\/product\/florero-torcido-turquesa\/#primaryimage","url":"https:\/\/legacymexicanart.com\/wp-content\/uploads\/2021\/09\/20210901_122456-PhotoRoom.png","contentUrl":"https:\/\/legacymexicanart.com\/wp-content\/uploads\/2021\/09\/20210901_122456-PhotoRoom.png","width":280,"height":576},{"@type":"BreadcrumbList","@id":"https:\/\/legacymexicanart.com\/product\/florero-torcido-turquesa\/#breadcrumb","itemListElement":[{"@type":"ListItem","position":1,"name":"Portada","item":"https:\/\/legacymexicanart.com\/"},{"@type":"ListItem","position":2,"name":"Shop","item":"https:\/\/legacymexicanart.com\/es_es\/shop\/"},{"@type":"ListItem","position":3,"name":"Florero Torcido Turquesa"}]},{"@type":"WebSite","@id":"https:\/\/legacymexicanart.com\/#website","url":"https:\/\/legacymexicanart.com\/","name":"","description":"Legacy Mexican Art","publisher":{"@id":"https:\/\/legacymexicanart.com\/#organization"},"potentialAction":[{"@type":"SearchAction","target":{"@type":"EntryPoint","urlTemplate":"https:\/\/legacymexicanart.com\/?s={search_term_string}"},"query-input":"required name=search_term_string"}],"inLanguage":"es"},{"@type":"Organization","@id":"https:\/\/legacymexicanart.com\/#organization","name":"Legacy Mexican Art","url":"https:\/\/legacymexicanart.com\/","logo":{"@type":"ImageObject","inLanguage":"es","@id":"https:\/\/legacymexicanart.com\/#\/schema\/logo\/image\/","url":"","contentUrl":"","caption":"Legacy Mexican Art"},"image":{"@id":"https:\/\/legacymexicanart.com\/#\/schema\/logo\/image\/"}}]}},"_links":{"self":[{"href":"https:\/\/legacymexicanart.com\/es_es\/wp-json\/wp\/v2\/product\/1821"}],"collection":[{"href":"https:\/\/legacymexicanart.com\/es_es\/wp-json\/wp\/v2\/product"}],"about":[{"href":"https:\/\/legacymexicanart.com\/es_es\/wp-json\/wp\/v2\/types\/product"}],"replies":[{"embeddable":true,"href":"https:\/\/legacymexicanart.com\/es_es\/wp-json\/wp\/v2\/comments?post=1821"}],"wp:featuredmedia":[{"embeddable":true,"href":"https:\/\/legacymexicanart.com\/es_es\/wp-json\/wp\/v2\/media\/1039"}],"wp:attachment":[{"href":"https:\/\/legacymexicanart.com\/es_es\/wp-json\/wp\/v2\/media?parent=1821"}],"wp:term":[{"taxonomy":"product_cat","embeddable":true,"href":"https:\/\/legacymexicanart.com\/es_es\/wp-json\/wp\/v2\/product_cat?post=1821"},{"taxonomy":"product_tag","embeddable":true,"href":"https:\/\/legacymexicanart.com\/es_es\/wp-json\/wp\/v2\/product_tag?post=1821"}],"curies":[{"name":"wp","href":"https:\/\/api.w.org\/{rel}","templated":true}]}}