{"id":1897,"date":"2023-05-16T05:21:11","date_gmt":"2023-05-15T23:21:11","guid":{"rendered":"https:\/\/legacymexicanart.com\/?post_type=product&#038;p=1897"},"modified":"2024-01-31T07:02:52","modified_gmt":"2024-01-31T01:02:52","slug":"xoloitzcuintle","status":"publish","type":"product","link":"https:\/\/legacymexicanart.com\/es_es\/product\/xoloitzcuintle\/","title":{"rendered":"Xoloitzcuintle"},"content":{"rendered":"<p>El alebrije Xoloitzcuintle representa la creencia en tiempos prehisp\u00e1nicos, que estos bellos perros eran guardianes de los esp\u00edritus y guiaban a las almas de los muertos por el camino dif\u00edcil del Mictl\u00e1n, la ciudad de los muertos.<\/p>\n<p>La funci\u00f3n m\u00e1s importante que se cre\u00eda cumpl\u00edan los Xoloitzcuintles, era la de ayudar a pasar a las almas por un profundo y caudaloso rio que atraviesa la tierra de los muertos.<\/p>\n<p>Con la inspiraci\u00f3n del inframundo es c\u00f3mo se ha elaborado a mano este alebrije representado por el perro mexicano Xoloitzcuintle.<\/p>\n<p>Disfruta de sus bellos colores pintados a mano con la delicadeza y destreza del artesano Gerardo Linares, nieto de Pedro Linares el aut\u00e9ntico creador de los alebrijes en M\u00e9xico.<\/p>\n<p>Para Legacy Mexican Art es muy importante dar a conocer el legado de nuestros<br \/>\nartistas y artesanos mexicanos, ya que los alebrijes aut\u00e9nticos son elaborados con la t\u00e9cnica de papel mach\u00e9, tambi\u00e9n conocida como cartoner\u00eda.<\/p>\n<p>Dimensiones: Altura aprox.\u00a0 30 cm<\/p>\n<p>El alebrije se entrega con certificado de autenticidad y viene firmado por el artista.<\/p>\n<p>Env\u00edo incluido a todo M\u00e9xico.<\/p>\n<p><em>Legado de los Alebrijes<\/em><\/p>\n<p>Respetando el legado de la familia Linares con la creaci\u00f3n y nombre de los ALEBRIJES, de ahora en adelante en Legacy Mexican Art nos referiremos como tallas de madera, Tonas o Nahuales a las piezas procedentes de la ciudad de Oaxaca.<\/p>\n","protected":false},"excerpt":{"rendered":"<p><a href=\"mailto:contact@legacymexicanart.com?Subject=Mas%20info%20sku%20GLIN0103%20\" target=\"_blank\" rel=\"noopener\"><br \/>\n<img decoding=\"async\" src=\"https:\/\/legacymexicanart.com\/wp-content\/uploads\/2021\/10\/email-Design.svg\" \/> M\u00e1s informaci\u00f3n del producto<br \/>\n<\/a><\/p>\n<p><em><strong>Env\u00edo incluido a todo M\u00e9xico<\/strong><\/em><\/p>\n","protected":false},"featured_media":1898,"comment_status":"open","ping_status":"closed","template":"","meta":[],"product_cat":[18,192],"product_tag":[218,413,177,421,412,420],"yoast_head":"<!-- This site is optimized with the Yoast SEO plugin v22.6 - https:\/\/yoast.com\/wordpress\/plugins\/seo\/ -->\n<title>Xoloitzcuintle &#187;<\/title>\n<meta name=\"description\" content=\"El alebrije Xoloitzcuincle representa la creencia en tiempos prehisp\u00e1nicos, que estos perros guiaban a las almas de los muertos al Mictl\u00e1n.\" \/>\n<meta name=\"robots\" content=\"index, follow, max-snippet:-1, max-image-preview:large, max-video-preview:-1\" \/>\n<link rel=\"canonical\" href=\"https:\/\/legacymexicanart.com\/es_es\/product\/xoloitzcuintle\/\" \/>\n<meta property=\"og:locale\" content=\"es_ES\" \/>\n<meta property=\"og:type\" content=\"article\" \/>\n<meta property=\"og:title\" content=\"Xoloitzcuintle &#187;\" \/>\n<meta property=\"og:description\" content=\"El alebrije Xoloitzcuincle representa la creencia en tiempos prehisp\u00e1nicos, que estos perros guiaban a las almas de los muertos al Mictl\u00e1n.\" \/>\n<meta property=\"og:url\" content=\"https:\/\/legacymexicanart.com\/es_es\/product\/xoloitzcuintle\/\" \/>\n<meta property=\"article:modified_time\" content=\"2024-01-31T01:02:52+00:00\" \/>\n<meta property=\"og:image\" content=\"https:\/\/legacymexicanart.com\/wp-content\/uploads\/2023\/05\/Alebrije-Xolo.jpg\" \/>\n\t<meta property=\"og:image:width\" content=\"1153\" \/>\n\t<meta property=\"og:image:height\" content=\"1225\" \/>\n\t<meta property=\"og:image:type\" content=\"image\/jpeg\" \/>\n<meta name=\"twitter:card\" content=\"summary_large_image\" \/>\n<meta name=\"twitter:label1\" content=\"Tiempo de lectura\" \/>\n\t<meta name=\"twitter:data1\" content=\"2 minutos\" \/>\n<script type=\"application\/ld+json\" class=\"yoast-schema-graph\">{\"@context\":\"https:\/\/schema.org\",\"@graph\":[{\"@type\":\"WebPage\",\"@id\":\"https:\/\/legacymexicanart.com\/product\/xoloitzcuintle\/\",\"url\":\"https:\/\/legacymexicanart.com\/product\/xoloitzcuintle\/\",\"name\":\"Xoloitzcuintle &#187;\",\"isPartOf\":{\"@id\":\"https:\/\/legacymexicanart.com\/#website\"},\"primaryImageOfPage\":{\"@id\":\"https:\/\/legacymexicanart.com\/product\/xoloitzcuintle\/#primaryimage\"},\"image\":{\"@id\":\"https:\/\/legacymexicanart.com\/product\/xoloitzcuintle\/#primaryimage\"},\"thumbnailUrl\":\"https:\/\/legacymexicanart.com\/wp-content\/uploads\/2023\/05\/Alebrije-Xolo.jpg\",\"datePublished\":\"2023-05-15T23:21:11+00:00\",\"dateModified\":\"2024-01-31T01:02:52+00:00\",\"description\":\"El alebrije Xoloitzcuincle representa la creencia en tiempos prehisp\u00e1nicos, que estos perros guiaban a las almas de los muertos al Mictl\u00e1n.\",\"breadcrumb\":{\"@id\":\"https:\/\/legacymexicanart.com\/product\/xoloitzcuintle\/#breadcrumb\"},\"inLanguage\":\"es\",\"potentialAction\":[{\"@type\":\"ReadAction\",\"target\":[\"https:\/\/legacymexicanart.com\/product\/xoloitzcuintle\/\"]}]},{\"@type\":\"ImageObject\",\"inLanguage\":\"es\",\"@id\":\"https:\/\/legacymexicanart.com\/product\/xoloitzcuintle\/#primaryimage\",\"url\":\"https:\/\/legacymexicanart.com\/wp-content\/uploads\/2023\/05\/Alebrije-Xolo.jpg\",\"contentUrl\":\"https:\/\/legacymexicanart.com\/wp-content\/uploads\/2023\/05\/Alebrije-Xolo.jpg\",\"width\":1153,\"height\":1225},{\"@type\":\"BreadcrumbList\",\"@id\":\"https:\/\/legacymexicanart.com\/product\/xoloitzcuintle\/#breadcrumb\",\"itemListElement\":[{\"@type\":\"ListItem\",\"position\":1,\"name\":\"Portada\",\"item\":\"https:\/\/legacymexicanart.com\/\"},{\"@type\":\"ListItem\",\"position\":2,\"name\":\"Shop\",\"item\":\"https:\/\/legacymexicanart.com\/es_es\/shop\/\"},{\"@type\":\"ListItem\",\"position\":3,\"name\":\"Xoloitzcuintle\"}]},{\"@type\":\"WebSite\",\"@id\":\"https:\/\/legacymexicanart.com\/#website\",\"url\":\"https:\/\/legacymexicanart.com\/\",\"name\":\"\",\"description\":\"Legacy Mexican Art\",\"publisher\":{\"@id\":\"https:\/\/legacymexicanart.com\/#organization\"},\"potentialAction\":[{\"@type\":\"SearchAction\",\"target\":{\"@type\":\"EntryPoint\",\"urlTemplate\":\"https:\/\/legacymexicanart.com\/?s={search_term_string}\"},\"query-input\":\"required name=search_term_string\"}],\"inLanguage\":\"es\"},{\"@type\":\"Organization\",\"@id\":\"https:\/\/legacymexicanart.com\/#organization\",\"name\":\"Legacy Mexican Art\",\"url\":\"https:\/\/legacymexicanart.com\/\",\"logo\":{\"@type\":\"ImageObject\",\"inLanguage\":\"es\",\"@id\":\"https:\/\/legacymexicanart.com\/#\/schema\/logo\/image\/\",\"url\":\"\",\"contentUrl\":\"\",\"caption\":\"Legacy Mexican Art\"},\"image\":{\"@id\":\"https:\/\/legacymexicanart.com\/#\/schema\/logo\/image\/\"}}]}<\/script>\n<!-- \/ Yoast SEO plugin. -->","yoast_head_json":{"title":"Xoloitzcuintle &#187;","description":"El alebrije Xoloitzcuincle representa la creencia en tiempos prehisp\u00e1nicos, que estos perros guiaban a las almas de los muertos al Mictl\u00e1n.","robots":{"index":"index","follow":"follow","max-snippet":"max-snippet:-1","max-image-preview":"max-image-preview:large","max-video-preview":"max-video-preview:-1"},"canonical":"https:\/\/legacymexicanart.com\/es_es\/product\/xoloitzcuintle\/","og_locale":"es_ES","og_type":"article","og_title":"Xoloitzcuintle &#187;","og_description":"El alebrije Xoloitzcuincle representa la creencia en tiempos prehisp\u00e1nicos, que estos perros guiaban a las almas de los muertos al Mictl\u00e1n.","og_url":"https:\/\/legacymexicanart.com\/es_es\/product\/xoloitzcuintle\/","article_modified_time":"2024-01-31T01:02:52+00:00","og_image":[{"width":1153,"height":1225,"url":"https:\/\/legacymexicanart.com\/wp-content\/uploads\/2023\/05\/Alebrije-Xolo.jpg","type":"image\/jpeg"}],"twitter_card":"summary_large_image","twitter_misc":{"Tiempo de lectura":"2 minutos"},"schema":{"@context":"https:\/\/schema.org","@graph":[{"@type":"WebPage","@id":"https:\/\/legacymexicanart.com\/product\/xoloitzcuintle\/","url":"https:\/\/legacymexicanart.com\/product\/xoloitzcuintle\/","name":"Xoloitzcuintle &#187;","isPartOf":{"@id":"https:\/\/legacymexicanart.com\/#website"},"primaryImageOfPage":{"@id":"https:\/\/legacymexicanart.com\/product\/xoloitzcuintle\/#primaryimage"},"image":{"@id":"https:\/\/legacymexicanart.com\/product\/xoloitzcuintle\/#primaryimage"},"thumbnailUrl":"https:\/\/legacymexicanart.com\/wp-content\/uploads\/2023\/05\/Alebrije-Xolo.jpg","datePublished":"2023-05-15T23:21:11+00:00","dateModified":"2024-01-31T01:02:52+00:00","description":"El alebrije Xoloitzcuincle representa la creencia en tiempos prehisp\u00e1nicos, que estos perros guiaban a las almas de los muertos al Mictl\u00e1n.","breadcrumb":{"@id":"https:\/\/legacymexicanart.com\/product\/xoloitzcuintle\/#breadcrumb"},"inLanguage":"es","potentialAction":[{"@type":"ReadAction","target":["https:\/\/legacymexicanart.com\/product\/xoloitzcuintle\/"]}]},{"@type":"ImageObject","inLanguage":"es","@id":"https:\/\/legacymexicanart.com\/product\/xoloitzcuintle\/#primaryimage","url":"https:\/\/legacymexicanart.com\/wp-content\/uploads\/2023\/05\/Alebrije-Xolo.jpg","contentUrl":"https:\/\/legacymexicanart.com\/wp-content\/uploads\/2023\/05\/Alebrije-Xolo.jpg","width":1153,"height":1225},{"@type":"BreadcrumbList","@id":"https:\/\/legacymexicanart.com\/product\/xoloitzcuintle\/#breadcrumb","itemListElement":[{"@type":"ListItem","position":1,"name":"Portada","item":"https:\/\/legacymexicanart.com\/"},{"@type":"ListItem","position":2,"name":"Shop","item":"https:\/\/legacymexicanart.com\/es_es\/shop\/"},{"@type":"ListItem","position":3,"name":"Xoloitzcuintle"}]},{"@type":"WebSite","@id":"https:\/\/legacymexicanart.com\/#website","url":"https:\/\/legacymexicanart.com\/","name":"","description":"Legacy Mexican Art","publisher":{"@id":"https:\/\/legacymexicanart.com\/#organization"},"potentialAction":[{"@type":"SearchAction","target":{"@type":"EntryPoint","urlTemplate":"https:\/\/legacymexicanart.com\/?s={search_term_string}"},"query-input":"required name=search_term_string"}],"inLanguage":"es"},{"@type":"Organization","@id":"https:\/\/legacymexicanart.com\/#organization","name":"Legacy Mexican Art","url":"https:\/\/legacymexicanart.com\/","logo":{"@type":"ImageObject","inLanguage":"es","@id":"https:\/\/legacymexicanart.com\/#\/schema\/logo\/image\/","url":"","contentUrl":"","caption":"Legacy Mexican Art"},"image":{"@id":"https:\/\/legacymexicanart.com\/#\/schema\/logo\/image\/"}}]}},"_links":{"self":[{"href":"https:\/\/legacymexicanart.com\/es_es\/wp-json\/wp\/v2\/product\/1897"}],"collection":[{"href":"https:\/\/legacymexicanart.com\/es_es\/wp-json\/wp\/v2\/product"}],"about":[{"href":"https:\/\/legacymexicanart.com\/es_es\/wp-json\/wp\/v2\/types\/product"}],"replies":[{"embeddable":true,"href":"https:\/\/legacymexicanart.com\/es_es\/wp-json\/wp\/v2\/comments?post=1897"}],"wp:featuredmedia":[{"embeddable":true,"href":"https:\/\/legacymexicanart.com\/es_es\/wp-json\/wp\/v2\/media\/1898"}],"wp:attachment":[{"href":"https:\/\/legacymexicanart.com\/es_es\/wp-json\/wp\/v2\/media?parent=1897"}],"wp:term":[{"taxonomy":"product_cat","embeddable":true,"href":"https:\/\/legacymexicanart.com\/es_es\/wp-json\/wp\/v2\/product_cat?post=1897"},{"taxonomy":"product_tag","embeddable":true,"href":"https:\/\/legacymexicanart.com\/es_es\/wp-json\/wp\/v2\/product_tag?post=1897"}],"curies":[{"name":"wp","href":"https:\/\/api.w.org\/{rel}","templated":true}]}}