{"id":1910,"date":"2023-06-03T03:01:46","date_gmt":"2023-06-02T21:01:46","guid":{"rendered":"https:\/\/legacymexicanart.com\/?post_type=product&#038;p=1910"},"modified":"2026-04-01T09:36:59","modified_gmt":"2026-04-01T03:36:59","slug":"tapete-caracol","status":"publish","type":"product","link":"https:\/\/legacymexicanart.com\/es_es\/product\/tapete-caracol\/","title":{"rendered":"Tapete Caracol"},"content":{"rendered":"<p>Tapete Caracol en lana virgen, elaborado en telar de pedal. Colores blanco, negro y gris con dise\u00f1o decorativo referente a la iconograf\u00eda zapoteca.<\/p>\n<p>Dimensiones 1.50 x 2 mts<\/p>\n<p>Env\u00edo incluido a todo M\u00e9xico.<\/p>\n<p>Artesano: Julio C\u00e9sar Bautista<\/p>\n<p>En Legacy Mexican Art apreciamos el valioso legado de nuestras ra\u00edces y cultura mexicanas haciendo colaboraciones con artesanos que aman su trabajo y que prestan especial atenci\u00f3n al detalle, es por ello que fomentamos el comercio justo y local con las comunidades ind\u00edgenas y artesanas de nuestro pa\u00eds.<\/p>\n<p>Legado de Oaxaca<\/p>\n<p>Las artesanas de Teotitl\u00e1n del valle se han dedicado a elaborar piezas de lana y algod\u00f3n a trav\u00e9s de los antiguos telares de pedal. Con estas t\u00e9cnicas rudimentarias y un poco de creatividad, han logrado crear nuevos modelos que se adaptan perfecto a espacios con estilo moderno.<br \/>\nAdem\u00e1s del tejido manual, el te\u00f1ido de las piezas es completamente natural.<br \/>\nEl tapete Caracol puede quedar perfecto como el toque final decorativo en una sala de estar, en la rec\u00e1mara o bien con cualquier sill\u00f3n o espacio que se desee decorar.<\/p>\n<p>Limpieza y cuidados:<\/p>\n<p>Para el tapete Caracol se recomienda aspirar regularmente, y se puede cepillar con un cepillo suave y espuma de un jab\u00f3n neutro.<\/p>\n","protected":false},"excerpt":{"rendered":"<p><a href=\"mailto:contact@legacymexicanart.com?Subject=Mas%20info%20sku%TEOJC005%20\" target=\"_blank\" rel=\"noopener\"><br \/>\n<img decoding=\"async\" src=\"https:\/\/legacymexicanart.com\/wp-content\/uploads\/2021\/10\/email-Design.svg\" \/> M\u00e1s informaci\u00f3n del producto<br \/>\n<\/a><\/p>\n<p><em><strong>Env\u00edo incluido a todo M\u00e9xico<\/strong><\/em><\/p>\n","protected":false},"featured_media":1911,"comment_status":"open","ping_status":"closed","template":"","meta":[],"product_cat":[418,18,188,17],"product_tag":[277,238,421,426,279,425],"yoast_head":"<!-- This site is optimized with the Yoast SEO plugin v22.6 - https:\/\/yoast.com\/wordpress\/plugins\/seo\/ -->\n<title>Tapete Caracol &#187;<\/title>\n<meta name=\"description\" content=\"Tapete Caracol en lana virgen, elaborado en telar de pedal. Colores blanco, negro y gris con iconograf\u00eda de los valles de Oaxaca.\" \/>\n<meta name=\"robots\" content=\"index, follow, max-snippet:-1, max-image-preview:large, max-video-preview:-1\" \/>\n<link rel=\"canonical\" href=\"https:\/\/legacymexicanart.com\/es_es\/product\/tapete-caracol\/\" \/>\n<meta property=\"og:locale\" content=\"es_ES\" \/>\n<meta property=\"og:type\" content=\"article\" \/>\n<meta property=\"og:title\" content=\"Tapete Caracol &#187;\" \/>\n<meta property=\"og:description\" content=\"Tapete Caracol en lana virgen, elaborado en telar de pedal. Colores blanco, negro y gris con iconograf\u00eda de los valles de Oaxaca.\" \/>\n<meta property=\"og:url\" content=\"https:\/\/legacymexicanart.com\/es_es\/product\/tapete-caracol\/\" \/>\n<meta property=\"article:modified_time\" content=\"2026-04-01T03:36:59+00:00\" \/>\n<meta property=\"og:image\" content=\"https:\/\/legacymexicanart.com\/wp-content\/uploads\/2023\/06\/Tapete-Caracol.jpg\" \/>\n\t<meta property=\"og:image:width\" content=\"792\" \/>\n\t<meta property=\"og:image:height\" content=\"534\" \/>\n\t<meta property=\"og:image:type\" content=\"image\/jpeg\" \/>\n<meta name=\"twitter:card\" content=\"summary_large_image\" \/>\n<meta name=\"twitter:label1\" content=\"Tiempo de lectura\" \/>\n\t<meta name=\"twitter:data1\" content=\"1 minuto\" \/>\n<script type=\"application\/ld+json\" class=\"yoast-schema-graph\">{\"@context\":\"https:\/\/schema.org\",\"@graph\":[{\"@type\":\"WebPage\",\"@id\":\"https:\/\/legacymexicanart.com\/product\/tapete-caracol\/\",\"url\":\"https:\/\/legacymexicanart.com\/product\/tapete-caracol\/\",\"name\":\"Tapete Caracol &#187;\",\"isPartOf\":{\"@id\":\"https:\/\/legacymexicanart.com\/#website\"},\"primaryImageOfPage\":{\"@id\":\"https:\/\/legacymexicanart.com\/product\/tapete-caracol\/#primaryimage\"},\"image\":{\"@id\":\"https:\/\/legacymexicanart.com\/product\/tapete-caracol\/#primaryimage\"},\"thumbnailUrl\":\"https:\/\/legacymexicanart.com\/wp-content\/uploads\/2023\/06\/Tapete-Caracol.jpg\",\"datePublished\":\"2023-06-02T21:01:46+00:00\",\"dateModified\":\"2026-04-01T03:36:59+00:00\",\"description\":\"Tapete Caracol en lana virgen, elaborado en telar de pedal. Colores blanco, negro y gris con iconograf\u00eda de los valles de Oaxaca.\",\"breadcrumb\":{\"@id\":\"https:\/\/legacymexicanart.com\/product\/tapete-caracol\/#breadcrumb\"},\"inLanguage\":\"es\",\"potentialAction\":[{\"@type\":\"ReadAction\",\"target\":[\"https:\/\/legacymexicanart.com\/product\/tapete-caracol\/\"]}]},{\"@type\":\"ImageObject\",\"inLanguage\":\"es\",\"@id\":\"https:\/\/legacymexicanart.com\/product\/tapete-caracol\/#primaryimage\",\"url\":\"https:\/\/legacymexicanart.com\/wp-content\/uploads\/2023\/06\/Tapete-Caracol.jpg\",\"contentUrl\":\"https:\/\/legacymexicanart.com\/wp-content\/uploads\/2023\/06\/Tapete-Caracol.jpg\",\"width\":792,\"height\":534},{\"@type\":\"BreadcrumbList\",\"@id\":\"https:\/\/legacymexicanart.com\/product\/tapete-caracol\/#breadcrumb\",\"itemListElement\":[{\"@type\":\"ListItem\",\"position\":1,\"name\":\"Portada\",\"item\":\"https:\/\/legacymexicanart.com\/\"},{\"@type\":\"ListItem\",\"position\":2,\"name\":\"Shop\",\"item\":\"https:\/\/legacymexicanart.com\/es_es\/shop\/\"},{\"@type\":\"ListItem\",\"position\":3,\"name\":\"Tapete Caracol\"}]},{\"@type\":\"WebSite\",\"@id\":\"https:\/\/legacymexicanart.com\/#website\",\"url\":\"https:\/\/legacymexicanart.com\/\",\"name\":\"\",\"description\":\"Legacy Mexican Art\",\"publisher\":{\"@id\":\"https:\/\/legacymexicanart.com\/#organization\"},\"potentialAction\":[{\"@type\":\"SearchAction\",\"target\":{\"@type\":\"EntryPoint\",\"urlTemplate\":\"https:\/\/legacymexicanart.com\/?s={search_term_string}\"},\"query-input\":\"required name=search_term_string\"}],\"inLanguage\":\"es\"},{\"@type\":\"Organization\",\"@id\":\"https:\/\/legacymexicanart.com\/#organization\",\"name\":\"Legacy Mexican Art\",\"url\":\"https:\/\/legacymexicanart.com\/\",\"logo\":{\"@type\":\"ImageObject\",\"inLanguage\":\"es\",\"@id\":\"https:\/\/legacymexicanart.com\/#\/schema\/logo\/image\/\",\"url\":\"\",\"contentUrl\":\"\",\"caption\":\"Legacy Mexican Art\"},\"image\":{\"@id\":\"https:\/\/legacymexicanart.com\/#\/schema\/logo\/image\/\"}}]}<\/script>\n<!-- \/ Yoast SEO plugin. -->","yoast_head_json":{"title":"Tapete Caracol &#187;","description":"Tapete Caracol en lana virgen, elaborado en telar de pedal. Colores blanco, negro y gris con iconograf\u00eda de los valles de Oaxaca.","robots":{"index":"index","follow":"follow","max-snippet":"max-snippet:-1","max-image-preview":"max-image-preview:large","max-video-preview":"max-video-preview:-1"},"canonical":"https:\/\/legacymexicanart.com\/es_es\/product\/tapete-caracol\/","og_locale":"es_ES","og_type":"article","og_title":"Tapete Caracol &#187;","og_description":"Tapete Caracol en lana virgen, elaborado en telar de pedal. Colores blanco, negro y gris con iconograf\u00eda de los valles de Oaxaca.","og_url":"https:\/\/legacymexicanart.com\/es_es\/product\/tapete-caracol\/","article_modified_time":"2026-04-01T03:36:59+00:00","og_image":[{"width":792,"height":534,"url":"https:\/\/legacymexicanart.com\/wp-content\/uploads\/2023\/06\/Tapete-Caracol.jpg","type":"image\/jpeg"}],"twitter_card":"summary_large_image","twitter_misc":{"Tiempo de lectura":"1 minuto"},"schema":{"@context":"https:\/\/schema.org","@graph":[{"@type":"WebPage","@id":"https:\/\/legacymexicanart.com\/product\/tapete-caracol\/","url":"https:\/\/legacymexicanart.com\/product\/tapete-caracol\/","name":"Tapete Caracol &#187;","isPartOf":{"@id":"https:\/\/legacymexicanart.com\/#website"},"primaryImageOfPage":{"@id":"https:\/\/legacymexicanart.com\/product\/tapete-caracol\/#primaryimage"},"image":{"@id":"https:\/\/legacymexicanart.com\/product\/tapete-caracol\/#primaryimage"},"thumbnailUrl":"https:\/\/legacymexicanart.com\/wp-content\/uploads\/2023\/06\/Tapete-Caracol.jpg","datePublished":"2023-06-02T21:01:46+00:00","dateModified":"2026-04-01T03:36:59+00:00","description":"Tapete Caracol en lana virgen, elaborado en telar de pedal. Colores blanco, negro y gris con iconograf\u00eda de los valles de Oaxaca.","breadcrumb":{"@id":"https:\/\/legacymexicanart.com\/product\/tapete-caracol\/#breadcrumb"},"inLanguage":"es","potentialAction":[{"@type":"ReadAction","target":["https:\/\/legacymexicanart.com\/product\/tapete-caracol\/"]}]},{"@type":"ImageObject","inLanguage":"es","@id":"https:\/\/legacymexicanart.com\/product\/tapete-caracol\/#primaryimage","url":"https:\/\/legacymexicanart.com\/wp-content\/uploads\/2023\/06\/Tapete-Caracol.jpg","contentUrl":"https:\/\/legacymexicanart.com\/wp-content\/uploads\/2023\/06\/Tapete-Caracol.jpg","width":792,"height":534},{"@type":"BreadcrumbList","@id":"https:\/\/legacymexicanart.com\/product\/tapete-caracol\/#breadcrumb","itemListElement":[{"@type":"ListItem","position":1,"name":"Portada","item":"https:\/\/legacymexicanart.com\/"},{"@type":"ListItem","position":2,"name":"Shop","item":"https:\/\/legacymexicanart.com\/es_es\/shop\/"},{"@type":"ListItem","position":3,"name":"Tapete Caracol"}]},{"@type":"WebSite","@id":"https:\/\/legacymexicanart.com\/#website","url":"https:\/\/legacymexicanart.com\/","name":"","description":"Legacy Mexican Art","publisher":{"@id":"https:\/\/legacymexicanart.com\/#organization"},"potentialAction":[{"@type":"SearchAction","target":{"@type":"EntryPoint","urlTemplate":"https:\/\/legacymexicanart.com\/?s={search_term_string}"},"query-input":"required name=search_term_string"}],"inLanguage":"es"},{"@type":"Organization","@id":"https:\/\/legacymexicanart.com\/#organization","name":"Legacy Mexican Art","url":"https:\/\/legacymexicanart.com\/","logo":{"@type":"ImageObject","inLanguage":"es","@id":"https:\/\/legacymexicanart.com\/#\/schema\/logo\/image\/","url":"","contentUrl":"","caption":"Legacy Mexican Art"},"image":{"@id":"https:\/\/legacymexicanart.com\/#\/schema\/logo\/image\/"}}]}},"_links":{"self":[{"href":"https:\/\/legacymexicanart.com\/es_es\/wp-json\/wp\/v2\/product\/1910"}],"collection":[{"href":"https:\/\/legacymexicanart.com\/es_es\/wp-json\/wp\/v2\/product"}],"about":[{"href":"https:\/\/legacymexicanart.com\/es_es\/wp-json\/wp\/v2\/types\/product"}],"replies":[{"embeddable":true,"href":"https:\/\/legacymexicanart.com\/es_es\/wp-json\/wp\/v2\/comments?post=1910"}],"wp:featuredmedia":[{"embeddable":true,"href":"https:\/\/legacymexicanart.com\/es_es\/wp-json\/wp\/v2\/media\/1911"}],"wp:attachment":[{"href":"https:\/\/legacymexicanart.com\/es_es\/wp-json\/wp\/v2\/media?parent=1910"}],"wp:term":[{"taxonomy":"product_cat","embeddable":true,"href":"https:\/\/legacymexicanart.com\/es_es\/wp-json\/wp\/v2\/product_cat?post=1910"},{"taxonomy":"product_tag","embeddable":true,"href":"https:\/\/legacymexicanart.com\/es_es\/wp-json\/wp\/v2\/product_tag?post=1910"}],"curies":[{"name":"wp","href":"https:\/\/api.w.org\/{rel}","templated":true}]}}