{"id":1947,"date":"2023-07-07T07:19:01","date_gmt":"2023-07-07T01:19:01","guid":{"rendered":"https:\/\/legacymexicanart.com\/?post_type=product&#038;p=1947"},"modified":"2026-04-01T09:36:59","modified_gmt":"2026-04-01T03:36:59","slug":"sarten-chico","status":"publish","type":"product","link":"https:\/\/legacymexicanart.com\/es_es\/product\/sarten-chico\/","title":{"rendered":"Sart\u00e9n Chico"},"content":{"rendered":"<p>Sart\u00e9n Chico de cobre martillado a mano con mango de madera.<\/p>\n<p>El cobre es un material ideal para la cocina, ya que aparte de dar un sabor \u00fanico a tus platillos, el cobre es un material antiv\u00edrico y antibacteriano.<\/p>\n<p>Tambi\u00e9n tienes la ventaja de que el cobre al ser un excelente conductor del calor la sart\u00e9n se calentar\u00e1 r\u00e1pido y seguro cocinar\u00e1s unos excelentes huevos estrellados!!<\/p>\n<p>Di\u00e1m. 18.7 x\u00a0 H. 3.5 cm.<\/p>\n<p>Artesano: Ismael Garc\u00eda y Legacy Mexican Art<\/p>\n<p>Cuidados y limpieza:<\/p>\n<p>Para empezar a usar el sart\u00e9n, se recomienda antes curarlo exprimiendo 1 lim\u00f3n y frotando con sal, llenarlo con agua caliente y dejar reposar unos 15 min. Finalmente lavar con un detergente lava trastes, utilizando una esponja suave, enjuaga y seca perfectamente. El cobre puro se puede oxidar con el tiempo, pero no te preocupes esto es normal por la naturaleza del material, para devolverle su aspecto brillante y sin manchas puedes utilizar la crema Brasso para limpiar y posteriormente lavarlo como de costumbre.<\/p>\n<p>Legado de Santa Clara del Cobre:<\/p>\n<p>Con la llegada de los Franciscanos aproximadamente en 1525, en este lugar se aprecian las ense\u00f1anzas de Don Vasco de Quiroga primer obispo de Michoac\u00e1n.<\/p>\n<p>Fue \u00e9l qui\u00e9n fusion\u00f3 el conocimiento artesanal prehisp\u00e1nico con las t\u00e9cnicas espa\u00f1olas como es el cincelado.<\/p>\n<p>Desde la \u00e9poca colonial, este pintoresco pueblo es cuna de maestros artesanos que crean con sus manos verdaderas obras de arte. Siguiendo una tradici\u00f3n que va de generaci\u00f3n en generaci\u00f3n.<\/p>\n","protected":false},"excerpt":{"rendered":"<p><a href=\"mailto:contact@legacymexicanart.com?Subject=Mas%20info%20sku%SCCIG024%20\" target=\"_blank\" rel=\"noopener\"><br \/>\n<img decoding=\"async\" src=\"https:\/\/legacymexicanart.com\/wp-content\/uploads\/2021\/10\/email-Design.svg\" \/> M\u00e1s informaci\u00f3n del producto<br \/>\n<\/a><\/p>\n<p><em><strong>Env\u00edo incluido a todo M\u00e9xico<\/strong><\/em><\/p>\n","protected":false},"featured_media":1974,"comment_status":"open","ping_status":"closed","template":"","meta":[],"product_cat":[18,190,17,198,197],"product_tag":[68,437,436,432,433,431,434,435],"yoast_head":"<!-- This site is optimized with the Yoast SEO plugin v22.6 - https:\/\/yoast.com\/wordpress\/plugins\/seo\/ -->\n<title>Sart\u00e9n Chico &#187;<\/title>\n<meta name=\"description\" content=\"Sart\u00e9n de cobre martillado a mano. El cobre es un material ideal para la cocina, ya que aporta un sabor \u00fanico a tus platillos.\" \/>\n<meta name=\"robots\" content=\"index, follow, max-snippet:-1, max-image-preview:large, max-video-preview:-1\" \/>\n<link rel=\"canonical\" href=\"https:\/\/legacymexicanart.com\/es_es\/product\/sarten-chico\/\" \/>\n<meta property=\"og:locale\" content=\"es_ES\" \/>\n<meta property=\"og:type\" content=\"article\" \/>\n<meta property=\"og:title\" content=\"Sart\u00e9n Chico &#187;\" \/>\n<meta property=\"og:description\" content=\"Sart\u00e9n de cobre martillado a mano. El cobre es un material ideal para la cocina, ya que aporta un sabor \u00fanico a tus platillos.\" \/>\n<meta property=\"og:url\" content=\"https:\/\/legacymexicanart.com\/es_es\/product\/sarten-chico\/\" \/>\n<meta property=\"article:modified_time\" content=\"2026-04-01T03:36:59+00:00\" \/>\n<meta property=\"og:image\" content=\"https:\/\/legacymexicanart.com\/wp-content\/uploads\/2023\/07\/SartenCobre_LegacyMexicanArt.jpg\" \/>\n\t<meta property=\"og:image:width\" content=\"799\" \/>\n\t<meta property=\"og:image:height\" content=\"1326\" \/>\n\t<meta property=\"og:image:type\" content=\"image\/jpeg\" \/>\n<meta name=\"twitter:card\" content=\"summary_large_image\" \/>\n<meta name=\"twitter:label1\" content=\"Tiempo de lectura\" \/>\n\t<meta name=\"twitter:data1\" content=\"2 minutos\" \/>\n<script type=\"application\/ld+json\" class=\"yoast-schema-graph\">{\"@context\":\"https:\/\/schema.org\",\"@graph\":[{\"@type\":\"WebPage\",\"@id\":\"https:\/\/legacymexicanart.com\/product\/sarten-chico\/\",\"url\":\"https:\/\/legacymexicanart.com\/product\/sarten-chico\/\",\"name\":\"Sart\u00e9n Chico &#187;\",\"isPartOf\":{\"@id\":\"https:\/\/legacymexicanart.com\/#website\"},\"primaryImageOfPage\":{\"@id\":\"https:\/\/legacymexicanart.com\/product\/sarten-chico\/#primaryimage\"},\"image\":{\"@id\":\"https:\/\/legacymexicanart.com\/product\/sarten-chico\/#primaryimage\"},\"thumbnailUrl\":\"https:\/\/legacymexicanart.com\/wp-content\/uploads\/2023\/07\/SartenCobre_LegacyMexicanArt.jpg\",\"datePublished\":\"2023-07-07T01:19:01+00:00\",\"dateModified\":\"2026-04-01T03:36:59+00:00\",\"description\":\"Sart\u00e9n de cobre martillado a mano. El cobre es un material ideal para la cocina, ya que aporta un sabor \u00fanico a tus platillos.\",\"breadcrumb\":{\"@id\":\"https:\/\/legacymexicanart.com\/product\/sarten-chico\/#breadcrumb\"},\"inLanguage\":\"es\",\"potentialAction\":[{\"@type\":\"ReadAction\",\"target\":[\"https:\/\/legacymexicanart.com\/product\/sarten-chico\/\"]}]},{\"@type\":\"ImageObject\",\"inLanguage\":\"es\",\"@id\":\"https:\/\/legacymexicanart.com\/product\/sarten-chico\/#primaryimage\",\"url\":\"https:\/\/legacymexicanart.com\/wp-content\/uploads\/2023\/07\/SartenCobre_LegacyMexicanArt.jpg\",\"contentUrl\":\"https:\/\/legacymexicanart.com\/wp-content\/uploads\/2023\/07\/SartenCobre_LegacyMexicanArt.jpg\",\"width\":799,\"height\":1326},{\"@type\":\"BreadcrumbList\",\"@id\":\"https:\/\/legacymexicanart.com\/product\/sarten-chico\/#breadcrumb\",\"itemListElement\":[{\"@type\":\"ListItem\",\"position\":1,\"name\":\"Portada\",\"item\":\"https:\/\/legacymexicanart.com\/\"},{\"@type\":\"ListItem\",\"position\":2,\"name\":\"Shop\",\"item\":\"https:\/\/legacymexicanart.com\/es_es\/shop\/\"},{\"@type\":\"ListItem\",\"position\":3,\"name\":\"Sart\u00e9n Chico\"}]},{\"@type\":\"WebSite\",\"@id\":\"https:\/\/legacymexicanart.com\/#website\",\"url\":\"https:\/\/legacymexicanart.com\/\",\"name\":\"\",\"description\":\"Legacy Mexican Art\",\"publisher\":{\"@id\":\"https:\/\/legacymexicanart.com\/#organization\"},\"potentialAction\":[{\"@type\":\"SearchAction\",\"target\":{\"@type\":\"EntryPoint\",\"urlTemplate\":\"https:\/\/legacymexicanart.com\/?s={search_term_string}\"},\"query-input\":\"required name=search_term_string\"}],\"inLanguage\":\"es\"},{\"@type\":\"Organization\",\"@id\":\"https:\/\/legacymexicanart.com\/#organization\",\"name\":\"Legacy Mexican Art\",\"url\":\"https:\/\/legacymexicanart.com\/\",\"logo\":{\"@type\":\"ImageObject\",\"inLanguage\":\"es\",\"@id\":\"https:\/\/legacymexicanart.com\/#\/schema\/logo\/image\/\",\"url\":\"\",\"contentUrl\":\"\",\"caption\":\"Legacy Mexican Art\"},\"image\":{\"@id\":\"https:\/\/legacymexicanart.com\/#\/schema\/logo\/image\/\"}}]}<\/script>\n<!-- \/ Yoast SEO plugin. -->","yoast_head_json":{"title":"Sart\u00e9n Chico &#187;","description":"Sart\u00e9n de cobre martillado a mano. El cobre es un material ideal para la cocina, ya que aporta un sabor \u00fanico a tus platillos.","robots":{"index":"index","follow":"follow","max-snippet":"max-snippet:-1","max-image-preview":"max-image-preview:large","max-video-preview":"max-video-preview:-1"},"canonical":"https:\/\/legacymexicanart.com\/es_es\/product\/sarten-chico\/","og_locale":"es_ES","og_type":"article","og_title":"Sart\u00e9n Chico &#187;","og_description":"Sart\u00e9n de cobre martillado a mano. El cobre es un material ideal para la cocina, ya que aporta un sabor \u00fanico a tus platillos.","og_url":"https:\/\/legacymexicanart.com\/es_es\/product\/sarten-chico\/","article_modified_time":"2026-04-01T03:36:59+00:00","og_image":[{"width":799,"height":1326,"url":"https:\/\/legacymexicanart.com\/wp-content\/uploads\/2023\/07\/SartenCobre_LegacyMexicanArt.jpg","type":"image\/jpeg"}],"twitter_card":"summary_large_image","twitter_misc":{"Tiempo de lectura":"2 minutos"},"schema":{"@context":"https:\/\/schema.org","@graph":[{"@type":"WebPage","@id":"https:\/\/legacymexicanart.com\/product\/sarten-chico\/","url":"https:\/\/legacymexicanart.com\/product\/sarten-chico\/","name":"Sart\u00e9n Chico &#187;","isPartOf":{"@id":"https:\/\/legacymexicanart.com\/#website"},"primaryImageOfPage":{"@id":"https:\/\/legacymexicanart.com\/product\/sarten-chico\/#primaryimage"},"image":{"@id":"https:\/\/legacymexicanart.com\/product\/sarten-chico\/#primaryimage"},"thumbnailUrl":"https:\/\/legacymexicanart.com\/wp-content\/uploads\/2023\/07\/SartenCobre_LegacyMexicanArt.jpg","datePublished":"2023-07-07T01:19:01+00:00","dateModified":"2026-04-01T03:36:59+00:00","description":"Sart\u00e9n de cobre martillado a mano. El cobre es un material ideal para la cocina, ya que aporta un sabor \u00fanico a tus platillos.","breadcrumb":{"@id":"https:\/\/legacymexicanart.com\/product\/sarten-chico\/#breadcrumb"},"inLanguage":"es","potentialAction":[{"@type":"ReadAction","target":["https:\/\/legacymexicanart.com\/product\/sarten-chico\/"]}]},{"@type":"ImageObject","inLanguage":"es","@id":"https:\/\/legacymexicanart.com\/product\/sarten-chico\/#primaryimage","url":"https:\/\/legacymexicanart.com\/wp-content\/uploads\/2023\/07\/SartenCobre_LegacyMexicanArt.jpg","contentUrl":"https:\/\/legacymexicanart.com\/wp-content\/uploads\/2023\/07\/SartenCobre_LegacyMexicanArt.jpg","width":799,"height":1326},{"@type":"BreadcrumbList","@id":"https:\/\/legacymexicanart.com\/product\/sarten-chico\/#breadcrumb","itemListElement":[{"@type":"ListItem","position":1,"name":"Portada","item":"https:\/\/legacymexicanart.com\/"},{"@type":"ListItem","position":2,"name":"Shop","item":"https:\/\/legacymexicanart.com\/es_es\/shop\/"},{"@type":"ListItem","position":3,"name":"Sart\u00e9n Chico"}]},{"@type":"WebSite","@id":"https:\/\/legacymexicanart.com\/#website","url":"https:\/\/legacymexicanart.com\/","name":"","description":"Legacy Mexican Art","publisher":{"@id":"https:\/\/legacymexicanart.com\/#organization"},"potentialAction":[{"@type":"SearchAction","target":{"@type":"EntryPoint","urlTemplate":"https:\/\/legacymexicanart.com\/?s={search_term_string}"},"query-input":"required name=search_term_string"}],"inLanguage":"es"},{"@type":"Organization","@id":"https:\/\/legacymexicanart.com\/#organization","name":"Legacy Mexican Art","url":"https:\/\/legacymexicanart.com\/","logo":{"@type":"ImageObject","inLanguage":"es","@id":"https:\/\/legacymexicanart.com\/#\/schema\/logo\/image\/","url":"","contentUrl":"","caption":"Legacy Mexican Art"},"image":{"@id":"https:\/\/legacymexicanart.com\/#\/schema\/logo\/image\/"}}]}},"_links":{"self":[{"href":"https:\/\/legacymexicanart.com\/es_es\/wp-json\/wp\/v2\/product\/1947"}],"collection":[{"href":"https:\/\/legacymexicanart.com\/es_es\/wp-json\/wp\/v2\/product"}],"about":[{"href":"https:\/\/legacymexicanart.com\/es_es\/wp-json\/wp\/v2\/types\/product"}],"replies":[{"embeddable":true,"href":"https:\/\/legacymexicanart.com\/es_es\/wp-json\/wp\/v2\/comments?post=1947"}],"wp:featuredmedia":[{"embeddable":true,"href":"https:\/\/legacymexicanart.com\/es_es\/wp-json\/wp\/v2\/media\/1974"}],"wp:attachment":[{"href":"https:\/\/legacymexicanart.com\/es_es\/wp-json\/wp\/v2\/media?parent=1947"}],"wp:term":[{"taxonomy":"product_cat","embeddable":true,"href":"https:\/\/legacymexicanart.com\/es_es\/wp-json\/wp\/v2\/product_cat?post=1947"},{"taxonomy":"product_tag","embeddable":true,"href":"https:\/\/legacymexicanart.com\/es_es\/wp-json\/wp\/v2\/product_tag?post=1947"}],"curies":[{"name":"wp","href":"https:\/\/api.w.org\/{rel}","templated":true}]}}