{"id":1950,"date":"2023-07-07T08:08:24","date_gmt":"2023-07-07T02:08:24","guid":{"rendered":"https:\/\/legacymexicanart.com\/?post_type=product&#038;p=1950"},"modified":"2023-07-16T03:29:19","modified_gmt":"2023-07-15T21:29:19","slug":"set-vasos","status":"publish","type":"product","link":"https:\/\/legacymexicanart.com\/es_es\/product\/set-vasos\/","title":{"rendered":"Set Vasos"},"content":{"rendered":"<p>Set vasos de cobre martillado a mano.<\/p>\n<p>Mant\u00e9n la temperatura de tus bebidas favoritas adem\u00e1s de aprovechar los beneficios en tu salud. Este set de vasos est\u00e1n hechos de cobre puro.<\/p>\n<p>Env\u00edo incluido en todo M\u00e9xico.<\/p>\n<p>Capacidad <strong>450\u00a0ML<\/strong><\/p>\n<p>Di\u00e1m. 8 x H. 14.5 cm.<\/p>\n<p>Artesano: Ismael Garc\u00eda<\/p>\n<p>Cuidados y limpieza:<\/p>\n<p>Para empezar a usar el set de vasos de cobre, se recomienda antes curarlos exprimiendo 1 lim\u00f3n y frotando con sal, llenarlos con agua caliente y dejar reposar unos 15 min. Finalmente lavar con un detergente lava trastes, utilizando una esponja suave, enjuaga y seca perfectamente.<\/p>\n<p>El cobre puro se puede oxidar con el tiempo, pero no te preocupes esto es normal por la naturaleza del material, para devolverle su aspecto brillante y sin manchas puedes utilizar la crema Brasso para limpiar y posteriormente lavarlo como de costumbre.<\/p>\n<p>Legado de Santa Clara del Cobre:<\/p>\n<p>Con la llegada de los Franciscanos aproximadamente en 1525, en este lugar se aprecian las ense\u00f1anzas de Don Vasco de Quiroga primer obispo de Michoac\u00e1n.<\/p>\n<p>Fue \u00e9l qui\u00e9n fusion\u00f3 el conocimiento artesanal prehisp\u00e1nico con las t\u00e9cnicas espa\u00f1olas como es el cincelado.<\/p>\n<p>Desde la \u00e9poca colonial, este pintoresco pueblo es cuna de maestros artesanos que crean con sus manos verdaderas obras de arte. Siguiendo una tradici\u00f3n que va de generaci\u00f3n en generaci\u00f3n.<\/p>\n","protected":false},"excerpt":{"rendered":"<p><a href=\"mailto:contact@legacymexicanart.com?Subject=Mas%20info%20sku%SCCIG025%20\" target=\"_blank\" rel=\"noopener\"><br \/>\n<img decoding=\"async\" src=\"https:\/\/legacymexicanart.com\/wp-content\/uploads\/2021\/10\/email-Design.svg\" \/> M\u00e1s informaci\u00f3n del producto<br \/>\n<\/a><\/p>\n<p><em><strong>Env\u00edo incluido a todo M\u00e9xico<\/strong><\/em><\/p>\n","protected":false},"featured_media":1951,"comment_status":"open","ping_status":"closed","template":"","meta":[],"product_cat":[18,190,17,198,197],"product_tag":[441,440,234,439,438],"yoast_head":"<!-- This site is optimized with the Yoast SEO plugin v22.6 - https:\/\/yoast.com\/wordpress\/plugins\/seo\/ -->\n<title>Set Vasos &#187;<\/title>\n<meta name=\"description\" content=\"Set vasos de cobre martillado a mano.Mant\u00e9n la temperatura de tus bebidas favoritas adem\u00e1s de aprovechar los beneficios en tu salud.\" \/>\n<meta name=\"robots\" content=\"index, follow, max-snippet:-1, max-image-preview:large, max-video-preview:-1\" \/>\n<link rel=\"canonical\" href=\"https:\/\/legacymexicanart.com\/es_es\/product\/set-vasos\/\" \/>\n<meta property=\"og:locale\" content=\"es_ES\" \/>\n<meta property=\"og:type\" content=\"article\" \/>\n<meta property=\"og:title\" content=\"Set Vasos &#187;\" \/>\n<meta property=\"og:description\" content=\"Set vasos de cobre martillado a mano.Mant\u00e9n la temperatura de tus bebidas favoritas adem\u00e1s de aprovechar los beneficios en tu salud.\" \/>\n<meta property=\"og:url\" content=\"https:\/\/legacymexicanart.com\/es_es\/product\/set-vasos\/\" \/>\n<meta property=\"article:modified_time\" content=\"2023-07-15T21:29:19+00:00\" \/>\n<meta property=\"og:image\" content=\"https:\/\/legacymexicanart.com\/wp-content\/uploads\/2023\/07\/Vasos-Cobre.jpg\" \/>\n\t<meta property=\"og:image:width\" content=\"989\" \/>\n\t<meta property=\"og:image:height\" content=\"919\" \/>\n\t<meta property=\"og:image:type\" content=\"image\/jpeg\" \/>\n<meta name=\"twitter:card\" content=\"summary_large_image\" \/>\n<meta name=\"twitter:label1\" content=\"Tiempo de lectura\" \/>\n\t<meta name=\"twitter:data1\" content=\"1 minuto\" \/>\n<script type=\"application\/ld+json\" class=\"yoast-schema-graph\">{\"@context\":\"https:\/\/schema.org\",\"@graph\":[{\"@type\":\"WebPage\",\"@id\":\"https:\/\/legacymexicanart.com\/product\/set-vasos\/\",\"url\":\"https:\/\/legacymexicanart.com\/product\/set-vasos\/\",\"name\":\"Set Vasos &#187;\",\"isPartOf\":{\"@id\":\"https:\/\/legacymexicanart.com\/#website\"},\"primaryImageOfPage\":{\"@id\":\"https:\/\/legacymexicanart.com\/product\/set-vasos\/#primaryimage\"},\"image\":{\"@id\":\"https:\/\/legacymexicanart.com\/product\/set-vasos\/#primaryimage\"},\"thumbnailUrl\":\"https:\/\/legacymexicanart.com\/wp-content\/uploads\/2023\/07\/Vasos-Cobre.jpg\",\"datePublished\":\"2023-07-07T02:08:24+00:00\",\"dateModified\":\"2023-07-15T21:29:19+00:00\",\"description\":\"Set vasos de cobre martillado a mano.Mant\u00e9n la temperatura de tus bebidas favoritas adem\u00e1s de aprovechar los beneficios en tu salud.\",\"breadcrumb\":{\"@id\":\"https:\/\/legacymexicanart.com\/product\/set-vasos\/#breadcrumb\"},\"inLanguage\":\"es\",\"potentialAction\":[{\"@type\":\"ReadAction\",\"target\":[\"https:\/\/legacymexicanart.com\/product\/set-vasos\/\"]}]},{\"@type\":\"ImageObject\",\"inLanguage\":\"es\",\"@id\":\"https:\/\/legacymexicanart.com\/product\/set-vasos\/#primaryimage\",\"url\":\"https:\/\/legacymexicanart.com\/wp-content\/uploads\/2023\/07\/Vasos-Cobre.jpg\",\"contentUrl\":\"https:\/\/legacymexicanart.com\/wp-content\/uploads\/2023\/07\/Vasos-Cobre.jpg\",\"width\":989,\"height\":919},{\"@type\":\"BreadcrumbList\",\"@id\":\"https:\/\/legacymexicanart.com\/product\/set-vasos\/#breadcrumb\",\"itemListElement\":[{\"@type\":\"ListItem\",\"position\":1,\"name\":\"Portada\",\"item\":\"https:\/\/legacymexicanart.com\/\"},{\"@type\":\"ListItem\",\"position\":2,\"name\":\"Shop\",\"item\":\"https:\/\/legacymexicanart.com\/es_es\/shop\/\"},{\"@type\":\"ListItem\",\"position\":3,\"name\":\"Set Vasos\"}]},{\"@type\":\"WebSite\",\"@id\":\"https:\/\/legacymexicanart.com\/#website\",\"url\":\"https:\/\/legacymexicanart.com\/\",\"name\":\"\",\"description\":\"Legacy Mexican Art\",\"publisher\":{\"@id\":\"https:\/\/legacymexicanart.com\/#organization\"},\"potentialAction\":[{\"@type\":\"SearchAction\",\"target\":{\"@type\":\"EntryPoint\",\"urlTemplate\":\"https:\/\/legacymexicanart.com\/?s={search_term_string}\"},\"query-input\":\"required name=search_term_string\"}],\"inLanguage\":\"es\"},{\"@type\":\"Organization\",\"@id\":\"https:\/\/legacymexicanart.com\/#organization\",\"name\":\"Legacy Mexican Art\",\"url\":\"https:\/\/legacymexicanart.com\/\",\"logo\":{\"@type\":\"ImageObject\",\"inLanguage\":\"es\",\"@id\":\"https:\/\/legacymexicanart.com\/#\/schema\/logo\/image\/\",\"url\":\"\",\"contentUrl\":\"\",\"caption\":\"Legacy Mexican Art\"},\"image\":{\"@id\":\"https:\/\/legacymexicanart.com\/#\/schema\/logo\/image\/\"}}]}<\/script>\n<!-- \/ Yoast SEO plugin. -->","yoast_head_json":{"title":"Set Vasos &#187;","description":"Set vasos de cobre martillado a mano.Mant\u00e9n la temperatura de tus bebidas favoritas adem\u00e1s de aprovechar los beneficios en tu salud.","robots":{"index":"index","follow":"follow","max-snippet":"max-snippet:-1","max-image-preview":"max-image-preview:large","max-video-preview":"max-video-preview:-1"},"canonical":"https:\/\/legacymexicanart.com\/es_es\/product\/set-vasos\/","og_locale":"es_ES","og_type":"article","og_title":"Set Vasos &#187;","og_description":"Set vasos de cobre martillado a mano.Mant\u00e9n la temperatura de tus bebidas favoritas adem\u00e1s de aprovechar los beneficios en tu salud.","og_url":"https:\/\/legacymexicanart.com\/es_es\/product\/set-vasos\/","article_modified_time":"2023-07-15T21:29:19+00:00","og_image":[{"width":989,"height":919,"url":"https:\/\/legacymexicanart.com\/wp-content\/uploads\/2023\/07\/Vasos-Cobre.jpg","type":"image\/jpeg"}],"twitter_card":"summary_large_image","twitter_misc":{"Tiempo de lectura":"1 minuto"},"schema":{"@context":"https:\/\/schema.org","@graph":[{"@type":"WebPage","@id":"https:\/\/legacymexicanart.com\/product\/set-vasos\/","url":"https:\/\/legacymexicanart.com\/product\/set-vasos\/","name":"Set Vasos &#187;","isPartOf":{"@id":"https:\/\/legacymexicanart.com\/#website"},"primaryImageOfPage":{"@id":"https:\/\/legacymexicanart.com\/product\/set-vasos\/#primaryimage"},"image":{"@id":"https:\/\/legacymexicanart.com\/product\/set-vasos\/#primaryimage"},"thumbnailUrl":"https:\/\/legacymexicanart.com\/wp-content\/uploads\/2023\/07\/Vasos-Cobre.jpg","datePublished":"2023-07-07T02:08:24+00:00","dateModified":"2023-07-15T21:29:19+00:00","description":"Set vasos de cobre martillado a mano.Mant\u00e9n la temperatura de tus bebidas favoritas adem\u00e1s de aprovechar los beneficios en tu salud.","breadcrumb":{"@id":"https:\/\/legacymexicanart.com\/product\/set-vasos\/#breadcrumb"},"inLanguage":"es","potentialAction":[{"@type":"ReadAction","target":["https:\/\/legacymexicanart.com\/product\/set-vasos\/"]}]},{"@type":"ImageObject","inLanguage":"es","@id":"https:\/\/legacymexicanart.com\/product\/set-vasos\/#primaryimage","url":"https:\/\/legacymexicanart.com\/wp-content\/uploads\/2023\/07\/Vasos-Cobre.jpg","contentUrl":"https:\/\/legacymexicanart.com\/wp-content\/uploads\/2023\/07\/Vasos-Cobre.jpg","width":989,"height":919},{"@type":"BreadcrumbList","@id":"https:\/\/legacymexicanart.com\/product\/set-vasos\/#breadcrumb","itemListElement":[{"@type":"ListItem","position":1,"name":"Portada","item":"https:\/\/legacymexicanart.com\/"},{"@type":"ListItem","position":2,"name":"Shop","item":"https:\/\/legacymexicanart.com\/es_es\/shop\/"},{"@type":"ListItem","position":3,"name":"Set Vasos"}]},{"@type":"WebSite","@id":"https:\/\/legacymexicanart.com\/#website","url":"https:\/\/legacymexicanart.com\/","name":"","description":"Legacy Mexican Art","publisher":{"@id":"https:\/\/legacymexicanart.com\/#organization"},"potentialAction":[{"@type":"SearchAction","target":{"@type":"EntryPoint","urlTemplate":"https:\/\/legacymexicanart.com\/?s={search_term_string}"},"query-input":"required name=search_term_string"}],"inLanguage":"es"},{"@type":"Organization","@id":"https:\/\/legacymexicanart.com\/#organization","name":"Legacy Mexican Art","url":"https:\/\/legacymexicanart.com\/","logo":{"@type":"ImageObject","inLanguage":"es","@id":"https:\/\/legacymexicanart.com\/#\/schema\/logo\/image\/","url":"","contentUrl":"","caption":"Legacy Mexican Art"},"image":{"@id":"https:\/\/legacymexicanart.com\/#\/schema\/logo\/image\/"}}]}},"_links":{"self":[{"href":"https:\/\/legacymexicanart.com\/es_es\/wp-json\/wp\/v2\/product\/1950"}],"collection":[{"href":"https:\/\/legacymexicanart.com\/es_es\/wp-json\/wp\/v2\/product"}],"about":[{"href":"https:\/\/legacymexicanart.com\/es_es\/wp-json\/wp\/v2\/types\/product"}],"replies":[{"embeddable":true,"href":"https:\/\/legacymexicanart.com\/es_es\/wp-json\/wp\/v2\/comments?post=1950"}],"wp:featuredmedia":[{"embeddable":true,"href":"https:\/\/legacymexicanart.com\/es_es\/wp-json\/wp\/v2\/media\/1951"}],"wp:attachment":[{"href":"https:\/\/legacymexicanart.com\/es_es\/wp-json\/wp\/v2\/media?parent=1950"}],"wp:term":[{"taxonomy":"product_cat","embeddable":true,"href":"https:\/\/legacymexicanart.com\/es_es\/wp-json\/wp\/v2\/product_cat?post=1950"},{"taxonomy":"product_tag","embeddable":true,"href":"https:\/\/legacymexicanart.com\/es_es\/wp-json\/wp\/v2\/product_tag?post=1950"}],"curies":[{"name":"wp","href":"https:\/\/api.w.org\/{rel}","templated":true}]}}