{"id":1995,"date":"2023-09-01T00:05:21","date_gmt":"2023-08-31T18:05:21","guid":{"rendered":"https:\/\/legacymexicanart.com\/?post_type=product&#038;p=1995"},"modified":"2024-03-01T01:21:28","modified_gmt":"2024-02-29T19:21:28","slug":"catrina-fumadora","status":"publish","type":"product","link":"https:\/\/legacymexicanart.com\/es_es\/product\/catrina-fumadora\/","title":{"rendered":"Catrina Fumadora"},"content":{"rendered":"<p>La Catrina Fumadora es una pieza de barro moldeada y pintada a mano en el taller del artista michoacano Juan Torres, el creador de las Catrinas en Capula, Michoac\u00e1n.<\/p>\n<p>Dimensiones: Altura 42 cm, base de madera 12 x 11 cm.<\/p>\n<p>Artista: Juan Torres<\/p>\n<p><em><strong>Env\u00edo incluido a todo M\u00e9xico.<\/strong><\/em><\/p>\n<p>La Catrina es una figura emblem\u00e1tica que forma parte de las tradiciones ancestrales de M\u00e9xico como lo es el \u201cD\u00eda de Muertos\u201d.<\/p>\n<p>La figura fue creada por Guadalupe Posada y bautizada por el muralista Diego Rivera.<\/p>\n<p>De hecho la Catrina es una cr\u00edtica a muchos mexicanos pobres que quieren aparentar un estilo de vida europeo que no les corresponde, eso se representa en la calavera que utiliza un sombrero de ala ancha estilo franc\u00e9s con plumas de avestruz. Diego Rivera fue qui\u00e9n la present\u00f3 con su atuendo caracter\u00edstico, cu\u00e1ndo la plasm\u00f3 en su mural \u201cSue\u00f1o de una tarde de Domingo en la Alameda Central\u201d donde aparece la calavera con su creador Guadalupe Posada y una versi\u00f3n infantil de Rivera junto a Frida Kahlo. Fue precisamente Diego Rivera qui\u00e9n la llam\u00f3 \u201cLa Catrina\u201d nombre que la hizo popular mundialmente.<\/p>\n<p>Eventualmente en Capula Michoac\u00e1n, el artista pl\u00e1stico Juan Torres decide moldear en barro a la \u201cCatrina\u201d el personaje de Posada. Iniciando de esta manera con toda una tradici\u00f3n de artesanos en Capula que se dedican a realizar catrinas en barro.<\/p>\n","protected":false},"excerpt":{"rendered":"<p><a href=\"mailto:contact@legacymexicanart.com?Subject=Mas%20info%20sku%20CAPUJT01000%20\" target=\"_blank\" rel=\"noopener\"><br \/>\n<img decoding=\"async\" src=\"https:\/\/legacymexicanart.com\/wp-content\/uploads\/2021\/10\/email-Design.svg\" \/> M\u00e1s informaci\u00f3n del producto<br \/>\n<\/a><\/p>\n<p><em><strong>Env\u00edo incluido a todo M\u00e9xico<\/strong><\/em><\/p>\n","protected":false},"featured_media":1996,"comment_status":"open","ping_status":"closed","template":"","meta":[],"product_cat":[449,18],"product_tag":[136,134,450,397,451,452,453,421],"yoast_head":"<!-- This site is optimized with the Yoast SEO plugin v22.6 - https:\/\/yoast.com\/wordpress\/plugins\/seo\/ -->\n<title>Catrina Fumadora &#187;<\/title>\n<meta name=\"description\" content=\"La Catrina Fumadora es una pieza de barro moldeada y pintada a mano en el taller del artista michoacano Juan Torres.\" \/>\n<meta name=\"robots\" content=\"index, follow, max-snippet:-1, max-image-preview:large, max-video-preview:-1\" \/>\n<link rel=\"canonical\" href=\"https:\/\/legacymexicanart.com\/es_es\/product\/catrina-fumadora\/\" \/>\n<meta property=\"og:locale\" content=\"es_ES\" \/>\n<meta property=\"og:type\" content=\"article\" \/>\n<meta property=\"og:title\" content=\"Catrina Fumadora &#187;\" \/>\n<meta property=\"og:description\" content=\"La Catrina Fumadora es una pieza de barro moldeada y pintada a mano en el taller del artista michoacano Juan Torres.\" \/>\n<meta property=\"og:url\" content=\"https:\/\/legacymexicanart.com\/es_es\/product\/catrina-fumadora\/\" \/>\n<meta property=\"article:modified_time\" content=\"2024-02-29T19:21:28+00:00\" \/>\n<meta property=\"og:image\" content=\"https:\/\/legacymexicanart.com\/wp-content\/uploads\/2023\/08\/Catrina-Fumadora-de-Frente_LegacyMexicanArt.jpg\" \/>\n\t<meta property=\"og:image:width\" content=\"1466\" \/>\n\t<meta property=\"og:image:height\" content=\"1705\" \/>\n\t<meta property=\"og:image:type\" content=\"image\/jpeg\" \/>\n<meta name=\"twitter:card\" content=\"summary_large_image\" \/>\n<meta name=\"twitter:label1\" content=\"Tiempo de lectura\" \/>\n\t<meta name=\"twitter:data1\" content=\"2 minutos\" \/>\n<script type=\"application\/ld+json\" class=\"yoast-schema-graph\">{\"@context\":\"https:\/\/schema.org\",\"@graph\":[{\"@type\":\"WebPage\",\"@id\":\"https:\/\/legacymexicanart.com\/product\/catrina-fumadora\/\",\"url\":\"https:\/\/legacymexicanart.com\/product\/catrina-fumadora\/\",\"name\":\"Catrina Fumadora &#187;\",\"isPartOf\":{\"@id\":\"https:\/\/legacymexicanart.com\/#website\"},\"primaryImageOfPage\":{\"@id\":\"https:\/\/legacymexicanart.com\/product\/catrina-fumadora\/#primaryimage\"},\"image\":{\"@id\":\"https:\/\/legacymexicanart.com\/product\/catrina-fumadora\/#primaryimage\"},\"thumbnailUrl\":\"https:\/\/legacymexicanart.com\/wp-content\/uploads\/2023\/08\/Catrina-Fumadora-de-Frente_LegacyMexicanArt.jpg\",\"datePublished\":\"2023-08-31T18:05:21+00:00\",\"dateModified\":\"2024-02-29T19:21:28+00:00\",\"description\":\"La Catrina Fumadora es una pieza de barro moldeada y pintada a mano en el taller del artista michoacano Juan Torres.\",\"breadcrumb\":{\"@id\":\"https:\/\/legacymexicanart.com\/product\/catrina-fumadora\/#breadcrumb\"},\"inLanguage\":\"es\",\"potentialAction\":[{\"@type\":\"ReadAction\",\"target\":[\"https:\/\/legacymexicanart.com\/product\/catrina-fumadora\/\"]}]},{\"@type\":\"ImageObject\",\"inLanguage\":\"es\",\"@id\":\"https:\/\/legacymexicanart.com\/product\/catrina-fumadora\/#primaryimage\",\"url\":\"https:\/\/legacymexicanart.com\/wp-content\/uploads\/2023\/08\/Catrina-Fumadora-de-Frente_LegacyMexicanArt.jpg\",\"contentUrl\":\"https:\/\/legacymexicanart.com\/wp-content\/uploads\/2023\/08\/Catrina-Fumadora-de-Frente_LegacyMexicanArt.jpg\",\"width\":1466,\"height\":1705},{\"@type\":\"BreadcrumbList\",\"@id\":\"https:\/\/legacymexicanart.com\/product\/catrina-fumadora\/#breadcrumb\",\"itemListElement\":[{\"@type\":\"ListItem\",\"position\":1,\"name\":\"Portada\",\"item\":\"https:\/\/legacymexicanart.com\/\"},{\"@type\":\"ListItem\",\"position\":2,\"name\":\"Shop\",\"item\":\"https:\/\/legacymexicanart.com\/es_es\/shop\/\"},{\"@type\":\"ListItem\",\"position\":3,\"name\":\"Catrina Fumadora\"}]},{\"@type\":\"WebSite\",\"@id\":\"https:\/\/legacymexicanart.com\/#website\",\"url\":\"https:\/\/legacymexicanart.com\/\",\"name\":\"\",\"description\":\"Legacy Mexican Art\",\"publisher\":{\"@id\":\"https:\/\/legacymexicanart.com\/#organization\"},\"potentialAction\":[{\"@type\":\"SearchAction\",\"target\":{\"@type\":\"EntryPoint\",\"urlTemplate\":\"https:\/\/legacymexicanart.com\/?s={search_term_string}\"},\"query-input\":\"required name=search_term_string\"}],\"inLanguage\":\"es\"},{\"@type\":\"Organization\",\"@id\":\"https:\/\/legacymexicanart.com\/#organization\",\"name\":\"Legacy Mexican Art\",\"url\":\"https:\/\/legacymexicanart.com\/\",\"logo\":{\"@type\":\"ImageObject\",\"inLanguage\":\"es\",\"@id\":\"https:\/\/legacymexicanart.com\/#\/schema\/logo\/image\/\",\"url\":\"\",\"contentUrl\":\"\",\"caption\":\"Legacy Mexican Art\"},\"image\":{\"@id\":\"https:\/\/legacymexicanart.com\/#\/schema\/logo\/image\/\"}}]}<\/script>\n<!-- \/ Yoast SEO plugin. -->","yoast_head_json":{"title":"Catrina Fumadora &#187;","description":"La Catrina Fumadora es una pieza de barro moldeada y pintada a mano en el taller del artista michoacano Juan Torres.","robots":{"index":"index","follow":"follow","max-snippet":"max-snippet:-1","max-image-preview":"max-image-preview:large","max-video-preview":"max-video-preview:-1"},"canonical":"https:\/\/legacymexicanart.com\/es_es\/product\/catrina-fumadora\/","og_locale":"es_ES","og_type":"article","og_title":"Catrina Fumadora &#187;","og_description":"La Catrina Fumadora es una pieza de barro moldeada y pintada a mano en el taller del artista michoacano Juan Torres.","og_url":"https:\/\/legacymexicanart.com\/es_es\/product\/catrina-fumadora\/","article_modified_time":"2024-02-29T19:21:28+00:00","og_image":[{"width":1466,"height":1705,"url":"https:\/\/legacymexicanart.com\/wp-content\/uploads\/2023\/08\/Catrina-Fumadora-de-Frente_LegacyMexicanArt.jpg","type":"image\/jpeg"}],"twitter_card":"summary_large_image","twitter_misc":{"Tiempo de lectura":"2 minutos"},"schema":{"@context":"https:\/\/schema.org","@graph":[{"@type":"WebPage","@id":"https:\/\/legacymexicanart.com\/product\/catrina-fumadora\/","url":"https:\/\/legacymexicanart.com\/product\/catrina-fumadora\/","name":"Catrina Fumadora &#187;","isPartOf":{"@id":"https:\/\/legacymexicanart.com\/#website"},"primaryImageOfPage":{"@id":"https:\/\/legacymexicanart.com\/product\/catrina-fumadora\/#primaryimage"},"image":{"@id":"https:\/\/legacymexicanart.com\/product\/catrina-fumadora\/#primaryimage"},"thumbnailUrl":"https:\/\/legacymexicanart.com\/wp-content\/uploads\/2023\/08\/Catrina-Fumadora-de-Frente_LegacyMexicanArt.jpg","datePublished":"2023-08-31T18:05:21+00:00","dateModified":"2024-02-29T19:21:28+00:00","description":"La Catrina Fumadora es una pieza de barro moldeada y pintada a mano en el taller del artista michoacano Juan Torres.","breadcrumb":{"@id":"https:\/\/legacymexicanart.com\/product\/catrina-fumadora\/#breadcrumb"},"inLanguage":"es","potentialAction":[{"@type":"ReadAction","target":["https:\/\/legacymexicanart.com\/product\/catrina-fumadora\/"]}]},{"@type":"ImageObject","inLanguage":"es","@id":"https:\/\/legacymexicanart.com\/product\/catrina-fumadora\/#primaryimage","url":"https:\/\/legacymexicanart.com\/wp-content\/uploads\/2023\/08\/Catrina-Fumadora-de-Frente_LegacyMexicanArt.jpg","contentUrl":"https:\/\/legacymexicanart.com\/wp-content\/uploads\/2023\/08\/Catrina-Fumadora-de-Frente_LegacyMexicanArt.jpg","width":1466,"height":1705},{"@type":"BreadcrumbList","@id":"https:\/\/legacymexicanart.com\/product\/catrina-fumadora\/#breadcrumb","itemListElement":[{"@type":"ListItem","position":1,"name":"Portada","item":"https:\/\/legacymexicanart.com\/"},{"@type":"ListItem","position":2,"name":"Shop","item":"https:\/\/legacymexicanart.com\/es_es\/shop\/"},{"@type":"ListItem","position":3,"name":"Catrina Fumadora"}]},{"@type":"WebSite","@id":"https:\/\/legacymexicanart.com\/#website","url":"https:\/\/legacymexicanart.com\/","name":"","description":"Legacy Mexican Art","publisher":{"@id":"https:\/\/legacymexicanart.com\/#organization"},"potentialAction":[{"@type":"SearchAction","target":{"@type":"EntryPoint","urlTemplate":"https:\/\/legacymexicanart.com\/?s={search_term_string}"},"query-input":"required name=search_term_string"}],"inLanguage":"es"},{"@type":"Organization","@id":"https:\/\/legacymexicanart.com\/#organization","name":"Legacy Mexican Art","url":"https:\/\/legacymexicanart.com\/","logo":{"@type":"ImageObject","inLanguage":"es","@id":"https:\/\/legacymexicanart.com\/#\/schema\/logo\/image\/","url":"","contentUrl":"","caption":"Legacy Mexican Art"},"image":{"@id":"https:\/\/legacymexicanart.com\/#\/schema\/logo\/image\/"}}]}},"_links":{"self":[{"href":"https:\/\/legacymexicanart.com\/es_es\/wp-json\/wp\/v2\/product\/1995"}],"collection":[{"href":"https:\/\/legacymexicanart.com\/es_es\/wp-json\/wp\/v2\/product"}],"about":[{"href":"https:\/\/legacymexicanart.com\/es_es\/wp-json\/wp\/v2\/types\/product"}],"replies":[{"embeddable":true,"href":"https:\/\/legacymexicanart.com\/es_es\/wp-json\/wp\/v2\/comments?post=1995"}],"wp:featuredmedia":[{"embeddable":true,"href":"https:\/\/legacymexicanart.com\/es_es\/wp-json\/wp\/v2\/media\/1996"}],"wp:attachment":[{"href":"https:\/\/legacymexicanart.com\/es_es\/wp-json\/wp\/v2\/media?parent=1995"}],"wp:term":[{"taxonomy":"product_cat","embeddable":true,"href":"https:\/\/legacymexicanart.com\/es_es\/wp-json\/wp\/v2\/product_cat?post=1995"},{"taxonomy":"product_tag","embeddable":true,"href":"https:\/\/legacymexicanart.com\/es_es\/wp-json\/wp\/v2\/product_tag?post=1995"}],"curies":[{"name":"wp","href":"https:\/\/api.w.org\/{rel}","templated":true}]}}