{"id":2047,"date":"2023-10-06T04:48:15","date_gmt":"2023-10-05T22:48:15","guid":{"rendered":"https:\/\/legacymexicanart.com\/?post_type=product&#038;p=2047"},"modified":"2025-03-19T08:16:44","modified_gmt":"2025-03-19T02:16:44","slug":"florero-de-peces","status":"publish","type":"product","link":"https:\/\/legacymexicanart.com\/es_es\/product\/florero-de-peces\/","title":{"rendered":"Florero de Peces"},"content":{"rendered":"<p>El florero de Peces est\u00e1 realizado en cer\u00e1mica de alta temperatura, dibujado a mano alzada con temas sobre el hermoso lago de P\u00e1tzcuaro en Michoac\u00e1n y pintado a mano con una hermosa tonalidad de azul .<\/p>\n<p>Esta pieza es una opci\u00f3n segura para la decoraci\u00f3n del hogar.<\/p>\n<p>Di\u00e1m: 9.5 x\u00a0 H 20 cm<\/p>\n<p><strong><em>Env\u00edo incluido a todo M\u00e9xico.<\/em><\/strong><\/p>\n<p>Legado de Michoac\u00e1n<\/p>\n<p>Innovando los procesos artesanales, la artesana Carmen utiliza cer\u00e1mica de alta temperatura en lugar de barro, que es lo que com\u00fanmente se utiliza en la regi\u00f3n de Michoac\u00e1n.<\/p>\n","protected":false},"excerpt":{"rendered":"<p><a href=\"mailto:contact@legacymexicanart.com?Subject=Mas%20info%20sku%20CUITZN1002%20\" target=\"_blank\" rel=\"noopener\"><br \/>\n<img decoding=\"async\" src=\"https:\/\/legacymexicanart.com\/wp-content\/uploads\/2021\/10\/email-Design.svg\" \/> M\u00e1s informaci\u00f3n del producto<br \/>\n<\/a><\/p>\n<p><em><strong>Env\u00edo incluido a todo M\u00e9xico<\/strong><\/em><\/p>\n","protected":false},"featured_media":2048,"comment_status":"open","ping_status":"closed","template":"","meta":[],"product_cat":[18,187],"product_tag":[470,302,471,67,445,421,257],"yoast_head":"<!-- This site is optimized with the Yoast SEO plugin v22.6 - https:\/\/yoast.com\/wordpress\/plugins\/seo\/ -->\n<title>Florero de Peces &#187;<\/title>\n<meta name=\"description\" content=\"El florero de Peces est\u00e1 realizado en cer\u00e1mica de alta temperatura, dibujado a mano alzada con temas sobre el hermoso lago de P\u00e1tzcuaro en Michoac\u00e1n\" \/>\n<meta name=\"robots\" content=\"index, follow, max-snippet:-1, max-image-preview:large, max-video-preview:-1\" \/>\n<link rel=\"canonical\" href=\"https:\/\/legacymexicanart.com\/es_es\/product\/florero-de-peces\/\" \/>\n<meta property=\"og:locale\" content=\"es_ES\" \/>\n<meta property=\"og:type\" content=\"article\" \/>\n<meta property=\"og:title\" content=\"Florero de Peces &#187;\" \/>\n<meta property=\"og:description\" content=\"El florero de Peces est\u00e1 realizado en cer\u00e1mica de alta temperatura, dibujado a mano alzada con temas sobre el hermoso lago de P\u00e1tzcuaro en Michoac\u00e1n\" \/>\n<meta property=\"og:url\" content=\"https:\/\/legacymexicanart.com\/es_es\/product\/florero-de-peces\/\" \/>\n<meta property=\"article:modified_time\" content=\"2025-03-19T02:16:44+00:00\" \/>\n<meta property=\"og:image\" content=\"https:\/\/legacymexicanart.com\/wp-content\/uploads\/2023\/10\/CUITZN_Florero-Peces-Frontal_LMA.jpg\" \/>\n\t<meta property=\"og:image:width\" content=\"1450\" \/>\n\t<meta property=\"og:image:height\" content=\"1488\" \/>\n\t<meta property=\"og:image:type\" content=\"image\/jpeg\" \/>\n<meta name=\"twitter:card\" content=\"summary_large_image\" \/>\n<meta name=\"twitter:label1\" content=\"Tiempo de lectura\" \/>\n\t<meta name=\"twitter:data1\" content=\"1 minuto\" \/>\n<script type=\"application\/ld+json\" class=\"yoast-schema-graph\">{\"@context\":\"https:\/\/schema.org\",\"@graph\":[{\"@type\":\"WebPage\",\"@id\":\"https:\/\/legacymexicanart.com\/product\/florero-de-peces\/\",\"url\":\"https:\/\/legacymexicanart.com\/product\/florero-de-peces\/\",\"name\":\"Florero de Peces &#187;\",\"isPartOf\":{\"@id\":\"https:\/\/legacymexicanart.com\/#website\"},\"primaryImageOfPage\":{\"@id\":\"https:\/\/legacymexicanart.com\/product\/florero-de-peces\/#primaryimage\"},\"image\":{\"@id\":\"https:\/\/legacymexicanart.com\/product\/florero-de-peces\/#primaryimage\"},\"thumbnailUrl\":\"https:\/\/legacymexicanart.com\/wp-content\/uploads\/2023\/10\/CUITZN_Florero-Peces-Frontal_LMA.jpg\",\"datePublished\":\"2023-10-05T22:48:15+00:00\",\"dateModified\":\"2025-03-19T02:16:44+00:00\",\"description\":\"El florero de Peces est\u00e1 realizado en cer\u00e1mica de alta temperatura, dibujado a mano alzada con temas sobre el hermoso lago de P\u00e1tzcuaro en Michoac\u00e1n\",\"breadcrumb\":{\"@id\":\"https:\/\/legacymexicanart.com\/product\/florero-de-peces\/#breadcrumb\"},\"inLanguage\":\"es\",\"potentialAction\":[{\"@type\":\"ReadAction\",\"target\":[\"https:\/\/legacymexicanart.com\/product\/florero-de-peces\/\"]}]},{\"@type\":\"ImageObject\",\"inLanguage\":\"es\",\"@id\":\"https:\/\/legacymexicanart.com\/product\/florero-de-peces\/#primaryimage\",\"url\":\"https:\/\/legacymexicanart.com\/wp-content\/uploads\/2023\/10\/CUITZN_Florero-Peces-Frontal_LMA.jpg\",\"contentUrl\":\"https:\/\/legacymexicanart.com\/wp-content\/uploads\/2023\/10\/CUITZN_Florero-Peces-Frontal_LMA.jpg\",\"width\":1450,\"height\":1488},{\"@type\":\"BreadcrumbList\",\"@id\":\"https:\/\/legacymexicanart.com\/product\/florero-de-peces\/#breadcrumb\",\"itemListElement\":[{\"@type\":\"ListItem\",\"position\":1,\"name\":\"Portada\",\"item\":\"https:\/\/legacymexicanart.com\/\"},{\"@type\":\"ListItem\",\"position\":2,\"name\":\"Shop\",\"item\":\"https:\/\/legacymexicanart.com\/es_es\/shop\/\"},{\"@type\":\"ListItem\",\"position\":3,\"name\":\"Florero de Peces\"}]},{\"@type\":\"WebSite\",\"@id\":\"https:\/\/legacymexicanart.com\/#website\",\"url\":\"https:\/\/legacymexicanart.com\/\",\"name\":\"\",\"description\":\"Legacy Mexican Art\",\"publisher\":{\"@id\":\"https:\/\/legacymexicanart.com\/#organization\"},\"potentialAction\":[{\"@type\":\"SearchAction\",\"target\":{\"@type\":\"EntryPoint\",\"urlTemplate\":\"https:\/\/legacymexicanart.com\/?s={search_term_string}\"},\"query-input\":\"required name=search_term_string\"}],\"inLanguage\":\"es\"},{\"@type\":\"Organization\",\"@id\":\"https:\/\/legacymexicanart.com\/#organization\",\"name\":\"Legacy Mexican Art\",\"url\":\"https:\/\/legacymexicanart.com\/\",\"logo\":{\"@type\":\"ImageObject\",\"inLanguage\":\"es\",\"@id\":\"https:\/\/legacymexicanart.com\/#\/schema\/logo\/image\/\",\"url\":\"\",\"contentUrl\":\"\",\"caption\":\"Legacy Mexican Art\"},\"image\":{\"@id\":\"https:\/\/legacymexicanart.com\/#\/schema\/logo\/image\/\"}}]}<\/script>\n<!-- \/ Yoast SEO plugin. -->","yoast_head_json":{"title":"Florero de Peces &#187;","description":"El florero de Peces est\u00e1 realizado en cer\u00e1mica de alta temperatura, dibujado a mano alzada con temas sobre el hermoso lago de P\u00e1tzcuaro en Michoac\u00e1n","robots":{"index":"index","follow":"follow","max-snippet":"max-snippet:-1","max-image-preview":"max-image-preview:large","max-video-preview":"max-video-preview:-1"},"canonical":"https:\/\/legacymexicanart.com\/es_es\/product\/florero-de-peces\/","og_locale":"es_ES","og_type":"article","og_title":"Florero de Peces &#187;","og_description":"El florero de Peces est\u00e1 realizado en cer\u00e1mica de alta temperatura, dibujado a mano alzada con temas sobre el hermoso lago de P\u00e1tzcuaro en Michoac\u00e1n","og_url":"https:\/\/legacymexicanart.com\/es_es\/product\/florero-de-peces\/","article_modified_time":"2025-03-19T02:16:44+00:00","og_image":[{"width":1450,"height":1488,"url":"https:\/\/legacymexicanart.com\/wp-content\/uploads\/2023\/10\/CUITZN_Florero-Peces-Frontal_LMA.jpg","type":"image\/jpeg"}],"twitter_card":"summary_large_image","twitter_misc":{"Tiempo de lectura":"1 minuto"},"schema":{"@context":"https:\/\/schema.org","@graph":[{"@type":"WebPage","@id":"https:\/\/legacymexicanart.com\/product\/florero-de-peces\/","url":"https:\/\/legacymexicanart.com\/product\/florero-de-peces\/","name":"Florero de Peces &#187;","isPartOf":{"@id":"https:\/\/legacymexicanart.com\/#website"},"primaryImageOfPage":{"@id":"https:\/\/legacymexicanart.com\/product\/florero-de-peces\/#primaryimage"},"image":{"@id":"https:\/\/legacymexicanart.com\/product\/florero-de-peces\/#primaryimage"},"thumbnailUrl":"https:\/\/legacymexicanart.com\/wp-content\/uploads\/2023\/10\/CUITZN_Florero-Peces-Frontal_LMA.jpg","datePublished":"2023-10-05T22:48:15+00:00","dateModified":"2025-03-19T02:16:44+00:00","description":"El florero de Peces est\u00e1 realizado en cer\u00e1mica de alta temperatura, dibujado a mano alzada con temas sobre el hermoso lago de P\u00e1tzcuaro en Michoac\u00e1n","breadcrumb":{"@id":"https:\/\/legacymexicanart.com\/product\/florero-de-peces\/#breadcrumb"},"inLanguage":"es","potentialAction":[{"@type":"ReadAction","target":["https:\/\/legacymexicanart.com\/product\/florero-de-peces\/"]}]},{"@type":"ImageObject","inLanguage":"es","@id":"https:\/\/legacymexicanart.com\/product\/florero-de-peces\/#primaryimage","url":"https:\/\/legacymexicanart.com\/wp-content\/uploads\/2023\/10\/CUITZN_Florero-Peces-Frontal_LMA.jpg","contentUrl":"https:\/\/legacymexicanart.com\/wp-content\/uploads\/2023\/10\/CUITZN_Florero-Peces-Frontal_LMA.jpg","width":1450,"height":1488},{"@type":"BreadcrumbList","@id":"https:\/\/legacymexicanart.com\/product\/florero-de-peces\/#breadcrumb","itemListElement":[{"@type":"ListItem","position":1,"name":"Portada","item":"https:\/\/legacymexicanart.com\/"},{"@type":"ListItem","position":2,"name":"Shop","item":"https:\/\/legacymexicanart.com\/es_es\/shop\/"},{"@type":"ListItem","position":3,"name":"Florero de Peces"}]},{"@type":"WebSite","@id":"https:\/\/legacymexicanart.com\/#website","url":"https:\/\/legacymexicanart.com\/","name":"","description":"Legacy Mexican Art","publisher":{"@id":"https:\/\/legacymexicanart.com\/#organization"},"potentialAction":[{"@type":"SearchAction","target":{"@type":"EntryPoint","urlTemplate":"https:\/\/legacymexicanart.com\/?s={search_term_string}"},"query-input":"required name=search_term_string"}],"inLanguage":"es"},{"@type":"Organization","@id":"https:\/\/legacymexicanart.com\/#organization","name":"Legacy Mexican Art","url":"https:\/\/legacymexicanart.com\/","logo":{"@type":"ImageObject","inLanguage":"es","@id":"https:\/\/legacymexicanart.com\/#\/schema\/logo\/image\/","url":"","contentUrl":"","caption":"Legacy Mexican Art"},"image":{"@id":"https:\/\/legacymexicanart.com\/#\/schema\/logo\/image\/"}}]}},"_links":{"self":[{"href":"https:\/\/legacymexicanart.com\/es_es\/wp-json\/wp\/v2\/product\/2047"}],"collection":[{"href":"https:\/\/legacymexicanart.com\/es_es\/wp-json\/wp\/v2\/product"}],"about":[{"href":"https:\/\/legacymexicanart.com\/es_es\/wp-json\/wp\/v2\/types\/product"}],"replies":[{"embeddable":true,"href":"https:\/\/legacymexicanart.com\/es_es\/wp-json\/wp\/v2\/comments?post=2047"}],"wp:featuredmedia":[{"embeddable":true,"href":"https:\/\/legacymexicanart.com\/es_es\/wp-json\/wp\/v2\/media\/2048"}],"wp:attachment":[{"href":"https:\/\/legacymexicanart.com\/es_es\/wp-json\/wp\/v2\/media?parent=2047"}],"wp:term":[{"taxonomy":"product_cat","embeddable":true,"href":"https:\/\/legacymexicanart.com\/es_es\/wp-json\/wp\/v2\/product_cat?post=2047"},{"taxonomy":"product_tag","embeddable":true,"href":"https:\/\/legacymexicanart.com\/es_es\/wp-json\/wp\/v2\/product_tag?post=2047"}],"curies":[{"name":"wp","href":"https:\/\/api.w.org\/{rel}","templated":true}]}}