{"id":2056,"date":"2023-11-11T00:21:21","date_gmt":"2023-11-10T18:21:21","guid":{"rendered":"https:\/\/legacymexicanart.com\/?post_type=product&#038;p=2056"},"modified":"2023-11-11T01:06:12","modified_gmt":"2023-11-10T19:06:12","slug":"tapete-personalizado","status":"publish","type":"product","link":"https:\/\/legacymexicanart.com\/es_es\/product\/tapete-personalizado\/","title":{"rendered":"Tapetes Personalizados"},"content":{"rendered":"<p>Podemos realizar tapetes personalizados con dise\u00f1o y medida a tu gusto y necesidades.<\/p>\n<p>Si tienes una idea del patr\u00f3n, dise\u00f1o, colores y medidas escr\u00edbenos a <a href=\"mailto:costume@legacymexicanart.com\" target=\"_blank\" rel=\"noreferrer noopener\">contact@legacymexicanart.com<\/a> y m\u00e1ndanos la idea de tu tapete personalizado y el artesano se encargar\u00e1 del resto con su creatividad y estilo!!<\/p>\n<p>El tiempo de producci\u00f3n es de 12 semanas, independiente del tiempo de env\u00edo.<\/p>\n","protected":false},"excerpt":{"rendered":"<p><a href=\"mailto:contact@legacymexicanart.com?Subject=Mas%20info%20sku%20TEOJC008%20\" target=\"_blank\" rel=\"noopener\"><br \/>\n<img decoding=\"async\" src=\"https:\/\/legacymexicanart.com\/wp-content\/uploads\/2021\/10\/email-Design.svg\" \/> M\u00e1s informaci\u00f3n del producto<br \/>\n<\/a><\/p>\n","protected":false},"featured_media":2057,"comment_status":"open","ping_status":"closed","template":"","meta":[],"product_cat":[418,18,188,17],"product_tag":[],"yoast_head":"<!-- This site is optimized with the Yoast SEO plugin v22.6 - https:\/\/yoast.com\/wordpress\/plugins\/seo\/ -->\n<title>Tapetes Personalizados &#187;<\/title>\n<meta name=\"description\" content=\"Tapete Personalizado con dise\u00f1o y medida. a tu gusto y necesidades.\" \/>\n<meta name=\"robots\" content=\"index, follow, max-snippet:-1, max-image-preview:large, max-video-preview:-1\" \/>\n<link rel=\"canonical\" href=\"https:\/\/legacymexicanart.com\/es_es\/product\/tapete-personalizado\/\" \/>\n<meta property=\"og:locale\" content=\"es_ES\" \/>\n<meta property=\"og:type\" content=\"article\" \/>\n<meta property=\"og:title\" content=\"Tapetes Personalizados &#187;\" \/>\n<meta property=\"og:description\" content=\"Tapete Personalizado con dise\u00f1o y medida. a tu gusto y necesidades.\" \/>\n<meta property=\"og:url\" content=\"https:\/\/legacymexicanart.com\/es_es\/product\/tapete-personalizado\/\" \/>\n<meta property=\"article:modified_time\" content=\"2023-11-10T19:06:12+00:00\" \/>\n<meta property=\"og:image\" content=\"https:\/\/legacymexicanart.com\/wp-content\/uploads\/2023\/11\/IMG-20211230-WA0000.jpg\" \/>\n\t<meta property=\"og:image:width\" content=\"1280\" \/>\n\t<meta property=\"og:image:height\" content=\"960\" \/>\n\t<meta property=\"og:image:type\" content=\"image\/jpeg\" \/>\n<meta name=\"twitter:card\" content=\"summary_large_image\" \/>\n<meta name=\"twitter:label1\" content=\"Tiempo de lectura\" \/>\n\t<meta name=\"twitter:data1\" content=\"1 minuto\" \/>\n<script type=\"application\/ld+json\" class=\"yoast-schema-graph\">{\"@context\":\"https:\/\/schema.org\",\"@graph\":[{\"@type\":\"WebPage\",\"@id\":\"https:\/\/legacymexicanart.com\/product\/tapete-personalizado\/\",\"url\":\"https:\/\/legacymexicanart.com\/product\/tapete-personalizado\/\",\"name\":\"Tapetes Personalizados &#187;\",\"isPartOf\":{\"@id\":\"https:\/\/legacymexicanart.com\/#website\"},\"primaryImageOfPage\":{\"@id\":\"https:\/\/legacymexicanart.com\/product\/tapete-personalizado\/#primaryimage\"},\"image\":{\"@id\":\"https:\/\/legacymexicanart.com\/product\/tapete-personalizado\/#primaryimage\"},\"thumbnailUrl\":\"https:\/\/legacymexicanart.com\/wp-content\/uploads\/2023\/11\/IMG-20211230-WA0000.jpg\",\"datePublished\":\"2023-11-10T18:21:21+00:00\",\"dateModified\":\"2023-11-10T19:06:12+00:00\",\"description\":\"Tapete Personalizado con dise\u00f1o y medida. a tu gusto y necesidades.\",\"breadcrumb\":{\"@id\":\"https:\/\/legacymexicanart.com\/product\/tapete-personalizado\/#breadcrumb\"},\"inLanguage\":\"es\",\"potentialAction\":[{\"@type\":\"ReadAction\",\"target\":[\"https:\/\/legacymexicanart.com\/product\/tapete-personalizado\/\"]}]},{\"@type\":\"ImageObject\",\"inLanguage\":\"es\",\"@id\":\"https:\/\/legacymexicanart.com\/product\/tapete-personalizado\/#primaryimage\",\"url\":\"https:\/\/legacymexicanart.com\/wp-content\/uploads\/2023\/11\/IMG-20211230-WA0000.jpg\",\"contentUrl\":\"https:\/\/legacymexicanart.com\/wp-content\/uploads\/2023\/11\/IMG-20211230-WA0000.jpg\",\"width\":1280,\"height\":960},{\"@type\":\"BreadcrumbList\",\"@id\":\"https:\/\/legacymexicanart.com\/product\/tapete-personalizado\/#breadcrumb\",\"itemListElement\":[{\"@type\":\"ListItem\",\"position\":1,\"name\":\"Portada\",\"item\":\"https:\/\/legacymexicanart.com\/\"},{\"@type\":\"ListItem\",\"position\":2,\"name\":\"Shop\",\"item\":\"https:\/\/legacymexicanart.com\/es_es\/shop\/\"},{\"@type\":\"ListItem\",\"position\":3,\"name\":\"Tapetes Personalizados\"}]},{\"@type\":\"WebSite\",\"@id\":\"https:\/\/legacymexicanart.com\/#website\",\"url\":\"https:\/\/legacymexicanart.com\/\",\"name\":\"\",\"description\":\"Legacy Mexican Art\",\"publisher\":{\"@id\":\"https:\/\/legacymexicanart.com\/#organization\"},\"potentialAction\":[{\"@type\":\"SearchAction\",\"target\":{\"@type\":\"EntryPoint\",\"urlTemplate\":\"https:\/\/legacymexicanart.com\/?s={search_term_string}\"},\"query-input\":\"required name=search_term_string\"}],\"inLanguage\":\"es\"},{\"@type\":\"Organization\",\"@id\":\"https:\/\/legacymexicanart.com\/#organization\",\"name\":\"Legacy Mexican Art\",\"url\":\"https:\/\/legacymexicanart.com\/\",\"logo\":{\"@type\":\"ImageObject\",\"inLanguage\":\"es\",\"@id\":\"https:\/\/legacymexicanart.com\/#\/schema\/logo\/image\/\",\"url\":\"\",\"contentUrl\":\"\",\"caption\":\"Legacy Mexican Art\"},\"image\":{\"@id\":\"https:\/\/legacymexicanart.com\/#\/schema\/logo\/image\/\"}}]}<\/script>\n<!-- \/ Yoast SEO plugin. -->","yoast_head_json":{"title":"Tapetes Personalizados &#187;","description":"Tapete Personalizado con dise\u00f1o y medida. a tu gusto y necesidades.","robots":{"index":"index","follow":"follow","max-snippet":"max-snippet:-1","max-image-preview":"max-image-preview:large","max-video-preview":"max-video-preview:-1"},"canonical":"https:\/\/legacymexicanart.com\/es_es\/product\/tapete-personalizado\/","og_locale":"es_ES","og_type":"article","og_title":"Tapetes Personalizados &#187;","og_description":"Tapete Personalizado con dise\u00f1o y medida. a tu gusto y necesidades.","og_url":"https:\/\/legacymexicanart.com\/es_es\/product\/tapete-personalizado\/","article_modified_time":"2023-11-10T19:06:12+00:00","og_image":[{"width":1280,"height":960,"url":"https:\/\/legacymexicanart.com\/wp-content\/uploads\/2023\/11\/IMG-20211230-WA0000.jpg","type":"image\/jpeg"}],"twitter_card":"summary_large_image","twitter_misc":{"Tiempo de lectura":"1 minuto"},"schema":{"@context":"https:\/\/schema.org","@graph":[{"@type":"WebPage","@id":"https:\/\/legacymexicanart.com\/product\/tapete-personalizado\/","url":"https:\/\/legacymexicanart.com\/product\/tapete-personalizado\/","name":"Tapetes Personalizados &#187;","isPartOf":{"@id":"https:\/\/legacymexicanart.com\/#website"},"primaryImageOfPage":{"@id":"https:\/\/legacymexicanart.com\/product\/tapete-personalizado\/#primaryimage"},"image":{"@id":"https:\/\/legacymexicanart.com\/product\/tapete-personalizado\/#primaryimage"},"thumbnailUrl":"https:\/\/legacymexicanart.com\/wp-content\/uploads\/2023\/11\/IMG-20211230-WA0000.jpg","datePublished":"2023-11-10T18:21:21+00:00","dateModified":"2023-11-10T19:06:12+00:00","description":"Tapete Personalizado con dise\u00f1o y medida. a tu gusto y necesidades.","breadcrumb":{"@id":"https:\/\/legacymexicanart.com\/product\/tapete-personalizado\/#breadcrumb"},"inLanguage":"es","potentialAction":[{"@type":"ReadAction","target":["https:\/\/legacymexicanart.com\/product\/tapete-personalizado\/"]}]},{"@type":"ImageObject","inLanguage":"es","@id":"https:\/\/legacymexicanart.com\/product\/tapete-personalizado\/#primaryimage","url":"https:\/\/legacymexicanart.com\/wp-content\/uploads\/2023\/11\/IMG-20211230-WA0000.jpg","contentUrl":"https:\/\/legacymexicanart.com\/wp-content\/uploads\/2023\/11\/IMG-20211230-WA0000.jpg","width":1280,"height":960},{"@type":"BreadcrumbList","@id":"https:\/\/legacymexicanart.com\/product\/tapete-personalizado\/#breadcrumb","itemListElement":[{"@type":"ListItem","position":1,"name":"Portada","item":"https:\/\/legacymexicanart.com\/"},{"@type":"ListItem","position":2,"name":"Shop","item":"https:\/\/legacymexicanart.com\/es_es\/shop\/"},{"@type":"ListItem","position":3,"name":"Tapetes Personalizados"}]},{"@type":"WebSite","@id":"https:\/\/legacymexicanart.com\/#website","url":"https:\/\/legacymexicanart.com\/","name":"","description":"Legacy Mexican Art","publisher":{"@id":"https:\/\/legacymexicanart.com\/#organization"},"potentialAction":[{"@type":"SearchAction","target":{"@type":"EntryPoint","urlTemplate":"https:\/\/legacymexicanart.com\/?s={search_term_string}"},"query-input":"required name=search_term_string"}],"inLanguage":"es"},{"@type":"Organization","@id":"https:\/\/legacymexicanart.com\/#organization","name":"Legacy Mexican Art","url":"https:\/\/legacymexicanart.com\/","logo":{"@type":"ImageObject","inLanguage":"es","@id":"https:\/\/legacymexicanart.com\/#\/schema\/logo\/image\/","url":"","contentUrl":"","caption":"Legacy Mexican Art"},"image":{"@id":"https:\/\/legacymexicanart.com\/#\/schema\/logo\/image\/"}}]}},"_links":{"self":[{"href":"https:\/\/legacymexicanart.com\/es_es\/wp-json\/wp\/v2\/product\/2056"}],"collection":[{"href":"https:\/\/legacymexicanart.com\/es_es\/wp-json\/wp\/v2\/product"}],"about":[{"href":"https:\/\/legacymexicanart.com\/es_es\/wp-json\/wp\/v2\/types\/product"}],"replies":[{"embeddable":true,"href":"https:\/\/legacymexicanart.com\/es_es\/wp-json\/wp\/v2\/comments?post=2056"}],"wp:featuredmedia":[{"embeddable":true,"href":"https:\/\/legacymexicanart.com\/es_es\/wp-json\/wp\/v2\/media\/2057"}],"wp:attachment":[{"href":"https:\/\/legacymexicanart.com\/es_es\/wp-json\/wp\/v2\/media?parent=2056"}],"wp:term":[{"taxonomy":"product_cat","embeddable":true,"href":"https:\/\/legacymexicanart.com\/es_es\/wp-json\/wp\/v2\/product_cat?post=2056"},{"taxonomy":"product_tag","embeddable":true,"href":"https:\/\/legacymexicanart.com\/es_es\/wp-json\/wp\/v2\/product_tag?post=2056"}],"curies":[{"name":"wp","href":"https:\/\/api.w.org\/{rel}","templated":true}]}}