{"id":2060,"date":"2023-11-11T00:57:54","date_gmt":"2023-11-10T18:57:54","guid":{"rendered":"https:\/\/legacymexicanart.com\/?post_type=product&#038;p=2060"},"modified":"2023-11-11T01:04:24","modified_gmt":"2023-11-10T19:04:24","slug":"cuadros-personalizados","status":"publish","type":"product","link":"https:\/\/legacymexicanart.com\/es_es\/product\/cuadros-personalizados\/","title":{"rendered":"Cuadros Personalizados"},"content":{"rendered":"<p>Trabajamos tambi\u00e9n con cuadros personalizados de popotillo, si buscas una medida en especial, un marco de color blanco, negro, chocolate, un set de 2 o hasta tres cuadros, o bien s\u00f3lo deseas colgar una de nuestras estrellas de popotillo para que luzcan hermosas sobre una pared o muro como parte dela decoraci\u00f3n, s\u00f3lo escr\u00edbenos a <a href=\"mailto:contact@legacymexicanart.com\">contact@legacymexicanart.com<\/a> y m\u00e1ndanos tus ideas y el artesano con su creatividad y estilo se encargar\u00e1 del resto!<\/p>\n<p>El tiempo de producci\u00f3n es de 8 semanas, independiente del tiempo de env\u00edo.<\/p>\n","protected":false},"excerpt":{"rendered":"<p><a href=\"mailto:contact@legacymexicanart.com?Subject=Mas%20info%20sku%20TZNAC006%20\" target=\"_blank\" rel=\"noopener\"><br \/>\n<img decoding=\"async\" src=\"https:\/\/legacymexicanart.com\/wp-content\/uploads\/2021\/10\/email-Design.svg\" \/> M\u00e1s informaci\u00f3n del producto<br \/>\n<\/a><\/p>\n","protected":false},"featured_media":2061,"comment_status":"open","ping_status":"closed","template":"","meta":[],"product_cat":[18,191],"product_tag":[],"yoast_head":"<!-- This site is optimized with the Yoast SEO plugin v22.6 - https:\/\/yoast.com\/wordpress\/plugins\/seo\/ -->\n<title>Cuadros Personalizados &#187;<\/title>\n<meta name=\"description\" content=\"Trabajamos tambi\u00e9n con cuadros personalizados de popotillo, si buscas una medida en especial, un marco de color blanco, negro, chocolate\" \/>\n<meta name=\"robots\" content=\"index, follow, max-snippet:-1, max-image-preview:large, max-video-preview:-1\" \/>\n<link rel=\"canonical\" href=\"https:\/\/legacymexicanart.com\/es_es\/product\/cuadros-personalizados\/\" \/>\n<meta property=\"og:locale\" content=\"es_ES\" \/>\n<meta property=\"og:type\" content=\"article\" \/>\n<meta property=\"og:title\" content=\"Cuadros Personalizados &#187;\" \/>\n<meta property=\"og:description\" content=\"Trabajamos tambi\u00e9n con cuadros personalizados de popotillo, si buscas una medida en especial, un marco de color blanco, negro, chocolate\" \/>\n<meta property=\"og:url\" content=\"https:\/\/legacymexicanart.com\/es_es\/product\/cuadros-personalizados\/\" \/>\n<meta property=\"article:modified_time\" content=\"2023-11-10T19:04:24+00:00\" \/>\n<meta property=\"og:image\" content=\"https:\/\/legacymexicanart.com\/wp-content\/uploads\/2023\/11\/Screenshot_20210923-172152_WhatsApp.jpg\" \/>\n\t<meta property=\"og:image:width\" content=\"1080\" \/>\n\t<meta property=\"og:image:height\" content=\"2220\" \/>\n\t<meta property=\"og:image:type\" content=\"image\/jpeg\" \/>\n<meta name=\"twitter:card\" content=\"summary_large_image\" \/>\n<meta name=\"twitter:label1\" content=\"Tiempo de lectura\" \/>\n\t<meta name=\"twitter:data1\" content=\"1 minuto\" \/>\n<script type=\"application\/ld+json\" class=\"yoast-schema-graph\">{\"@context\":\"https:\/\/schema.org\",\"@graph\":[{\"@type\":\"WebPage\",\"@id\":\"https:\/\/legacymexicanart.com\/product\/cuadros-personalizados\/\",\"url\":\"https:\/\/legacymexicanart.com\/product\/cuadros-personalizados\/\",\"name\":\"Cuadros Personalizados &#187;\",\"isPartOf\":{\"@id\":\"https:\/\/legacymexicanart.com\/#website\"},\"primaryImageOfPage\":{\"@id\":\"https:\/\/legacymexicanart.com\/product\/cuadros-personalizados\/#primaryimage\"},\"image\":{\"@id\":\"https:\/\/legacymexicanart.com\/product\/cuadros-personalizados\/#primaryimage\"},\"thumbnailUrl\":\"https:\/\/legacymexicanart.com\/wp-content\/uploads\/2023\/11\/Screenshot_20210923-172152_WhatsApp.jpg\",\"datePublished\":\"2023-11-10T18:57:54+00:00\",\"dateModified\":\"2023-11-10T19:04:24+00:00\",\"description\":\"Trabajamos tambi\u00e9n con cuadros personalizados de popotillo, si buscas una medida en especial, un marco de color blanco, negro, chocolate\",\"breadcrumb\":{\"@id\":\"https:\/\/legacymexicanart.com\/product\/cuadros-personalizados\/#breadcrumb\"},\"inLanguage\":\"es\",\"potentialAction\":[{\"@type\":\"ReadAction\",\"target\":[\"https:\/\/legacymexicanart.com\/product\/cuadros-personalizados\/\"]}]},{\"@type\":\"ImageObject\",\"inLanguage\":\"es\",\"@id\":\"https:\/\/legacymexicanart.com\/product\/cuadros-personalizados\/#primaryimage\",\"url\":\"https:\/\/legacymexicanart.com\/wp-content\/uploads\/2023\/11\/Screenshot_20210923-172152_WhatsApp.jpg\",\"contentUrl\":\"https:\/\/legacymexicanart.com\/wp-content\/uploads\/2023\/11\/Screenshot_20210923-172152_WhatsApp.jpg\",\"width\":1080,\"height\":2220},{\"@type\":\"BreadcrumbList\",\"@id\":\"https:\/\/legacymexicanart.com\/product\/cuadros-personalizados\/#breadcrumb\",\"itemListElement\":[{\"@type\":\"ListItem\",\"position\":1,\"name\":\"Portada\",\"item\":\"https:\/\/legacymexicanart.com\/\"},{\"@type\":\"ListItem\",\"position\":2,\"name\":\"Shop\",\"item\":\"https:\/\/legacymexicanart.com\/es_es\/shop\/\"},{\"@type\":\"ListItem\",\"position\":3,\"name\":\"Cuadros Personalizados\"}]},{\"@type\":\"WebSite\",\"@id\":\"https:\/\/legacymexicanart.com\/#website\",\"url\":\"https:\/\/legacymexicanart.com\/\",\"name\":\"\",\"description\":\"Legacy Mexican Art\",\"publisher\":{\"@id\":\"https:\/\/legacymexicanart.com\/#organization\"},\"potentialAction\":[{\"@type\":\"SearchAction\",\"target\":{\"@type\":\"EntryPoint\",\"urlTemplate\":\"https:\/\/legacymexicanart.com\/?s={search_term_string}\"},\"query-input\":\"required name=search_term_string\"}],\"inLanguage\":\"es\"},{\"@type\":\"Organization\",\"@id\":\"https:\/\/legacymexicanart.com\/#organization\",\"name\":\"Legacy Mexican Art\",\"url\":\"https:\/\/legacymexicanart.com\/\",\"logo\":{\"@type\":\"ImageObject\",\"inLanguage\":\"es\",\"@id\":\"https:\/\/legacymexicanart.com\/#\/schema\/logo\/image\/\",\"url\":\"\",\"contentUrl\":\"\",\"caption\":\"Legacy Mexican Art\"},\"image\":{\"@id\":\"https:\/\/legacymexicanart.com\/#\/schema\/logo\/image\/\"}}]}<\/script>\n<!-- \/ Yoast SEO plugin. -->","yoast_head_json":{"title":"Cuadros Personalizados &#187;","description":"Trabajamos tambi\u00e9n con cuadros personalizados de popotillo, si buscas una medida en especial, un marco de color blanco, negro, chocolate","robots":{"index":"index","follow":"follow","max-snippet":"max-snippet:-1","max-image-preview":"max-image-preview:large","max-video-preview":"max-video-preview:-1"},"canonical":"https:\/\/legacymexicanart.com\/es_es\/product\/cuadros-personalizados\/","og_locale":"es_ES","og_type":"article","og_title":"Cuadros Personalizados &#187;","og_description":"Trabajamos tambi\u00e9n con cuadros personalizados de popotillo, si buscas una medida en especial, un marco de color blanco, negro, chocolate","og_url":"https:\/\/legacymexicanart.com\/es_es\/product\/cuadros-personalizados\/","article_modified_time":"2023-11-10T19:04:24+00:00","og_image":[{"width":1080,"height":2220,"url":"https:\/\/legacymexicanart.com\/wp-content\/uploads\/2023\/11\/Screenshot_20210923-172152_WhatsApp.jpg","type":"image\/jpeg"}],"twitter_card":"summary_large_image","twitter_misc":{"Tiempo de lectura":"1 minuto"},"schema":{"@context":"https:\/\/schema.org","@graph":[{"@type":"WebPage","@id":"https:\/\/legacymexicanart.com\/product\/cuadros-personalizados\/","url":"https:\/\/legacymexicanart.com\/product\/cuadros-personalizados\/","name":"Cuadros Personalizados &#187;","isPartOf":{"@id":"https:\/\/legacymexicanart.com\/#website"},"primaryImageOfPage":{"@id":"https:\/\/legacymexicanart.com\/product\/cuadros-personalizados\/#primaryimage"},"image":{"@id":"https:\/\/legacymexicanart.com\/product\/cuadros-personalizados\/#primaryimage"},"thumbnailUrl":"https:\/\/legacymexicanart.com\/wp-content\/uploads\/2023\/11\/Screenshot_20210923-172152_WhatsApp.jpg","datePublished":"2023-11-10T18:57:54+00:00","dateModified":"2023-11-10T19:04:24+00:00","description":"Trabajamos tambi\u00e9n con cuadros personalizados de popotillo, si buscas una medida en especial, un marco de color blanco, negro, chocolate","breadcrumb":{"@id":"https:\/\/legacymexicanart.com\/product\/cuadros-personalizados\/#breadcrumb"},"inLanguage":"es","potentialAction":[{"@type":"ReadAction","target":["https:\/\/legacymexicanart.com\/product\/cuadros-personalizados\/"]}]},{"@type":"ImageObject","inLanguage":"es","@id":"https:\/\/legacymexicanart.com\/product\/cuadros-personalizados\/#primaryimage","url":"https:\/\/legacymexicanart.com\/wp-content\/uploads\/2023\/11\/Screenshot_20210923-172152_WhatsApp.jpg","contentUrl":"https:\/\/legacymexicanart.com\/wp-content\/uploads\/2023\/11\/Screenshot_20210923-172152_WhatsApp.jpg","width":1080,"height":2220},{"@type":"BreadcrumbList","@id":"https:\/\/legacymexicanart.com\/product\/cuadros-personalizados\/#breadcrumb","itemListElement":[{"@type":"ListItem","position":1,"name":"Portada","item":"https:\/\/legacymexicanart.com\/"},{"@type":"ListItem","position":2,"name":"Shop","item":"https:\/\/legacymexicanart.com\/es_es\/shop\/"},{"@type":"ListItem","position":3,"name":"Cuadros Personalizados"}]},{"@type":"WebSite","@id":"https:\/\/legacymexicanart.com\/#website","url":"https:\/\/legacymexicanart.com\/","name":"","description":"Legacy Mexican Art","publisher":{"@id":"https:\/\/legacymexicanart.com\/#organization"},"potentialAction":[{"@type":"SearchAction","target":{"@type":"EntryPoint","urlTemplate":"https:\/\/legacymexicanart.com\/?s={search_term_string}"},"query-input":"required name=search_term_string"}],"inLanguage":"es"},{"@type":"Organization","@id":"https:\/\/legacymexicanart.com\/#organization","name":"Legacy Mexican Art","url":"https:\/\/legacymexicanart.com\/","logo":{"@type":"ImageObject","inLanguage":"es","@id":"https:\/\/legacymexicanart.com\/#\/schema\/logo\/image\/","url":"","contentUrl":"","caption":"Legacy Mexican Art"},"image":{"@id":"https:\/\/legacymexicanart.com\/#\/schema\/logo\/image\/"}}]}},"_links":{"self":[{"href":"https:\/\/legacymexicanart.com\/es_es\/wp-json\/wp\/v2\/product\/2060"}],"collection":[{"href":"https:\/\/legacymexicanart.com\/es_es\/wp-json\/wp\/v2\/product"}],"about":[{"href":"https:\/\/legacymexicanart.com\/es_es\/wp-json\/wp\/v2\/types\/product"}],"replies":[{"embeddable":true,"href":"https:\/\/legacymexicanart.com\/es_es\/wp-json\/wp\/v2\/comments?post=2060"}],"wp:featuredmedia":[{"embeddable":true,"href":"https:\/\/legacymexicanart.com\/es_es\/wp-json\/wp\/v2\/media\/2061"}],"wp:attachment":[{"href":"https:\/\/legacymexicanart.com\/es_es\/wp-json\/wp\/v2\/media?parent=2060"}],"wp:term":[{"taxonomy":"product_cat","embeddable":true,"href":"https:\/\/legacymexicanart.com\/es_es\/wp-json\/wp\/v2\/product_cat?post=2060"},{"taxonomy":"product_tag","embeddable":true,"href":"https:\/\/legacymexicanart.com\/es_es\/wp-json\/wp\/v2\/product_tag?post=2060"}],"curies":[{"name":"wp","href":"https:\/\/api.w.org\/{rel}","templated":true}]}}