{"id":985,"date":"2021-09-03T06:57:18","date_gmt":"2021-09-03T00:57:18","guid":{"rendered":"https:\/\/legacymexicanart.com\/?post_type=product&#038;p=985"},"modified":"2025-07-03T02:53:31","modified_gmt":"2025-07-02T20:53:31","slug":"jarra-de-agua","status":"publish","type":"product","link":"https:\/\/legacymexicanart.com\/es_es\/product\/jarra-de-agua\/","title":{"rendered":"Jarra de Agua"},"content":{"rendered":"<p>Jarra de Agua realizada en cobre martillado a mano acabado brillante, hecha por artesanos de santa clara del cobre.<\/p>\n<p>Es una pieza hermosa y elegante con un ligero toque cl\u00e1sico. Adem\u00e1s sab\u00edas que almacenar agua en esta jarra de cobre traer\u00e1 grandes beneficios a tu salud.<\/p>\n<p>Capacidad: <strong>1.500 Lt<\/strong><\/p>\n<p>Di\u00e1m. 11 x H. 17.5 cm<\/p>\n<p>Artesano: Ismael Garc\u00eda<\/p>\n<p>Cuidados y limpieza:<\/p>\n<p>Para su comodidad nosotros ya nos encargamos de curar la jarra de cobre. Para empezar a usarla \u00fanicamente lavar por dentro con un detergente lavavajillas, utilizando una esponja suave, enjuaga y seca perfectamente. El cobre puro se puede oxidar con el tiempo, pero no te preocupes esto es normal por la naturaleza del material, para devolverle su aspecto brillante y sin manchas puedes utilizar la crema Brasso para limpiar y posteriormente lavarlo normalmente.<\/p>\n<p>Para los terminados especiales que son turquesa o grafito \u00fanicamente la parte exterior se enjuaga con agua y se seca con un pa\u00f1o seco, no tallar ni utilizar jabones abrasivos para estos acabados.<\/p>\n<p>Legado de Santa Clara del Cobre:<\/p>\n<p>Con la llegada de los Franciscanos aproximadamente en 1525, en este lugar se aprecian las ense\u00f1anzas de Don Vasco de Quiroga primer obispo de Michoac\u00e1n.<\/p>\n<p>Fue \u00e9l qui\u00e9n fusion\u00f3 el conocimiento artesanal prehisp\u00e1nico con las t\u00e9cnicas espa\u00f1olas como es el cincelado.<\/p>\n<p>Desde la \u00e9poca colonial, este pintoresco pueblo es cuna de maestros artesanos que crean con sus manos verdaderas obras de arte. Siguiendo una tradici\u00f3n que va de generaci\u00f3n en generaci\u00f3n.<\/p>\n<p>http:\/\/Es una pieza hermosa y elegante con un ligero toque cl\u00e1sico.<\/p>\n<p><a href=\"https:\/\/legacymexicanart.com\/wp-content\/uploads\/2021\/09\/Jarra-de-cobre.png\">https:\/\/legacymexicanart.com\/wp-content\/uploads\/2021\/09\/Jarra-de-cobre.png<\/a><\/p>\n<p>&nbsp;<\/p>\n<p>&nbsp;<\/p>\n","protected":false},"excerpt":{"rendered":"<p><a href=\"mailto:contact@legacymexicanart.com?Subject=Mas%20info%20sku%20SCCIG017%20\" target=\"_blank\" rel=\"noopener\"><br \/>\n<img decoding=\"async\" src=\"https:\/\/legacymexicanart.com\/wp-content\/uploads\/2021\/10\/email-Design.svg\" \/> M\u00e1s informaci\u00f3n del producto<br \/>\n<\/a><\/p>\n<p><em><strong>Env\u00edo incluido a todo M\u00e9xico.<\/strong><\/em><\/p>\n","protected":false},"featured_media":1620,"comment_status":"open","ping_status":"closed","template":"","meta":[],"product_cat":[18,190,17,198,197],"product_tag":[141,83,68,121,140,69],"yoast_head":"<!-- This site is optimized with the Yoast SEO plugin v22.6 - https:\/\/yoast.com\/wordpress\/plugins\/seo\/ -->\n<title>Jarra de Agua &#187;<\/title>\n<meta name=\"description\" content=\"Jarra de cobre martillado a mano acabado brillante, hecha por artesanos de santa clara del cobre. Es una pieza hermosa y elegante.\" \/>\n<meta name=\"robots\" content=\"index, follow, max-snippet:-1, max-image-preview:large, max-video-preview:-1\" \/>\n<link rel=\"canonical\" href=\"https:\/\/legacymexicanart.com\/es_es\/product\/jarra-de-agua\/\" \/>\n<meta property=\"og:locale\" content=\"es_ES\" \/>\n<meta property=\"og:type\" content=\"article\" \/>\n<meta property=\"og:title\" content=\"Jarra de Agua &#187;\" \/>\n<meta property=\"og:description\" content=\"Jarra de cobre martillado a mano acabado brillante, hecha por artesanos de santa clara del cobre. Es una pieza hermosa y elegante.\" \/>\n<meta property=\"og:url\" content=\"https:\/\/legacymexicanart.com\/es_es\/product\/jarra-de-agua\/\" \/>\n<meta property=\"article:modified_time\" content=\"2025-07-02T20:53:31+00:00\" \/>\n<meta property=\"og:image\" content=\"https:\/\/legacymexicanart.com\/wp-content\/uploads\/2021\/09\/Jarra-de-cobre.png\" \/>\n\t<meta property=\"og:image:width\" content=\"1079\" \/>\n\t<meta property=\"og:image:height\" content=\"1031\" \/>\n\t<meta property=\"og:image:type\" content=\"image\/png\" \/>\n<meta name=\"twitter:card\" content=\"summary_large_image\" \/>\n<meta name=\"twitter:label1\" content=\"Tiempo de lectura\" \/>\n\t<meta name=\"twitter:data1\" content=\"2 minutos\" \/>\n<script type=\"application\/ld+json\" class=\"yoast-schema-graph\">{\"@context\":\"https:\/\/schema.org\",\"@graph\":[{\"@type\":\"WebPage\",\"@id\":\"https:\/\/legacymexicanart.com\/product\/jarra-de-agua\/\",\"url\":\"https:\/\/legacymexicanart.com\/product\/jarra-de-agua\/\",\"name\":\"Jarra de Agua &#187;\",\"isPartOf\":{\"@id\":\"https:\/\/legacymexicanart.com\/#website\"},\"primaryImageOfPage\":{\"@id\":\"https:\/\/legacymexicanart.com\/product\/jarra-de-agua\/#primaryimage\"},\"image\":{\"@id\":\"https:\/\/legacymexicanart.com\/product\/jarra-de-agua\/#primaryimage\"},\"thumbnailUrl\":\"https:\/\/legacymexicanart.com\/wp-content\/uploads\/2021\/09\/Jarra-de-cobre.png\",\"datePublished\":\"2021-09-03T00:57:18+00:00\",\"dateModified\":\"2025-07-02T20:53:31+00:00\",\"description\":\"Jarra de cobre martillado a mano acabado brillante, hecha por artesanos de santa clara del cobre. Es una pieza hermosa y elegante.\",\"breadcrumb\":{\"@id\":\"https:\/\/legacymexicanart.com\/product\/jarra-de-agua\/#breadcrumb\"},\"inLanguage\":\"es\",\"potentialAction\":[{\"@type\":\"ReadAction\",\"target\":[\"https:\/\/legacymexicanart.com\/product\/jarra-de-agua\/\"]}]},{\"@type\":\"ImageObject\",\"inLanguage\":\"es\",\"@id\":\"https:\/\/legacymexicanart.com\/product\/jarra-de-agua\/#primaryimage\",\"url\":\"https:\/\/legacymexicanart.com\/wp-content\/uploads\/2021\/09\/Jarra-de-cobre.png\",\"contentUrl\":\"https:\/\/legacymexicanart.com\/wp-content\/uploads\/2021\/09\/Jarra-de-cobre.png\",\"width\":1079,\"height\":1031},{\"@type\":\"BreadcrumbList\",\"@id\":\"https:\/\/legacymexicanart.com\/product\/jarra-de-agua\/#breadcrumb\",\"itemListElement\":[{\"@type\":\"ListItem\",\"position\":1,\"name\":\"Portada\",\"item\":\"https:\/\/legacymexicanart.com\/\"},{\"@type\":\"ListItem\",\"position\":2,\"name\":\"Shop\",\"item\":\"https:\/\/legacymexicanart.com\/es_es\/shop\/\"},{\"@type\":\"ListItem\",\"position\":3,\"name\":\"Jarra de Agua\"}]},{\"@type\":\"WebSite\",\"@id\":\"https:\/\/legacymexicanart.com\/#website\",\"url\":\"https:\/\/legacymexicanart.com\/\",\"name\":\"\",\"description\":\"Legacy Mexican Art\",\"publisher\":{\"@id\":\"https:\/\/legacymexicanart.com\/#organization\"},\"potentialAction\":[{\"@type\":\"SearchAction\",\"target\":{\"@type\":\"EntryPoint\",\"urlTemplate\":\"https:\/\/legacymexicanart.com\/?s={search_term_string}\"},\"query-input\":\"required name=search_term_string\"}],\"inLanguage\":\"es\"},{\"@type\":\"Organization\",\"@id\":\"https:\/\/legacymexicanart.com\/#organization\",\"name\":\"Legacy Mexican Art\",\"url\":\"https:\/\/legacymexicanart.com\/\",\"logo\":{\"@type\":\"ImageObject\",\"inLanguage\":\"es\",\"@id\":\"https:\/\/legacymexicanart.com\/#\/schema\/logo\/image\/\",\"url\":\"\",\"contentUrl\":\"\",\"caption\":\"Legacy Mexican Art\"},\"image\":{\"@id\":\"https:\/\/legacymexicanart.com\/#\/schema\/logo\/image\/\"}}]}<\/script>\n<!-- \/ Yoast SEO plugin. -->","yoast_head_json":{"title":"Jarra de Agua &#187;","description":"Jarra de cobre martillado a mano acabado brillante, hecha por artesanos de santa clara del cobre. Es una pieza hermosa y elegante.","robots":{"index":"index","follow":"follow","max-snippet":"max-snippet:-1","max-image-preview":"max-image-preview:large","max-video-preview":"max-video-preview:-1"},"canonical":"https:\/\/legacymexicanart.com\/es_es\/product\/jarra-de-agua\/","og_locale":"es_ES","og_type":"article","og_title":"Jarra de Agua &#187;","og_description":"Jarra de cobre martillado a mano acabado brillante, hecha por artesanos de santa clara del cobre. Es una pieza hermosa y elegante.","og_url":"https:\/\/legacymexicanart.com\/es_es\/product\/jarra-de-agua\/","article_modified_time":"2025-07-02T20:53:31+00:00","og_image":[{"width":1079,"height":1031,"url":"https:\/\/legacymexicanart.com\/wp-content\/uploads\/2021\/09\/Jarra-de-cobre.png","type":"image\/png"}],"twitter_card":"summary_large_image","twitter_misc":{"Tiempo de lectura":"2 minutos"},"schema":{"@context":"https:\/\/schema.org","@graph":[{"@type":"WebPage","@id":"https:\/\/legacymexicanart.com\/product\/jarra-de-agua\/","url":"https:\/\/legacymexicanart.com\/product\/jarra-de-agua\/","name":"Jarra de Agua &#187;","isPartOf":{"@id":"https:\/\/legacymexicanart.com\/#website"},"primaryImageOfPage":{"@id":"https:\/\/legacymexicanart.com\/product\/jarra-de-agua\/#primaryimage"},"image":{"@id":"https:\/\/legacymexicanart.com\/product\/jarra-de-agua\/#primaryimage"},"thumbnailUrl":"https:\/\/legacymexicanart.com\/wp-content\/uploads\/2021\/09\/Jarra-de-cobre.png","datePublished":"2021-09-03T00:57:18+00:00","dateModified":"2025-07-02T20:53:31+00:00","description":"Jarra de cobre martillado a mano acabado brillante, hecha por artesanos de santa clara del cobre. Es una pieza hermosa y elegante.","breadcrumb":{"@id":"https:\/\/legacymexicanart.com\/product\/jarra-de-agua\/#breadcrumb"},"inLanguage":"es","potentialAction":[{"@type":"ReadAction","target":["https:\/\/legacymexicanart.com\/product\/jarra-de-agua\/"]}]},{"@type":"ImageObject","inLanguage":"es","@id":"https:\/\/legacymexicanart.com\/product\/jarra-de-agua\/#primaryimage","url":"https:\/\/legacymexicanart.com\/wp-content\/uploads\/2021\/09\/Jarra-de-cobre.png","contentUrl":"https:\/\/legacymexicanart.com\/wp-content\/uploads\/2021\/09\/Jarra-de-cobre.png","width":1079,"height":1031},{"@type":"BreadcrumbList","@id":"https:\/\/legacymexicanart.com\/product\/jarra-de-agua\/#breadcrumb","itemListElement":[{"@type":"ListItem","position":1,"name":"Portada","item":"https:\/\/legacymexicanart.com\/"},{"@type":"ListItem","position":2,"name":"Shop","item":"https:\/\/legacymexicanart.com\/es_es\/shop\/"},{"@type":"ListItem","position":3,"name":"Jarra de Agua"}]},{"@type":"WebSite","@id":"https:\/\/legacymexicanart.com\/#website","url":"https:\/\/legacymexicanart.com\/","name":"","description":"Legacy Mexican Art","publisher":{"@id":"https:\/\/legacymexicanart.com\/#organization"},"potentialAction":[{"@type":"SearchAction","target":{"@type":"EntryPoint","urlTemplate":"https:\/\/legacymexicanart.com\/?s={search_term_string}"},"query-input":"required name=search_term_string"}],"inLanguage":"es"},{"@type":"Organization","@id":"https:\/\/legacymexicanart.com\/#organization","name":"Legacy Mexican Art","url":"https:\/\/legacymexicanart.com\/","logo":{"@type":"ImageObject","inLanguage":"es","@id":"https:\/\/legacymexicanart.com\/#\/schema\/logo\/image\/","url":"","contentUrl":"","caption":"Legacy Mexican Art"},"image":{"@id":"https:\/\/legacymexicanart.com\/#\/schema\/logo\/image\/"}}]}},"_links":{"self":[{"href":"https:\/\/legacymexicanart.com\/es_es\/wp-json\/wp\/v2\/product\/985"}],"collection":[{"href":"https:\/\/legacymexicanart.com\/es_es\/wp-json\/wp\/v2\/product"}],"about":[{"href":"https:\/\/legacymexicanart.com\/es_es\/wp-json\/wp\/v2\/types\/product"}],"replies":[{"embeddable":true,"href":"https:\/\/legacymexicanart.com\/es_es\/wp-json\/wp\/v2\/comments?post=985"}],"wp:featuredmedia":[{"embeddable":true,"href":"https:\/\/legacymexicanart.com\/es_es\/wp-json\/wp\/v2\/media\/1620"}],"wp:attachment":[{"href":"https:\/\/legacymexicanart.com\/es_es\/wp-json\/wp\/v2\/media?parent=985"}],"wp:term":[{"taxonomy":"product_cat","embeddable":true,"href":"https:\/\/legacymexicanart.com\/es_es\/wp-json\/wp\/v2\/product_cat?post=985"},{"taxonomy":"product_tag","embeddable":true,"href":"https:\/\/legacymexicanart.com\/es_es\/wp-json\/wp\/v2\/product_tag?post=985"}],"curies":[{"name":"wp","href":"https:\/\/api.w.org\/{rel}","templated":true}]}}