{"id":997,"date":"2021-09-03T08:40:26","date_gmt":"2021-09-03T02:40:26","guid":{"rendered":"https:\/\/legacymexicanart.com\/?post_type=product&#038;p=997"},"modified":"2026-04-01T09:36:00","modified_gmt":"2026-04-01T03:36:00","slug":"tarro-cervecero","status":"publish","type":"product","link":"https:\/\/legacymexicanart.com\/es_es\/product\/tarro-cervecero\/","title":{"rendered":"Tarro Cervecero"},"content":{"rendered":"<p>Tarro cervecero de cobre s\u00f3lido martillado y hecho a mano por artesanos de Santa clara del cobre.<\/p>\n<p>Intensifica y mant\u00e9n la temperatura de tus bebidas bebidas favoritas con este tarro cervecero hecho de cobre puro. Env\u00edo incluido en todo M\u00e9xico.<\/p>\n<p>Capacidad <strong>500 ML<\/strong><\/p>\n<p>Di\u00e1m. 9 x H. 10 cm.<\/p>\n<p>Artesano: Ismael Garc\u00eda<\/p>\n<p>Cuidados y limpieza:<\/p>\n<p>Para su comodidad nosotros ya nos encargamos de curar el tarro cervecero de cobre. Para empezar a usarlo \u00fanicamente lavar por dentro con un detergente lavavajillas, utilizando una esponja suave, enjuaga y seca perfectamente. El cobre puro se puede oxidar con el tiempo, pero no te preocupes esto es normal por la naturaleza del material, para devolverle su aspecto brillante y sin manchas puedes utilizar la crema Brasso para limpiar y posteriormente lavarlo normalmente.<\/p>\n<p>Para los terminados especiales que son turquesa o grafito \u00fanicamente la parte exterior se enjuaga con agua y se seca con un pa\u00f1o seco, no tallar ni utilizar jabones abrasivos para estos acabados.<\/p>\n<p>Legado de Santa Clara del Cobre:<\/p>\n<p>Con la llegada de los Franciscanos aproximadamente en 1525, en este lugar se aprecian las ense\u00f1anzas de Don Vasco de Quiroga primer obispo de Michoac\u00e1n.<\/p>\n<p>Fue \u00e9l qui\u00e9n fusion\u00f3 el conocimiento artesanal prehisp\u00e1nico con las t\u00e9cnicas espa\u00f1olas como es el cincelado.<\/p>\n<p>Desde la \u00e9poca colonial, este pintoresco pueblo es cuna de maestros artesanos que crean con sus manos verdaderas obras de arte. Siguiendo una tradici\u00f3n que va de generaci\u00f3n en generaci\u00f3n.<\/p>\n<p><a href=\"https:\/\/www.instagram.com\/p\/CUNz8-Ft92j\/\">https:\/\/www.instagram.com\/p\/CUNz8-Ft92j\/<\/a><\/p>\n<p>&nbsp;<\/p>\n<p>&nbsp;<\/p>\n<p>&nbsp;<\/p>\n<p>&nbsp;<\/p>\n","protected":false},"excerpt":{"rendered":"<p><a href=\"mailto:contact@legacymexicanart.com?Subject=Mas%20info%20sku%20SCCIG020%20\" target=\"_blank\" rel=\"noopener\"><br \/>\n<img decoding=\"async\" src=\"https:\/\/legacymexicanart.com\/wp-content\/uploads\/2021\/10\/email-Design.svg\" \/> M\u00e1s informaci\u00f3n del producto<br \/>\n<\/a><\/p>\n<p><em><strong>Env\u00edo incluido a todo M\u00e9xico.<\/strong><\/em><\/p>\n","protected":false},"featured_media":1603,"comment_status":"open","ping_status":"closed","template":"","meta":[],"product_cat":[18,190,17],"product_tag":[320,326,327,83,94,324,311,323,322,321,253,254,139,68,308,309,234,313,99,317,147,319,310,312,236,314,121,318,316,325,252,315,306,138,307],"yoast_head":"<!-- This site is optimized with the Yoast SEO plugin v22.6 - https:\/\/yoast.com\/wordpress\/plugins\/seo\/ -->\n<title>Tarro Cervecero &#187;<\/title>\n<meta name=\"description\" content=\"Tarro cervecero de cobre s\u00f3lido martillado y hecho a mano. Intensifica el sabor y mant\u00e9n la temperatura de tus bebidas favoritas.\" \/>\n<meta name=\"robots\" content=\"index, follow, max-snippet:-1, max-image-preview:large, max-video-preview:-1\" \/>\n<link rel=\"canonical\" href=\"https:\/\/legacymexicanart.com\/es_es\/product\/tarro-cervecero\/\" \/>\n<meta property=\"og:locale\" content=\"es_ES\" \/>\n<meta property=\"og:type\" content=\"article\" \/>\n<meta property=\"og:title\" content=\"Tarro Cervecero &#187;\" \/>\n<meta property=\"og:description\" content=\"Tarro cervecero de cobre s\u00f3lido martillado y hecho a mano. Intensifica el sabor y mant\u00e9n la temperatura de tus bebidas favoritas.\" \/>\n<meta property=\"og:url\" content=\"https:\/\/legacymexicanart.com\/es_es\/product\/tarro-cervecero\/\" \/>\n<meta property=\"article:modified_time\" content=\"2026-04-01T03:36:00+00:00\" \/>\n<meta property=\"og:image\" content=\"https:\/\/legacymexicanart.com\/wp-content\/uploads\/2021\/09\/Tarro-cervecero.png\" \/>\n\t<meta property=\"og:image:width\" content=\"1044\" \/>\n\t<meta property=\"og:image:height\" content=\"881\" \/>\n\t<meta property=\"og:image:type\" content=\"image\/png\" \/>\n<meta name=\"twitter:card\" content=\"summary_large_image\" \/>\n<meta name=\"twitter:label1\" content=\"Tiempo de lectura\" \/>\n\t<meta name=\"twitter:data1\" content=\"1 minuto\" \/>\n<script type=\"application\/ld+json\" class=\"yoast-schema-graph\">{\"@context\":\"https:\/\/schema.org\",\"@graph\":[{\"@type\":\"WebPage\",\"@id\":\"https:\/\/legacymexicanart.com\/product\/tarro-cervecero\/\",\"url\":\"https:\/\/legacymexicanart.com\/product\/tarro-cervecero\/\",\"name\":\"Tarro Cervecero &#187;\",\"isPartOf\":{\"@id\":\"https:\/\/legacymexicanart.com\/#website\"},\"primaryImageOfPage\":{\"@id\":\"https:\/\/legacymexicanart.com\/product\/tarro-cervecero\/#primaryimage\"},\"image\":{\"@id\":\"https:\/\/legacymexicanart.com\/product\/tarro-cervecero\/#primaryimage\"},\"thumbnailUrl\":\"https:\/\/legacymexicanart.com\/wp-content\/uploads\/2021\/09\/Tarro-cervecero.png\",\"datePublished\":\"2021-09-03T02:40:26+00:00\",\"dateModified\":\"2026-04-01T03:36:00+00:00\",\"description\":\"Tarro cervecero de cobre s\u00f3lido martillado y hecho a mano. Intensifica el sabor y mant\u00e9n la temperatura de tus bebidas favoritas.\",\"breadcrumb\":{\"@id\":\"https:\/\/legacymexicanart.com\/product\/tarro-cervecero\/#breadcrumb\"},\"inLanguage\":\"es\",\"potentialAction\":[{\"@type\":\"ReadAction\",\"target\":[\"https:\/\/legacymexicanart.com\/product\/tarro-cervecero\/\"]}]},{\"@type\":\"ImageObject\",\"inLanguage\":\"es\",\"@id\":\"https:\/\/legacymexicanart.com\/product\/tarro-cervecero\/#primaryimage\",\"url\":\"https:\/\/legacymexicanart.com\/wp-content\/uploads\/2021\/09\/Tarro-cervecero.png\",\"contentUrl\":\"https:\/\/legacymexicanart.com\/wp-content\/uploads\/2021\/09\/Tarro-cervecero.png\",\"width\":1044,\"height\":881},{\"@type\":\"BreadcrumbList\",\"@id\":\"https:\/\/legacymexicanart.com\/product\/tarro-cervecero\/#breadcrumb\",\"itemListElement\":[{\"@type\":\"ListItem\",\"position\":1,\"name\":\"Portada\",\"item\":\"https:\/\/legacymexicanart.com\/\"},{\"@type\":\"ListItem\",\"position\":2,\"name\":\"Shop\",\"item\":\"https:\/\/legacymexicanart.com\/es_es\/shop\/\"},{\"@type\":\"ListItem\",\"position\":3,\"name\":\"Tarro Cervecero\"}]},{\"@type\":\"WebSite\",\"@id\":\"https:\/\/legacymexicanart.com\/#website\",\"url\":\"https:\/\/legacymexicanart.com\/\",\"name\":\"\",\"description\":\"Legacy Mexican Art\",\"publisher\":{\"@id\":\"https:\/\/legacymexicanart.com\/#organization\"},\"potentialAction\":[{\"@type\":\"SearchAction\",\"target\":{\"@type\":\"EntryPoint\",\"urlTemplate\":\"https:\/\/legacymexicanart.com\/?s={search_term_string}\"},\"query-input\":\"required name=search_term_string\"}],\"inLanguage\":\"es\"},{\"@type\":\"Organization\",\"@id\":\"https:\/\/legacymexicanart.com\/#organization\",\"name\":\"Legacy Mexican Art\",\"url\":\"https:\/\/legacymexicanart.com\/\",\"logo\":{\"@type\":\"ImageObject\",\"inLanguage\":\"es\",\"@id\":\"https:\/\/legacymexicanart.com\/#\/schema\/logo\/image\/\",\"url\":\"\",\"contentUrl\":\"\",\"caption\":\"Legacy Mexican Art\"},\"image\":{\"@id\":\"https:\/\/legacymexicanart.com\/#\/schema\/logo\/image\/\"}}]}<\/script>\n<!-- \/ Yoast SEO plugin. -->","yoast_head_json":{"title":"Tarro Cervecero &#187;","description":"Tarro cervecero de cobre s\u00f3lido martillado y hecho a mano. Intensifica el sabor y mant\u00e9n la temperatura de tus bebidas favoritas.","robots":{"index":"index","follow":"follow","max-snippet":"max-snippet:-1","max-image-preview":"max-image-preview:large","max-video-preview":"max-video-preview:-1"},"canonical":"https:\/\/legacymexicanart.com\/es_es\/product\/tarro-cervecero\/","og_locale":"es_ES","og_type":"article","og_title":"Tarro Cervecero &#187;","og_description":"Tarro cervecero de cobre s\u00f3lido martillado y hecho a mano. Intensifica el sabor y mant\u00e9n la temperatura de tus bebidas favoritas.","og_url":"https:\/\/legacymexicanart.com\/es_es\/product\/tarro-cervecero\/","article_modified_time":"2026-04-01T03:36:00+00:00","og_image":[{"width":1044,"height":881,"url":"https:\/\/legacymexicanart.com\/wp-content\/uploads\/2021\/09\/Tarro-cervecero.png","type":"image\/png"}],"twitter_card":"summary_large_image","twitter_misc":{"Tiempo de lectura":"1 minuto"},"schema":{"@context":"https:\/\/schema.org","@graph":[{"@type":"WebPage","@id":"https:\/\/legacymexicanart.com\/product\/tarro-cervecero\/","url":"https:\/\/legacymexicanart.com\/product\/tarro-cervecero\/","name":"Tarro Cervecero &#187;","isPartOf":{"@id":"https:\/\/legacymexicanart.com\/#website"},"primaryImageOfPage":{"@id":"https:\/\/legacymexicanart.com\/product\/tarro-cervecero\/#primaryimage"},"image":{"@id":"https:\/\/legacymexicanart.com\/product\/tarro-cervecero\/#primaryimage"},"thumbnailUrl":"https:\/\/legacymexicanart.com\/wp-content\/uploads\/2021\/09\/Tarro-cervecero.png","datePublished":"2021-09-03T02:40:26+00:00","dateModified":"2026-04-01T03:36:00+00:00","description":"Tarro cervecero de cobre s\u00f3lido martillado y hecho a mano. Intensifica el sabor y mant\u00e9n la temperatura de tus bebidas favoritas.","breadcrumb":{"@id":"https:\/\/legacymexicanart.com\/product\/tarro-cervecero\/#breadcrumb"},"inLanguage":"es","potentialAction":[{"@type":"ReadAction","target":["https:\/\/legacymexicanart.com\/product\/tarro-cervecero\/"]}]},{"@type":"ImageObject","inLanguage":"es","@id":"https:\/\/legacymexicanart.com\/product\/tarro-cervecero\/#primaryimage","url":"https:\/\/legacymexicanart.com\/wp-content\/uploads\/2021\/09\/Tarro-cervecero.png","contentUrl":"https:\/\/legacymexicanart.com\/wp-content\/uploads\/2021\/09\/Tarro-cervecero.png","width":1044,"height":881},{"@type":"BreadcrumbList","@id":"https:\/\/legacymexicanart.com\/product\/tarro-cervecero\/#breadcrumb","itemListElement":[{"@type":"ListItem","position":1,"name":"Portada","item":"https:\/\/legacymexicanart.com\/"},{"@type":"ListItem","position":2,"name":"Shop","item":"https:\/\/legacymexicanart.com\/es_es\/shop\/"},{"@type":"ListItem","position":3,"name":"Tarro Cervecero"}]},{"@type":"WebSite","@id":"https:\/\/legacymexicanart.com\/#website","url":"https:\/\/legacymexicanart.com\/","name":"","description":"Legacy Mexican Art","publisher":{"@id":"https:\/\/legacymexicanart.com\/#organization"},"potentialAction":[{"@type":"SearchAction","target":{"@type":"EntryPoint","urlTemplate":"https:\/\/legacymexicanart.com\/?s={search_term_string}"},"query-input":"required name=search_term_string"}],"inLanguage":"es"},{"@type":"Organization","@id":"https:\/\/legacymexicanart.com\/#organization","name":"Legacy Mexican Art","url":"https:\/\/legacymexicanart.com\/","logo":{"@type":"ImageObject","inLanguage":"es","@id":"https:\/\/legacymexicanart.com\/#\/schema\/logo\/image\/","url":"","contentUrl":"","caption":"Legacy Mexican Art"},"image":{"@id":"https:\/\/legacymexicanart.com\/#\/schema\/logo\/image\/"}}]}},"_links":{"self":[{"href":"https:\/\/legacymexicanart.com\/es_es\/wp-json\/wp\/v2\/product\/997"}],"collection":[{"href":"https:\/\/legacymexicanart.com\/es_es\/wp-json\/wp\/v2\/product"}],"about":[{"href":"https:\/\/legacymexicanart.com\/es_es\/wp-json\/wp\/v2\/types\/product"}],"replies":[{"embeddable":true,"href":"https:\/\/legacymexicanart.com\/es_es\/wp-json\/wp\/v2\/comments?post=997"}],"wp:featuredmedia":[{"embeddable":true,"href":"https:\/\/legacymexicanart.com\/es_es\/wp-json\/wp\/v2\/media\/1603"}],"wp:attachment":[{"href":"https:\/\/legacymexicanart.com\/es_es\/wp-json\/wp\/v2\/media?parent=997"}],"wp:term":[{"taxonomy":"product_cat","embeddable":true,"href":"https:\/\/legacymexicanart.com\/es_es\/wp-json\/wp\/v2\/product_cat?post=997"},{"taxonomy":"product_tag","embeddable":true,"href":"https:\/\/legacymexicanart.com\/es_es\/wp-json\/wp\/v2\/product_tag?post=997"}],"curies":[{"name":"wp","href":"https:\/\/api.w.org\/{rel}","templated":true}]}}